{"id":236042,"date":"2025-05-21T10:15:32","date_gmt":"2025-05-21T10:15:32","guid":{"rendered":"https:\/\/linkxa.es\/contratacion\/producto\/auriculares-hama-spirit-calypso-bluetooth-negro\/"},"modified":"2025-08-02T12:41:05","modified_gmt":"2025-08-02T12:41:05","slug":"auriculares-hama-spirit-calypso-bluetooth-negro","status":"publish","type":"product","link":"https:\/\/linkxa.es\/linkshop\/producto\/auriculares-hama-spirit-calypso-bluetooth-negro\/","title":{"rendered":"Auriculares hama spirit calypso bluetooth negro"},"content":{"rendered":"<h3 style=\"text-align: center;\"><strong>Hama\u00a0 |\u00a0 Auriculares<\/strong><\/h3>\n<p>\u00a0<\/p>\n<p>Aspectos T\u00e9cnicos<br \/>Dise\u00f1o (Color,patron,Motivos, Series) Color Negro<br \/>L\u00ednea Spirit<br \/>Linea de Producto Essential Line<br \/>Tono del Color Gris Oscuro, Negro<br \/>Conectividad (Conexi\u00f3n) Conexi\u00f3n Bluetooth<br \/>Propiedades Electroespecificas Bandas de Frecuencia 2402-2480MHz<br \/>Clase de Bluetooth Clase 2 (max. 40 m)<br \/>Distancia de transmisi\u00f3n 10 m<br \/>Impedancia del Micr\u00f3fono 2,2 k<br \/>Impedancia de los Auriculares 32<br \/>Para DVB-T MultiPunto<br \/>Rango de Frecuencia del Micr\u00f3fono 100 Hz &#8211; 10 kHz<br \/>Rango de Frecuencia de los Auriculares 20 Hz &#8211; 20 kHz<br \/>Versi\u00f3n de Bluetooth 5.0 + EDR<br \/>WBCV 75mV<br \/>Propiedades fisicas Asistente de voz Apple Siri\/Asistente de Google<br \/>Caracter\u00edstica especial D\u00faplex, Plegable<br \/>Caracter\u00edsticas Direccionales del Micr\u00f3fono Omnidireccional<br \/>Funciones Adicionales Bot\u00f3n de respuesta, Control de volumen, Extra Bass Boost, QuickPair<br \/>M\u00e1x. Tiempo de Conversaci\u00f3n 36 h<br \/>M\u00e1x. Tiempo de Espera 4320 h<br \/>Max. Tiempo de m\u00fasica 38 h<br \/>Modelo Est\u00e9reo<br \/>Perfiles Bluetooth compatibles A2DP V1.3\/AVRCP V1.5\/HFP V1.6\/HSP<br \/>Posici\u00f3n del Micr\u00f3fono Micr\u00f3fono Integrado<br \/>Sensibilidad del Micr\u00f3fono -42 dB<br \/>Sensibilidad de los Auriculares 100 dB<br \/>Tipo Sobre la Oreja<br \/>Tipo Auricular Bluetooth<br \/>Medida&#038;amp,Peso Peso 180 g<br \/>Energia M\u00e9todo de carga Enchufe Micro USB<br \/>Tiempo de Carga en Horas 2,5 h<\/p>\n<p>M\u00e1s detalles del producto<\/p>\n<p>Auriculares est\u00e9reo Bluetooth para disfrutar de la m\u00fasica de forma inal\u00e1mbrica<br \/>Tiempo de m\u00fasica: hasta 38h con auriculares completamente cargados<br \/>Tiempo de conversaci\u00f3n: hasta 36 h con auriculares completamente cargados<br \/>Control de volumen directamente en los auriculares<br \/>Reproducci\u00f3n de audio a trav\u00e9s de Bluetooth o cable de audio<br \/>Funciones de control de m\u00fasica (reproducir \/ pausar)<br \/>La funciones del tel\u00e9fono se pueden controlar mediante un bot\u00f3n multifunci\u00f3n (por ejemplo, aceptar \/ rechazar \/ finalizar llamadas \/ volver a marcar el \u00faltimo n\u00famero)<br \/>F\u00e1cil uso de los auriculares gracias a la informaci\u00f3n de voz, p. Ej. anuncio cuando el nivel de la bater\u00eda es bajo<\/p>\n<p>\u00a0<\/p>\n","protected":false},"excerpt":{"rendered":"<p>Auriculares hama spirit calypso bluetooth negro<\/p>\n","protected":false},"featured_media":236043,"comment_status":"closed","ping_status":"open","template":"","meta":{"_et_pb_use_builder":"","_et_pb_old_content":"","_et_gb_content_width":""},"product_brand":[2407],"product_cat":[2799,2800,2058],"product_tag":[2803,2804,3259,2068,2408],"class_list":{"0":"post-236042","1":"product","2":"type-product","3":"status-publish","4":"has-post-thumbnail","6":"product_brand-hama","7":"product_cat-altavoces-mp3-y-auriculares","8":"product_cat-auriculares","9":"product_cat-dispositivos","10":"product_tag-altavoces-mp3-y-auriculares","11":"product_tag-auriculares","12":"product_tag-auriculares-hama-spirit-calypso-bluetooth-negro","13":"product_tag-dispositivos","14":"product_tag-hama","15":"product_shipping_class-2088","16":"pa_canon-digital-incluida-0-e-incluidos","18":"first","19":"instock","20":"taxable","21":"shipping-taxable","22":"purchasable","23":"product-type-simple"},"_links":{"self":[{"href":"https:\/\/linkxa.es\/linkshop\/wp-json\/wp\/v2\/product\/236042","targetHints":{"allow":["GET"]}}],"collection":[{"href":"https:\/\/linkxa.es\/linkshop\/wp-json\/wp\/v2\/product"}],"about":[{"href":"https:\/\/linkxa.es\/linkshop\/wp-json\/wp\/v2\/types\/product"}],"replies":[{"embeddable":true,"href":"https:\/\/linkxa.es\/linkshop\/wp-json\/wp\/v2\/comments?post=236042"}],"wp:featuredmedia":[{"embeddable":true,"href":"https:\/\/linkxa.es\/linkshop\/wp-json\/wp\/v2\/media\/236043"}],"wp:attachment":[{"href":"https:\/\/linkxa.es\/linkshop\/wp-json\/wp\/v2\/media?parent=236042"}],"wp:term":[{"taxonomy":"product_brand","embeddable":true,"href":"https:\/\/linkxa.es\/linkshop\/wp-json\/wp\/v2\/product_brand?post=236042"},{"taxonomy":"product_cat","embeddable":true,"href":"https:\/\/linkxa.es\/linkshop\/wp-json\/wp\/v2\/product_cat?post=236042"},{"taxonomy":"product_tag","embeddable":true,"href":"https:\/\/linkxa.es\/linkshop\/wp-json\/wp\/v2\/product_tag?post=236042"}],"curies":[{"name":"wp","href":"https:\/\/api.w.org\/{rel}","templated":true}]}}