{"id":236153,"date":"2025-07-16T17:05:02","date_gmt":"2025-07-16T17:05:02","guid":{"rendered":"https:\/\/linkxa.es\/contratacion\/producto\/nano-adaptador-phoenix-receptor-de-red\/"},"modified":"2025-08-02T16:37:43","modified_gmt":"2025-08-02T16:37:43","slug":"nano-adaptador-phoenix-receptor-de-red","status":"publish","type":"product","link":"https:\/\/linkxa.es\/linkshop\/producto\/nano-adaptador-phoenix-receptor-de-red\/","title":{"rendered":"Nano adaptador phoenix receptor de red"},"content":{"rendered":"<h3 style=\"text-align: center;\"><strong>Phoenix technologies\u00a0 |\u00a0 Adaptadores usb red<\/strong><\/h3>\n<p>\u00a0<\/p>\n<p>Adaptador Phoenix Wi-Fi USB 650Mbps con chip RTL8821CU y Bluetooth 4.2: Conexi\u00f3n inal\u00e1mbrica ultra r\u00e1pida y sin complicaciones. Disfruta de una navegaci\u00f3n web fluida, streaming de video sin<br \/>interrupciones y juegos en l\u00ednea sin lag gracias a este adaptador USB de alta velocidad. Con tecnolog\u00eda de doble banda y antena interna, ofrece una conexi\u00f3n estable y de largo alcance.<br \/>Nano receptor Wifi compatible con Windows 7 en adelante y sin necesidad de instalar drivers.<br \/>Velocidad y rendimiento: Conexi\u00f3n inal\u00e1mbrica Dual Band 2.4Ghz (200 Mbps) y 5Ghz (433Mbps)<br \/>Facilidad de uso: Un tama\u00f1o compacto y conexi\u00f3n USB para una f\u00e1cil instalaci\u00f3n Plug &#038; Play<br \/>Compatibilidad: Sin necesidad de drivers Windows 7 \/ 8 \/ 10 \/ 11<br \/>Calidad y fiabilidad: Conexi\u00f3n estable y de largo alcance<\/p>\n<p>Est\u00e1ndares de red: 802.11ac\/a\/b\/g\/n<br \/>Chipset: Realtek RTL8821CU<br \/>Interface: USB2.0 Conector de alta velocidad \/ Bluetooth 4.2<br \/>Velocidad inal\u00e1mbrica: 11n (2.4Ghz) hasta 200 Mbps \/ AC (5.8Ghz) hasta 433 Mbps<br \/>Potencia antena: 2dB<br \/>Rango de frecuencia: 2.4Ghz &#038; 5.8Ghz<br \/>Potencia de transmisi\u00f3n inal\u00e1mbrica: 20dBm (Max EIRP)<br \/>T\u00e9cnica de modulaci\u00f3n: OFDM\/CCK\/16-QAM\/64-QAM<br \/>Modo trabajo: Ad-Hoc \/ Infrastructure<br \/>Seguridad Inal\u00e1mbrica: 64\/128 bits WEP, WPA\/WPA2, WPA-PSK\/WPA2-PSK (TKIP\/AES)<br \/>Rango de temperatura: Funcionamiento: -20\u00baC a 70\u00baC \/ Almacenamiento: -40\u00baC a 90\u00baC<br \/>Humedad: Funcionamiento: 5% a 95% \/ Almacenamiento: Max. 90%<br \/>Sistemas operativos soportados: Windows 10, Windows 11<br \/>Tama\u00f1o: 33 x 15 x 8 mm<\/p>\n<p>\u00a0<\/p>\n","protected":false},"excerpt":{"rendered":"<p>Nano adaptador phoenix receptor de red wifi bluetooth 2 en 1 650mbps dual band<\/p>\n","protected":false},"featured_media":236154,"comment_status":"closed","ping_status":"open","template":"","meta":{"_et_pb_use_builder":"","_et_pb_old_content":"","_et_gb_content_width":""},"product_brand":[2657],"product_cat":[3266,2058,3261],"product_tag":[3268,2068,3267,2658,3264],"class_list":{"0":"post-236153","1":"product","2":"type-product","3":"status-publish","4":"has-post-thumbnail","6":"product_brand-phoenix-technologies","7":"product_cat-adaptadores-usb-red","8":"product_cat-dispositivos","9":"product_cat-redes","10":"product_tag-adaptadores-usb-red","11":"product_tag-dispositivos","12":"product_tag-nano-adaptador-phoenix-receptor-de-red","13":"product_tag-phoenix-technologies","14":"product_tag-redes","15":"product_shipping_class-2088","16":"pa_canon-digital-incluida-000-e-incluidos","18":"first","19":"instock","20":"taxable","21":"shipping-taxable","22":"purchasable","23":"product-type-simple"},"_links":{"self":[{"href":"https:\/\/linkxa.es\/linkshop\/wp-json\/wp\/v2\/product\/236153","targetHints":{"allow":["GET"]}}],"collection":[{"href":"https:\/\/linkxa.es\/linkshop\/wp-json\/wp\/v2\/product"}],"about":[{"href":"https:\/\/linkxa.es\/linkshop\/wp-json\/wp\/v2\/types\/product"}],"replies":[{"embeddable":true,"href":"https:\/\/linkxa.es\/linkshop\/wp-json\/wp\/v2\/comments?post=236153"}],"wp:featuredmedia":[{"embeddable":true,"href":"https:\/\/linkxa.es\/linkshop\/wp-json\/wp\/v2\/media\/236154"}],"wp:attachment":[{"href":"https:\/\/linkxa.es\/linkshop\/wp-json\/wp\/v2\/media?parent=236153"}],"wp:term":[{"taxonomy":"product_brand","embeddable":true,"href":"https:\/\/linkxa.es\/linkshop\/wp-json\/wp\/v2\/product_brand?post=236153"},{"taxonomy":"product_cat","embeddable":true,"href":"https:\/\/linkxa.es\/linkshop\/wp-json\/wp\/v2\/product_cat?post=236153"},{"taxonomy":"product_tag","embeddable":true,"href":"https:\/\/linkxa.es\/linkshop\/wp-json\/wp\/v2\/product_tag?post=236153"}],"curies":[{"name":"wp","href":"https:\/\/api.w.org\/{rel}","templated":true}]}}