{"id":236160,"date":"2025-07-01T04:05:50","date_gmt":"2025-07-01T04:05:50","guid":{"rendered":"https:\/\/linkxa.es\/contratacion\/producto\/switch-mercusys-ms108-8-puertos-10\/"},"modified":"2025-08-02T16:38:36","modified_gmt":"2025-08-02T16:38:36","slug":"switch-mercusys-ms108-8-puertos-10","status":"publish","type":"product","link":"https:\/\/linkxa.es\/linkshop\/producto\/switch-mercusys-ms108-8-puertos-10\/","title":{"rendered":"Switch mercusys ms108 8 puertos 10"},"content":{"rendered":"<h3 style=\"text-align: center;\"><strong>Mercusys\u00a0 |\u00a0 Switch<\/strong><\/h3>\n<p>\u00a0<\/p>\n<p>Conmutador para equipos de sobremesa de 8 puertos a 10\/100Mbps<br \/>MS108<\/p>\n<p>Ocho puertos RJ45 de auto-negociaci\u00f3n de 10\/100Mbps con soporte para<br \/>auto MDI \/ MDIX<br \/>Expansi\u00f3n de la red f\u00e1cilmente cableada<br \/>Dise\u00f1o compacto para una disposici\u00f3n flexible<br \/>Configuraci\u00f3n Plug and play, sin necesidad de configuraci\u00f3n<\/p>\n<p>Medio ambiente<\/p>\n<p>Temperatura de funcionamiento: 0C~40C (32F~104F)<\/p>\n<p>Temperatura de almacenamiento: -40C~70C (-40F~158F)<\/p>\n<p>Humedad de funcionamiento: 10% ~ 90% sin condensaci\u00f3n<\/p>\n<p>Humedad de almacenamiento: 5%~90% sin condensaci\u00f3n<br \/>Dimensiones (An x Pr x Al) 127 x 60,3 x 22 mm<br \/>Fuente de alimentaci\u00f3n externa Adaptador de alimentaci\u00f3n externa<br \/>(Salida: 5.0VDC \/ 0.6A)<br \/>Interfaces 8 puertos de 10\/100Mbps, auto-negociaci\u00f3n, auto-MDI\/MDIX<br \/>Est\u00e1ndares y Protocolos<\/p>\n<p>IEEE 802.3, IEEE 802.3u, IEEE 802.3x<br \/>CSMA\/CD<br \/>Cantidad de ventiladores Fanless<br \/>Tarifas de datos<\/p>\n<p>10\/100Mbps a medio d\u00faplex<br \/>20\/200Mbps en d\u00faplex completo<br \/>Capacidad del b\u00fafer 768Kb<br \/>Marco Jumbo 2KB<br \/>Capacidad de conmutaci\u00f3n 1.6Gbps<br \/>LED Ethernet (1, 2, 3, 4, 5, 6, 7, 8), Alimentaci\u00f3n<br \/>M\u00e9todo de transferencia Almacenar y reenviar<br \/>Certificaciones CE, RoHS<br \/>Contenido del paquete<\/p>\n<p>Conmutador para equipos de sobremesa de 8 puertos a 10\/100Mbps<\/p>\n<p>MS108<\/p>\n<p>Adaptador de corriente<br \/>Gu\u00eda de instalaci\u00f3n r\u00e1pida<\/p>\n<p>\u00a0<\/p>\n","protected":false},"excerpt":{"rendered":"<p>Switch mercusys ms108 8 puertos &#8211;  10 &#8211; 100mbps &#8211;  rj45<\/p>\n","protected":false},"featured_media":236161,"comment_status":"closed","ping_status":"open","template":"","meta":{"_et_pb_use_builder":"","_et_pb_old_content":"","_et_gb_content_width":""},"product_brand":[3274],"product_cat":[2058,3261,3270],"product_tag":[2068,3275,3264,3273,3276],"class_list":{"0":"post-236160","1":"product","2":"type-product","3":"status-publish","4":"has-post-thumbnail","6":"product_brand-mercusys","7":"product_cat-dispositivos","8":"product_cat-redes","9":"product_cat-switch","10":"product_tag-dispositivos","11":"product_tag-mercusys","12":"product_tag-redes","13":"product_tag-switch","14":"product_tag-switch-mercusys-ms108-8-puertos-10","15":"product_shipping_class-2059","16":"pa_canon-digital-incluida-000-e-incluidos","18":"first","19":"instock","20":"taxable","21":"shipping-taxable","22":"purchasable","23":"product-type-simple"},"_links":{"self":[{"href":"https:\/\/linkxa.es\/linkshop\/wp-json\/wp\/v2\/product\/236160","targetHints":{"allow":["GET"]}}],"collection":[{"href":"https:\/\/linkxa.es\/linkshop\/wp-json\/wp\/v2\/product"}],"about":[{"href":"https:\/\/linkxa.es\/linkshop\/wp-json\/wp\/v2\/types\/product"}],"replies":[{"embeddable":true,"href":"https:\/\/linkxa.es\/linkshop\/wp-json\/wp\/v2\/comments?post=236160"}],"wp:featuredmedia":[{"embeddable":true,"href":"https:\/\/linkxa.es\/linkshop\/wp-json\/wp\/v2\/media\/236161"}],"wp:attachment":[{"href":"https:\/\/linkxa.es\/linkshop\/wp-json\/wp\/v2\/media?parent=236160"}],"wp:term":[{"taxonomy":"product_brand","embeddable":true,"href":"https:\/\/linkxa.es\/linkshop\/wp-json\/wp\/v2\/product_brand?post=236160"},{"taxonomy":"product_cat","embeddable":true,"href":"https:\/\/linkxa.es\/linkshop\/wp-json\/wp\/v2\/product_cat?post=236160"},{"taxonomy":"product_tag","embeddable":true,"href":"https:\/\/linkxa.es\/linkshop\/wp-json\/wp\/v2\/product_tag?post=236160"}],"curies":[{"name":"wp","href":"https:\/\/api.w.org\/{rel}","templated":true}]}}