{"id":236179,"date":"2025-03-16T02:14:21","date_gmt":"2025-03-16T02:14:21","guid":{"rendered":"https:\/\/linkxa.es\/contratacion\/producto\/repetidor-extensor-de-red-wifi-300mbps-2\/"},"modified":"2025-08-02T16:50:11","modified_gmt":"2025-08-02T16:50:11","slug":"repetidor-extensor-de-red-wifi-300mbps-2","status":"publish","type":"product","link":"https:\/\/linkxa.es\/linkshop\/producto\/repetidor-extensor-de-red-wifi-300mbps-2\/","title":{"rendered":"Repetidor extensor de red wifi 300mbps"},"content":{"rendered":"<h3 style=\"text-align: center;\"><strong>Phoenix technologies\u00a0 |\u00a0 Extensores de red<\/strong><\/h3>\n<p>\u00a0<\/p>\n<p>Olv\u00eddate de las zonas muertas de Wi-fi<br \/>Si eres de los que las ?zonas muertas? de tu WIFI no te d eja disfrutar al m\u00e1ximo de tu experiencia navegando por la red, gracias a repetidor Wi-Fi R610U con dos antenas integradas de 2dbi cada una, puedes tener red Wi-Fi en las zonas m\u00e1s afectadas por la falta de se\u00f1al y conseguir que toda tu casa o lugar de trabajo est\u00e9 en l\u00ednea. No lo pienses m\u00e1s, es la soluci\u00f3n perfecta ante muros de gran envergadura y estancias situadas lejos del router.<br \/>Ampliando tu red Wifi<br \/>Utilizando el repetidor R610U de Phoenix, incrementas la cobertura existente de tu red inal\u00e1mbrica con una velocidad de 300Mbps. Tan solo coloca el extensor dentro del alcance del router, con\u00e9ctalo con tu router inal\u00e1mbricamente, intensificando y expandiendo en \u00e1reas muertas la se\u00f1al Wi-Fi y llegando eficientemente a todos tus dispositivos como smartphones, tablets o incluso tu Smart Tv. Incorpora dos antenas para facilitar la transmisi\u00f3n de la se\u00f1al.<br \/>Funciona con cualquier router Wi-Fi est\u00e1ndar y crea conexiones de banda dual en \u00e1reas dif\u00edciles de alcanzar, lo que te permite disfrutar de cobertura inal\u00e1mbrica sin saltos a trav\u00e9s de tu hogar u oficina.<br \/>Adem\u00e1s, el puerto Ethernet del R610U permite conectar a trav\u00e9s del cable dispositivos electr\u00f3nicos como smartphones, videoconsolas, port\u00e1tiles, Smart TVs, c\u00e1maras IP, reproductores DVD, etc. para que tus dispositivos est\u00e9n siempre conectados y con una calidad superior a la ofrecida por se\u00f1al inal\u00e1mbrica.<br \/>Integra modo punto de acceso, por lo que no solo es un extensor de red WIFI, sino que te permite crear una red wifi inal\u00e1mbrica.<\/p>\n<p>\u00a0<\/p>\n","protected":false},"excerpt":{"rendered":"<p>Repetidor extensor de red wifi 300mbps phoenix phw &#8211; r610u<\/p>\n","protected":false},"featured_media":236147,"comment_status":"closed","ping_status":"open","template":"","meta":{"_et_pb_use_builder":"","_et_pb_old_content":"","_et_gb_content_width":""},"product_brand":[2657],"product_cat":[2058,3262,3261],"product_tag":[2068,3265,2658,3264,3263],"class_list":{"0":"post-236179","1":"product","2":"type-product","3":"status-publish","4":"has-post-thumbnail","6":"product_brand-phoenix-technologies","7":"product_cat-dispositivos","8":"product_cat-extensores-de-red","9":"product_cat-redes","10":"product_tag-dispositivos","11":"product_tag-extensores-de-red","12":"product_tag-phoenix-technologies","13":"product_tag-redes","14":"product_tag-repetidor-extensor-de-red-wifi-300mbps","15":"product_shipping_class-2088","16":"pa_canon-digital-incluida-000-e-incluidos","18":"first","19":"instock","20":"taxable","21":"shipping-taxable","22":"purchasable","23":"product-type-simple"},"_links":{"self":[{"href":"https:\/\/linkxa.es\/linkshop\/wp-json\/wp\/v2\/product\/236179","targetHints":{"allow":["GET"]}}],"collection":[{"href":"https:\/\/linkxa.es\/linkshop\/wp-json\/wp\/v2\/product"}],"about":[{"href":"https:\/\/linkxa.es\/linkshop\/wp-json\/wp\/v2\/types\/product"}],"replies":[{"embeddable":true,"href":"https:\/\/linkxa.es\/linkshop\/wp-json\/wp\/v2\/comments?post=236179"}],"wp:featuredmedia":[{"embeddable":true,"href":"https:\/\/linkxa.es\/linkshop\/wp-json\/wp\/v2\/media\/236147"}],"wp:attachment":[{"href":"https:\/\/linkxa.es\/linkshop\/wp-json\/wp\/v2\/media?parent=236179"}],"wp:term":[{"taxonomy":"product_brand","embeddable":true,"href":"https:\/\/linkxa.es\/linkshop\/wp-json\/wp\/v2\/product_brand?post=236179"},{"taxonomy":"product_cat","embeddable":true,"href":"https:\/\/linkxa.es\/linkshop\/wp-json\/wp\/v2\/product_cat?post=236179"},{"taxonomy":"product_tag","embeddable":true,"href":"https:\/\/linkxa.es\/linkshop\/wp-json\/wp\/v2\/product_tag?post=236179"}],"curies":[{"name":"wp","href":"https:\/\/api.w.org\/{rel}","templated":true}]}}