{"id":236184,"date":"2025-02-26T06:52:42","date_gmt":"2025-02-26T06:52:42","guid":{"rendered":"https:\/\/linkxa.es\/contratacion\/producto\/switch-8-puertos-10-100-100-2\/"},"modified":"2025-08-02T16:51:56","modified_gmt":"2025-08-02T16:51:56","slug":"switch-8-puertos-10-100-100-2","status":"publish","type":"product","link":"https:\/\/linkxa.es\/linkshop\/producto\/switch-8-puertos-10-100-100-2\/","title":{"rendered":"Switch 8 puertos 10 100 100"},"content":{"rendered":"<h3 style=\"text-align: center;\"><strong>D &#8211; link\u00a0 |\u00a0 Switch<\/strong><\/h3>\n<p>\u00a0<\/p>\n<p>El enrutador de sobremesa GO-SW-8G Gigabit Easy de 8 puertos forma parte del nuevo D-Links serie de dispositivos SOHO que utilizan la tecnolog\u00eda ecol\u00f3gica D-Links, proporcionando, Ahorro de energ\u00eda, calor reducido y una vida \u00fatil m\u00e1s larga del producto sin sacrificar rendimiento o funcionalidad. Proporciona 8 puertos Gigabit para una f\u00e1cil expansi\u00f3n de su red y una forma r\u00e1pida de actualizar su red a Gigabit<\/p>\n<p>Conectividad Un adaptador de corriente de bajo consumo (calificado Energy Star Nivel VI), minimiza el uso de sustancias nocivas (compatible con RoHS) y reciclable. El embalaje hace que este interruptor sea verdaderamente respetuoso con el medio ambiente.<\/p>\n<p>CARACTER\u00cdSTICAS<\/p>\n<p>Conexi\u00f3n en red r\u00e1pida y confiable: El conmutador de escritorio f\u00e1cil D-Link GO-SW-8G de 8 puertos Gigabit crea una red r\u00e1pida para su oficina, ya que sus puertos Gigabit Ethernet proporcionan alta velocidad conexiones cableadas para hasta ocho PC u otros dispositivos. El GO-SW-8G tambi\u00e9n cuenta con QoS, que prioriza el tr\u00e1fico de red para que los datos sensibles al tiempo sean entregado de manera eficiente, incluso durante r\u00e1fagas de alto tr\u00e1fico de datos. Finalmente, conecte y la compatibilidad con el juego hace que la configuraci\u00f3n sea muy sencilla.<br \/>Guarda energ\u00eda: El conmutador de sobremesa Easy Gigabit de 8 puertos le ayuda a ahorrar energ\u00eda autom\u00e1ticamente a trav\u00e9s de varios m\u00e9todos. El conmutador es compatible con IEEE 802.3az Ethernet de eficiencia energ\u00e9tica (EEE) que reduce el consumo de energ\u00eda durante per\u00edodos de baja actividad de datos y proceder\u00e1 a poner el puerto no utilizado en suspensi\u00f3n modo, ahorrando una cantidad sustancial de energ\u00eda. Tambi\u00e9n ajusta la cantidad de alimentaci\u00f3n suministrada a un puerto de acuerdo con la longitud de la Ethernet conectada cable.<br \/>Amigable con el medio ambiente: El conmutador de escritorio Easy Gigabit de 8 puertos se dise\u00f1\u00f3 teniendo en cuenta el entorno mente y cumple con Energy Star Nivel VI, as\u00ed como con las estrictas Regulaciones CEC y MEPS que requieren el uso de energ\u00eda eficiente adaptadores. El conmutador tambi\u00e9n est\u00e1 construido para seguir los est\u00e1ndares RoHS para minimizar el uso de materiales peligrosos y utiliza envases reciclables que ayudan a reducir los residuos, cumpliendo con la directiva WEEE.<\/p>\n<p>ESPECIFICACIONES Gigabit GO-SW-8G<\/p>\n<p>Numero de puertos: 5 a 14 puertos<br \/>Tipo principal de puertos: Gigabit Ethernet 1000BASE-T<br \/>Capacidad de conmutaci\u00f3n: 16 Gbps<br \/>Sin ventilador<br \/>D-Link verde<br \/>Compatibilidad con Ethernet de bajo consumo de energ\u00eda 802.3az<br \/>Factor de forma: Escritorio<br \/>Material: Pl\u00e1stico<br \/>Marco gigante<br \/>Direcci\u00f3n MAC: 4K<\/p>\n<p>Comprar Gigabit GO-SW-8G<\/p>\n<p>\u00a0<\/p>\n","protected":false},"excerpt":{"rendered":"<p>Switch 8 puertos 10 &#8211; 100 &#8211; 100 go &#8211; sw &#8211; 8g d &#8211; link<\/p>\n","protected":false},"featured_media":236165,"comment_status":"closed","ping_status":"open","template":"","meta":{"_et_pb_use_builder":"","_et_pb_old_content":"","_et_gb_content_width":""},"product_brand":[3269],"product_cat":[2058,3261,3270],"product_tag":[3271,2068,3264,3273,3278],"class_list":{"0":"post-236184","1":"product","2":"type-product","3":"status-publish","4":"has-post-thumbnail","6":"product_brand-d-link","7":"product_cat-dispositivos","8":"product_cat-redes","9":"product_cat-switch","10":"product_tag-d-link","11":"product_tag-dispositivos","12":"product_tag-redes","13":"product_tag-switch","14":"product_tag-switch-8-puertos-10-100-100","15":"product_shipping_class-2059","16":"pa_canon-digital-incluida-000-e-incluidos","18":"first","19":"instock","20":"taxable","21":"shipping-taxable","22":"purchasable","23":"product-type-simple"},"_links":{"self":[{"href":"https:\/\/linkxa.es\/linkshop\/wp-json\/wp\/v2\/product\/236184","targetHints":{"allow":["GET"]}}],"collection":[{"href":"https:\/\/linkxa.es\/linkshop\/wp-json\/wp\/v2\/product"}],"about":[{"href":"https:\/\/linkxa.es\/linkshop\/wp-json\/wp\/v2\/types\/product"}],"replies":[{"embeddable":true,"href":"https:\/\/linkxa.es\/linkshop\/wp-json\/wp\/v2\/comments?post=236184"}],"wp:featuredmedia":[{"embeddable":true,"href":"https:\/\/linkxa.es\/linkshop\/wp-json\/wp\/v2\/media\/236165"}],"wp:attachment":[{"href":"https:\/\/linkxa.es\/linkshop\/wp-json\/wp\/v2\/media?parent=236184"}],"wp:term":[{"taxonomy":"product_brand","embeddable":true,"href":"https:\/\/linkxa.es\/linkshop\/wp-json\/wp\/v2\/product_brand?post=236184"},{"taxonomy":"product_cat","embeddable":true,"href":"https:\/\/linkxa.es\/linkshop\/wp-json\/wp\/v2\/product_cat?post=236184"},{"taxonomy":"product_tag","embeddable":true,"href":"https:\/\/linkxa.es\/linkshop\/wp-json\/wp\/v2\/product_tag?post=236184"}],"curies":[{"name":"wp","href":"https:\/\/api.w.org\/{rel}","templated":true}]}}