{"id":236196,"date":"2025-03-23T23:52:27","date_gmt":"2025-03-23T23:52:27","guid":{"rendered":"https:\/\/linkxa.es\/contratacion\/producto\/repetidor-extensor-wifi-cuatro-antenas-5ghz\/"},"modified":"2025-08-02T17:08:18","modified_gmt":"2025-08-02T17:08:18","slug":"repetidor-extensor-wifi-cuatro-antenas-5ghz","status":"publish","type":"product","link":"https:\/\/linkxa.es\/linkshop\/producto\/repetidor-extensor-wifi-cuatro-antenas-5ghz\/","title":{"rendered":"Repetidor extensor wifi cuatro antenas 5ghz"},"content":{"rendered":"<h3 style=\"text-align: center;\"><strong>Phoenix technologies\u00a0 |\u00a0 Extensores de red<\/strong><\/h3>\n<p>\u00a0<\/p>\n<p>\u00a1Olv\u00eddate de las zonas muertas de Wi-fi y expande tu internet por todo tu hogar!<br \/>Si eres de los que las \u00abzonas muertas\u00bb de tu WIFI no te deja disfrutar al m\u00e1ximo de tu experiencia navegando por la red, jugando o descargando, gracias a repetidor Wi-Fi R1200U con 4 antenas de 2dbi lograr\u00e1s tener red Wi-Fi en toda tu casa o lugar de trabajo para siempre estar en l\u00ednea.<br \/>\u00a0<br \/>No lo pienses m\u00e1s, es la soluci\u00f3n perfecta ante muros de gran envergadura y estancias situadas lejos del router y llegar a cada dispositivo de tu hogar.<br \/>\u00a0<br \/>Ampliando tu red WiFi<br \/>Repetidor o extensor de cobertura Utilizando el repetidor de Phoenix R1200U, incrementas la cobertura existente de tu red inal\u00e1mbrica con una velocidad de hasta 1200Mbps (5ghz\u00a0 880Mbps \/ 2.4ghz 300Mbps).<br \/>Funciona con cualquier router Wi-Fi est\u00e1ndar y crea conexiones de banda dual en \u00e1reas dif\u00edciles de alcanzar, lo que te permite disfrutar de cobertura inal\u00e1mbrica sin saltos a trav\u00e9s de tu hogar u oficina.<br \/>\u00a0<br \/>Adem\u00e1s, incorpora puerto Ethernet del R1200U permite conectar a trav\u00e9s del cable dispositivos electr\u00f3nicos como smartphones, videoconsolas, port\u00e1tiles, SmartTVs, c\u00e1maras IP, reproductores DVD, etc. para que tus dispositivos est\u00e9n siempre conectados y<br \/>con una calidad superior a la ofrecida por se\u00f1al inal\u00e1mbrica.<\/p>\n<p>\u00a0<\/p>\n","protected":false},"excerpt":{"rendered":"<p>Repetidor extensor wifi cuatro antenas 5ghz dual band phoenix<\/p>\n","protected":false},"featured_media":236197,"comment_status":"closed","ping_status":"open","template":"","meta":{"_et_pb_use_builder":"","_et_pb_old_content":"","_et_gb_content_width":""},"product_brand":[2657],"product_cat":[2058,3262,3261],"product_tag":[2068,3265,2658,3264,3290],"class_list":{"0":"post-236196","1":"product","2":"type-product","3":"status-publish","4":"has-post-thumbnail","6":"product_brand-phoenix-technologies","7":"product_cat-dispositivos","8":"product_cat-extensores-de-red","9":"product_cat-redes","10":"product_tag-dispositivos","11":"product_tag-extensores-de-red","12":"product_tag-phoenix-technologies","13":"product_tag-redes","14":"product_tag-repetidor-extensor-wifi-cuatro-antenas-5ghz","15":"product_shipping_class-2088","16":"pa_canon-digital-incluida-000-e-incluidos","18":"first","19":"instock","20":"taxable","21":"shipping-taxable","22":"purchasable","23":"product-type-simple"},"_links":{"self":[{"href":"https:\/\/linkxa.es\/linkshop\/wp-json\/wp\/v2\/product\/236196","targetHints":{"allow":["GET"]}}],"collection":[{"href":"https:\/\/linkxa.es\/linkshop\/wp-json\/wp\/v2\/product"}],"about":[{"href":"https:\/\/linkxa.es\/linkshop\/wp-json\/wp\/v2\/types\/product"}],"replies":[{"embeddable":true,"href":"https:\/\/linkxa.es\/linkshop\/wp-json\/wp\/v2\/comments?post=236196"}],"wp:featuredmedia":[{"embeddable":true,"href":"https:\/\/linkxa.es\/linkshop\/wp-json\/wp\/v2\/media\/236197"}],"wp:attachment":[{"href":"https:\/\/linkxa.es\/linkshop\/wp-json\/wp\/v2\/media?parent=236196"}],"wp:term":[{"taxonomy":"product_brand","embeddable":true,"href":"https:\/\/linkxa.es\/linkshop\/wp-json\/wp\/v2\/product_brand?post=236196"},{"taxonomy":"product_cat","embeddable":true,"href":"https:\/\/linkxa.es\/linkshop\/wp-json\/wp\/v2\/product_cat?post=236196"},{"taxonomy":"product_tag","embeddable":true,"href":"https:\/\/linkxa.es\/linkshop\/wp-json\/wp\/v2\/product_tag?post=236196"}],"curies":[{"name":"wp","href":"https:\/\/api.w.org\/{rel}","templated":true}]}}