{"id":236204,"date":"2025-07-05T04:53:58","date_gmt":"2025-07-05T04:53:58","guid":{"rendered":"https:\/\/linkxa.es\/contratacion\/producto\/switch-dahua-sh-sf1005-5-puertos\/"},"modified":"2025-08-02T17:08:38","modified_gmt":"2025-08-02T17:08:38","slug":"switch-dahua-sh-sf1005-5-puertos","status":"publish","type":"product","link":"https:\/\/linkxa.es\/linkshop\/producto\/switch-dahua-sh-sf1005-5-puertos\/","title":{"rendered":"Switch dahua sh &#8211; sf1005 5 puertos"},"content":{"rendered":"<h3 style=\"text-align: center;\"><strong>Dahua\u00a0 |\u00a0 Switch<\/strong><\/h3>\n<p>\u00a0<\/p>\n<p>Destacado<\/p>\n<p>No administrado L2<br \/>Cantidad de puertos b\u00e1sicos de conmutaci\u00f3n RJ-45 Ethernet: 5<br \/>Cat5e, Cat6 10BASE-T, 100BASE-TX<br \/>Capacidad de conmutaci\u00f3n: 1,8 Gbit\/s<br \/>Montaje en pared\/escritorio<br \/>DC\/PoE Energ\u00eda sobre Ethernet (PoE)<\/p>\n<p>Dahua Technology PoE DH-SF1005. Tipo de interruptor: No administrado, Capa del interruptor: L2. Puertos tipo b\u00e1sico de conmutaci\u00f3n RJ-45 Ethernet: Fast Ethernet (10\/100), Cantidad de puertos<br \/>b\u00e1sicos de conmutaci\u00f3n RJ-45 Ethernet: 5. Bidireccional completo (Full duplex). Capacidad de conmutaci\u00f3n: 1,8 Gbit\/s. Est\u00e1ndares de red: IEEE 802.3, IEEE 802.3u, IEEE 802.3x. Voltaje de entrada DC:<br \/>48 &#8211; 57 V. Energ\u00eda sobre Ethernet (PoE).<br \/>Montaje de pared, Factor de forma: Montaje en pared\/escritorio<\/p>\n<p>Puertos e Interfaces<br \/>Cantidad de puertos b\u00e1sicos de conmutaci\u00f3n RJ-45 Ethernet<br \/>5<br \/>Puertos tipo b\u00e1sico de conmutaci\u00f3n RJ-45 Ethernet<br \/>Fast Ethernet (10\/100)<br \/>Cantidad de puertos Fast Ethernet (cobre)<br \/>5<br \/>Cantidad de puertos de enlace de subida<br \/>1<br \/>Conexi\u00f3n<br \/>Soporte 10G<br \/>No<br \/>Bidireccional completo (Full duplex)<br \/>Si<br \/>Est\u00e1ndares de red<br \/>IEEE 802.3, IEEE 802.3u, IEEE 802.3x<br \/>Ethernet LAN, velocidad de transferencia de datos<br \/>10,100 Mbit\/s<br \/>Soporte de control de flujo<br \/>Si<br \/>Tecnolog\u00eda de cableado ethernet de cobre<br \/>10BASE-T, 100BASE-TX<br \/>Tipos de cable soportados<br \/>Cat5e, Cat6<br \/>Control de energ\u00eda<br \/>Consumo de energ\u00eda (max)<br \/>60 W<br \/>Voltaje de entrada DC<br \/>48 &#8211; 57 V<br \/>Fuente de energ\u00eda<br \/>DC\/PoE<br \/>Condiciones ambientales<br \/>Intervalo de temperatura operativa<br \/>-10 &#8211; 55 C<br \/>Intervalo de humedad relativa para funcionamiento<br \/>5 &#8211; 95%<br \/>Peso y dimensiones<br \/>Altura<br \/>26 mm<br \/>Ancho<br \/>130 mm<br \/>Peso<br \/>300 g<br \/>Profundidad<br \/>85 mm<\/p>\n<p>Transmisi\u00f3n de datos<br \/>Capacidad de conmutaci\u00f3n<br \/>1,8 Gbit\/s<br \/>Memoria intermedia de paquetes<br \/>0,125 MB<br \/>Tasa de reenv\u00edo<br \/>0,744 Mpps<br \/>Caracter\u00edsticas de administraci\u00f3n<br \/>Capa del interruptor<br \/>L2<br \/>Tipo de interruptor<br \/>No administrado<br \/>Fibra \u00f3ptica<br \/>Distancia de transmisi\u00f3n (m\u00e1x.)<br \/>0,25 km<br \/>Alimentaci\u00f3n a trav\u00e9s de Ethernet (PoE)<br \/>Cantidad de puertos Power over Ethernet (PoE)<br \/>4<br \/>Energ\u00eda sobre Ethernet (PoE)<br \/>Si<br \/>Potencia a trav\u00e9s de Ethernet (PoE) Presupuesto<br \/>60 W<br \/>Dise\u00f1o<br \/>Color del producto<br \/>Negro<br \/>Factor de forma<br \/>Montaje en pared\/escritorio<br \/>Indicadores LED<br \/>Si<br \/>Montaje en rack<br \/>No<br \/>Montaje de pared<br \/>Si<\/p>\n<p>\u00a0<\/p>\n","protected":false},"excerpt":{"rendered":"<p>Switch dahua sh &#8211; sf1005 5 puertos<\/p>\n","protected":false},"featured_media":236205,"comment_status":"closed","ping_status":"open","template":"","meta":{"_et_pb_use_builder":"","_et_pb_old_content":"","_et_gb_content_width":""},"product_brand":[2700],"product_cat":[2058,3261,3270],"product_tag":[2701,2068,3264,3273,3291],"class_list":{"0":"post-236204","1":"product","2":"type-product","3":"status-publish","4":"has-post-thumbnail","6":"product_brand-dahua","7":"product_cat-dispositivos","8":"product_cat-redes","9":"product_cat-switch","10":"product_tag-dahua","11":"product_tag-dispositivos","12":"product_tag-redes","13":"product_tag-switch","14":"product_tag-switch-dahua-sh-sf1005-5-puertos","15":"product_shipping_class-2059","16":"pa_canon-digital-incluida-000-e-incluidos","18":"first","19":"instock","20":"taxable","21":"shipping-taxable","22":"purchasable","23":"product-type-simple"},"_links":{"self":[{"href":"https:\/\/linkxa.es\/linkshop\/wp-json\/wp\/v2\/product\/236204","targetHints":{"allow":["GET"]}}],"collection":[{"href":"https:\/\/linkxa.es\/linkshop\/wp-json\/wp\/v2\/product"}],"about":[{"href":"https:\/\/linkxa.es\/linkshop\/wp-json\/wp\/v2\/types\/product"}],"replies":[{"embeddable":true,"href":"https:\/\/linkxa.es\/linkshop\/wp-json\/wp\/v2\/comments?post=236204"}],"wp:featuredmedia":[{"embeddable":true,"href":"https:\/\/linkxa.es\/linkshop\/wp-json\/wp\/v2\/media\/236205"}],"wp:attachment":[{"href":"https:\/\/linkxa.es\/linkshop\/wp-json\/wp\/v2\/media?parent=236204"}],"wp:term":[{"taxonomy":"product_brand","embeddable":true,"href":"https:\/\/linkxa.es\/linkshop\/wp-json\/wp\/v2\/product_brand?post=236204"},{"taxonomy":"product_cat","embeddable":true,"href":"https:\/\/linkxa.es\/linkshop\/wp-json\/wp\/v2\/product_cat?post=236204"},{"taxonomy":"product_tag","embeddable":true,"href":"https:\/\/linkxa.es\/linkshop\/wp-json\/wp\/v2\/product_tag?post=236204"}],"curies":[{"name":"wp","href":"https:\/\/api.w.org\/{rel}","templated":true}]}}