{"id":236236,"date":"2025-08-01T08:32:03","date_gmt":"2025-08-01T08:32:03","guid":{"rendered":"https:\/\/linkxa.es\/contratacion\/producto\/switch-sobremesa-level-one-5-puertos\/"},"modified":"2025-08-02T17:12:15","modified_gmt":"2025-08-02T17:12:15","slug":"switch-sobremesa-level-one-5-puertos","status":"publish","type":"product","link":"https:\/\/linkxa.es\/linkshop\/producto\/switch-sobremesa-level-one-5-puertos\/","title":{"rendered":"Switch sobremesa level one 5 puertos"},"content":{"rendered":"<h3 style=\"text-align: center;\"><strong>Level one\u00a0 |\u00a0 Switch<\/strong><\/h3>\n<p>\u00a0<\/p>\n<p>Caracter\u00edsticas principales:<br \/>Switch Fast Ethernet de 5 puertos<br \/>Proporciona flexibilidad de 5 puertos 10 \/ 100BASE-TX<br \/>Funcionalidad bidireccional y bidireccional simult\u00e1nea de 10\/100 Mbps,<br \/>negociaci\u00f3n autom\u00e1tica y MDI \/ MDIX autom\u00e1tico<br \/>Instalaci\u00f3n r\u00e1pida y sencilla<br \/>Admite aprendizaje autom\u00e1tico y envejecimiento autom\u00e1tico de 1000<br \/>direcciones MAC<br \/>Sencilla instalaci\u00f3n Plug and Play<br \/>Ampliar informaci\u00f3n:<br \/>LevelOne FEU-0512 es un dispositivo de red sin bloqueo de velocidad de<br \/>cable que proporciona 5 puertos de conexiones Ethernet de 10\/100<br \/>Mbps.<br \/>Todos los puertos admiten negociaci\u00f3n autom\u00e1tica y detecci\u00f3n<br \/>autom\u00e1tica de MDI \/ MDIX, eliminando la necesidad de cables cruzados o<br \/>puertos de enlace ascendente. Cada puerto puede usarse como puerto<br \/>de red general o como puerto de conexi\u00f3n a un enrutador, servidor,<br \/>concentrador u otro conmutador de red.<\/p>\n<p>Proporciona flexibilidad de 5 puertos 10 \/ 100BASE-TX<br \/>Funcionalidad bidireccional y bidireccional simult\u00e1nea de 10\/100 Mbps,<br \/>negociaci\u00f3n autom\u00e1tica y MDI \/ MDIX autom\u00e1tico<br \/>Instalaci\u00f3n r\u00e1pida y sencilla<br \/>Admite aprendizaje autom\u00e1tico y envejecimiento autom\u00e1tico de 1000<br \/>direcciones MAC<br \/>Sencilla instalaci\u00f3n Plug and Play<\/p>\n<p>Contenido del paquete<br \/>FEU-0512<br \/>Adaptador de corriente<br \/>Gu\u00eda de Instalaci\u00f3n R\u00e1pida<\/p>\n<p>\u00a0<\/p>\n","protected":false},"excerpt":{"rendered":"<p>Switch sobremesa level one 5 puertos fast ethernet 10 &#8211; 100<\/p>\n","protected":false},"featured_media":236237,"comment_status":"closed","ping_status":"open","template":"","meta":{"_et_pb_use_builder":"","_et_pb_old_content":"","_et_gb_content_width":""},"product_brand":[3305],"product_cat":[2058,3261,3270],"product_tag":[2068,3306,3264,3273,3307],"class_list":{"0":"post-236236","1":"product","2":"type-product","3":"status-publish","4":"has-post-thumbnail","6":"product_brand-level-one","7":"product_cat-dispositivos","8":"product_cat-redes","9":"product_cat-switch","10":"product_tag-dispositivos","11":"product_tag-level-one","12":"product_tag-redes","13":"product_tag-switch","14":"product_tag-switch-sobremesa-level-one-5-puertos","15":"product_shipping_class-2059","16":"pa_canon-digital-incluida-000-e-incluidos","18":"first","19":"instock","20":"taxable","21":"shipping-taxable","22":"purchasable","23":"product-type-simple"},"_links":{"self":[{"href":"https:\/\/linkxa.es\/linkshop\/wp-json\/wp\/v2\/product\/236236","targetHints":{"allow":["GET"]}}],"collection":[{"href":"https:\/\/linkxa.es\/linkshop\/wp-json\/wp\/v2\/product"}],"about":[{"href":"https:\/\/linkxa.es\/linkshop\/wp-json\/wp\/v2\/types\/product"}],"replies":[{"embeddable":true,"href":"https:\/\/linkxa.es\/linkshop\/wp-json\/wp\/v2\/comments?post=236236"}],"wp:featuredmedia":[{"embeddable":true,"href":"https:\/\/linkxa.es\/linkshop\/wp-json\/wp\/v2\/media\/236237"}],"wp:attachment":[{"href":"https:\/\/linkxa.es\/linkshop\/wp-json\/wp\/v2\/media?parent=236236"}],"wp:term":[{"taxonomy":"product_brand","embeddable":true,"href":"https:\/\/linkxa.es\/linkshop\/wp-json\/wp\/v2\/product_brand?post=236236"},{"taxonomy":"product_cat","embeddable":true,"href":"https:\/\/linkxa.es\/linkshop\/wp-json\/wp\/v2\/product_cat?post=236236"},{"taxonomy":"product_tag","embeddable":true,"href":"https:\/\/linkxa.es\/linkshop\/wp-json\/wp\/v2\/product_tag?post=236236"}],"curies":[{"name":"wp","href":"https:\/\/api.w.org\/{rel}","templated":true}]}}