{"id":236243,"date":"2025-06-15T01:52:39","date_gmt":"2025-06-15T01:52:39","guid":{"rendered":"https:\/\/linkxa.es\/contratacion\/producto\/punto-acceso-inalambrico-ubiquiti-u6-pro\/"},"modified":"2025-08-02T17:13:14","modified_gmt":"2025-08-02T17:13:14","slug":"punto-acceso-inalambrico-ubiquiti-u6-pro","status":"publish","type":"product","link":"https:\/\/linkxa.es\/linkshop\/producto\/punto-acceso-inalambrico-ubiquiti-u6-pro\/","title":{"rendered":"Punto acceso inalambrico ubiquiti u6 &#8211; pro"},"content":{"rendered":"<h3 style=\"text-align: center;\"><strong>Ubiquiti\u00a0 |\u00a0 Puntos de acceso<\/strong><\/h3>\n<p>\u00a0<\/p>\n<p>Punto de acceso WiFi 6 de doble banda para interiores que puede admitir m\u00e1s de 300 clientes con su tasa de rendimiento total de 5,3 Gbps.<\/p>\n<p>NOTA: no incluye inyector PoE, requiere 802.3at , como U-POE-AT<\/p>\n<p>El punto de acceso WiFi 6 Pro (U6 Pro) es un punto de acceso WiFi 6 de banda dual y alto rendimiento ideal para uso dom\u00e9stico y de oficina. El U6 Pro es capaz de alcanzar una tasa de rendimiento total de hasta 5,3 Gbps con<br \/>sus bandas de 5 GHz (4&#215;4 MIMO) y 2,4 GHz (2&#215;2 MIMO), lo que le permite admitir m\u00e1s de 300 clientes conectados simult\u00e1neamente mientras mantiene una experiencia inal\u00e1mbrica uniforme y confiable en toda su red.<br \/>Tambi\u00e9n puede aislar el tr\u00e1fico de invitados para garantizar una seguridad y una velocidad \u00f3ptimas. El U6 Pro tambi\u00e9n funciona en MIMO 4&#215;4 completo con canales de 160 MHz para crear enlaces ascendentes inal\u00e1mbricos de<br \/>alta capacidad y facilitar una transferencia de datos m\u00e1s r\u00e1pida. Se puede configurar en minutos y administrar completamente con la aplicaci\u00f3n UniFi Network.<\/p>\n<p>Caracter\u00edsticas:<\/p>\n<p>Wi-Fi 6 de doble banda (802.11ax)<br \/>Banda de 5 GHz (4&#215;4 MU-MIMO) con una tasa de rendimiento de 4,8 Gbps<br \/>Banda de 2,4 GHz (2&#215;2 MIMO) con una tasa de rendimiento de 573,5 Mbps<br \/>Funciona en MIMO 4&#215;4 completo con un ancho de banda de 160 MHz<br \/>Capacidad para m\u00e1s de 300 clientes simult\u00e1neos<br \/>Guest Traffic Isolation, que mejora la seguridad de la red inal\u00e1mbrica y reduce la congesti\u00f3n del tr\u00e1fico<br \/>Incluye placa de montaje universal, placa trasera y juego de tornillos<br \/>Dimensiones<br \/>197 x 35 mm (7,76 x 1,38&#8243;)<\/p>\n<p>Peso<br \/>Sin montura: 460 g (1,01 lb)<br \/>Con montura: 600 g (1,32 libras)<\/p>\n<p>Material de la carcasa<br \/>Pl\u00e1stico<\/p>\n<p>Material de montaje<br \/>Acero SGCC<\/p>\n<p>Impermeabilizaci\u00f3n<br \/>IP54<\/p>\n<p>Hardware<\/p>\n<p>Interfaces de gesti\u00f3n<br \/>Ethernet\/Bluetooth<\/p>\n<p>Interfaz de red<br \/>(1) puerto GbE RJ45<\/p>\n<p>Bot\u00f3n<br \/>Restablecimiento de f\u00e1brica<\/p>\n<p>LED<br \/>Blanco\/Azul<\/p>\n<p>M\u00e9todo de alimentaci\u00f3n<br \/>802.3at PoE+<\/p>\n<p>Opciones de fuente de alimentaci\u00f3n<br \/>Interruptor PoE UniFi<br \/>Adaptador PoE de 48 V, 0,5 A (no incluido)<\/p>\n<p>Rango de voltaje admitido<br \/>44 a 57 VCC<\/p>\n<p>M\u00e1x. consumo de energ\u00eda<br \/>13W<\/p>\n<p>MIMO<br \/>2,4 GHz 2&#215;2 (UL MU-MIMO)<br \/>5 GHz 4&#215;4 (DL\/UL MU-MIMO)<\/p>\n<p>Tasa de rendimiento<br \/>2,4 GHz 573,5Mbps<br \/>5 GHz 4,8 Gbps<\/p>\n<p>Ganancia de la antena<br \/>2,4 GHz 4 dBi<br \/>5 GHz 6 dBi<\/p>\n<p>Montaje<br \/>Pared\/techo (incluido)<br \/>Temperatura de funcionamiento<br \/>-30 a 60 C (-22 a 140 F)<\/p>\n<p>Humedad de funcionamiento<br \/>5 &#8211; 95 % sin condensaci\u00f3n<\/p>\n<p>Certificaciones<br \/>CE, FCC, IC<\/p>\n<p>Software<br \/>Normas Wi-Fi 802.11a\/b\/g<br \/>WiFi 4\/WiFi 5\/WiFi 6<\/p>\n<p>Seguridad inal\u00e1mbrica<br \/>WPA-PSK, WPA-Enterprise (WPA\/WPA2\/WPA3)<\/p>\n<p>BSSID<br \/>8 por radio<\/p>\n<p>VLAN<br \/>802.1Q<\/p>\n<p>QoS<br \/>Limitaci\u00f3n por usuario<br \/>Aislamiento de tr\u00e1fico de invitados Compatible<\/p>\n<p>Clientes concurrentes<br \/>300+<\/p>\n<p>Cero espera DFS<br \/>En pr\u00f3ximas versiones de firmware<\/p>\n<p>Velocidades de datos admitidas<br \/>802.11a 6, 9, 12, 18, 24, 36, 48, 54Mbps<br \/>802.11b 1, 2, 5.5, 11Mbps<br \/>802.11g 6, 9, 12, 18, 24, 36, 48, 54Mbps<br \/>802.11n (WiFi 4) 6,5 Mbps a 600 Mbps (MCS0 &#8211; MCS31, HT 20\/40)<br \/>802.11ac (WiFi 5) de 6,5 Mbps a 3,4 Gbps (MCS0 &#8211; MCS9 NSS1\/2\/3\/4, VHT 20\/40\/80\/160)<br \/>802.11ax (WiFi 6) 7,3 Mbps a 4,8 Gbps (MCS0 &#8211; MCS11 NSS1\/2\/3\/4, HE 20\/40\/80\/160)<\/p>\n<p>\u00a0<\/p>\n","protected":false},"excerpt":{"rendered":"<p>Punto de acceso inalambrico ubiquiti u6 &#8211; pro<\/p>\n","protected":false},"featured_media":236244,"comment_status":"closed","ping_status":"open","template":"","meta":{"_et_pb_use_builder":"","_et_pb_old_content":"","_et_gb_content_width":""},"product_brand":[3298],"product_cat":[2058,3299,3261],"product_tag":[2068,3309,3302,3264,3300],"class_list":{"0":"post-236243","1":"product","2":"type-product","3":"status-publish","4":"has-post-thumbnail","6":"product_brand-ubiquiti","7":"product_cat-dispositivos","8":"product_cat-puntos-de-acceso","9":"product_cat-redes","10":"product_tag-dispositivos","11":"product_tag-punto-acceso-inalambrico-ubiquiti-u6-pro","12":"product_tag-puntos-de-acceso","13":"product_tag-redes","14":"product_tag-ubiquiti","15":"product_shipping_class-2088","16":"pa_canon-digital-incluida-000-e-incluidos","18":"first","19":"instock","20":"taxable","21":"shipping-taxable","22":"purchasable","23":"product-type-simple"},"_links":{"self":[{"href":"https:\/\/linkxa.es\/linkshop\/wp-json\/wp\/v2\/product\/236243","targetHints":{"allow":["GET"]}}],"collection":[{"href":"https:\/\/linkxa.es\/linkshop\/wp-json\/wp\/v2\/product"}],"about":[{"href":"https:\/\/linkxa.es\/linkshop\/wp-json\/wp\/v2\/types\/product"}],"replies":[{"embeddable":true,"href":"https:\/\/linkxa.es\/linkshop\/wp-json\/wp\/v2\/comments?post=236243"}],"wp:featuredmedia":[{"embeddable":true,"href":"https:\/\/linkxa.es\/linkshop\/wp-json\/wp\/v2\/media\/236244"}],"wp:attachment":[{"href":"https:\/\/linkxa.es\/linkshop\/wp-json\/wp\/v2\/media?parent=236243"}],"wp:term":[{"taxonomy":"product_brand","embeddable":true,"href":"https:\/\/linkxa.es\/linkshop\/wp-json\/wp\/v2\/product_brand?post=236243"},{"taxonomy":"product_cat","embeddable":true,"href":"https:\/\/linkxa.es\/linkshop\/wp-json\/wp\/v2\/product_cat?post=236243"},{"taxonomy":"product_tag","embeddable":true,"href":"https:\/\/linkxa.es\/linkshop\/wp-json\/wp\/v2\/product_tag?post=236243"}],"curies":[{"name":"wp","href":"https:\/\/api.w.org\/{rel}","templated":true}]}}