{"id":236254,"date":"2024-12-08T23:39:26","date_gmt":"2024-12-08T23:39:26","guid":{"rendered":"https:\/\/linkxa.es\/contratacion\/producto\/adaptador-sfp-d-link-dem-431xt-10gbase-sr-multimodo\/"},"modified":"2025-08-02T17:13:59","modified_gmt":"2025-08-02T17:13:59","slug":"adaptador-sfp-d-link-dem-431xt-10gbase-sr-multimodo","status":"publish","type":"product","link":"https:\/\/linkxa.es\/linkshop\/producto\/adaptador-sfp-d-link-dem-431xt-10gbase-sr-multimodo\/","title":{"rendered":"Adaptador sfp+ d &#8211; link dem &#8211; 431xt 10gbase &#8211; sr multimodo"},"content":{"rendered":"<h3 style=\"text-align: center;\"><strong>D &#8211; link\u00a0 |\u00a0 Switch<\/strong><\/h3>\n<p>\u00a0<\/p>\n<p>Dise\u00f1ado para soportar distancias de hasta 550 metros, el DEM-431XT es un<br \/>transceptor SFP + multimodo de 850 nm de alto rendimiento. Admite velocidades<br \/>de 10 Gigabit Full-duplex en cables de fibra multimodo. El DEM-431XT es<br \/>compatible con 802.3ae 10GBASE-SR y es compatible con el control de flujo 802.3x<br \/>de d\u00faplex completo. El DEM-431XT proporciona la amplificaci\u00f3n de se\u00f1al<br \/>necesaria para que los datos se transmitan al cable de red desde el puerto y<br \/>viceversa.<\/p>\n<p>Soluci\u00f3n rentable para la conexi\u00f3n de fibra 10G<br \/>Factor de forma peque\u00f1o, que permite densidades de puerto m\u00e1s altas para<br \/>conexiones 10G<br \/>Disipaci\u00f3n de energ\u00eda m\u00e1s baja<br \/>Conectable en caliente<br \/>Cumple con Ethernet 802.3ae<br \/>Compatible con fibra MSA (Acuerdo de m\u00faltiples fuentes)<\/p>\n<p>La serie de m\u00f3dulos 10G SFP + de D-Link son transceptores SFP + intercambiables<br \/>en caliente que se conectan a las ranuras SFP + de los conmutadores y admiten<br \/>Ethernet 10G. Los transceptores de la serie de m\u00f3dulos D-Link 10GBASE SFP +<br \/>ofrecen a los clientes una amplia variedad de opciones de conectividad Ethernet<br \/>10G para centros de datos, armarios de cableado empresariales y aplicaciones de<br \/>transporte de proveedores de servicios.<\/p>\n<p>Formato enchufable de factor de forma peque\u00f1o mejorado<\/p>\n<p>Los transceptores utilizan el formato Enhanced Small Formfactor Pluggable (SFP<br \/>+).<br \/>El factor de forma SFP + es m\u00e1s peque\u00f1o que otros factores de forma como<br \/>Xenpak, X2 y 10G XFP, lo que garantiza menores costos, menor interrupci\u00f3n de<br \/>energ\u00eda y mayor densidad de puertos. Proporcionan la amplificaci\u00f3n de se\u00f1al<br \/>necesaria para que los datos se transmitan al cable de red desde el puerto, y<br \/>viceversa, para que el puerto reciba datos del cable de red.<\/p>\n<p>Conectable en caliente<\/p>\n<p>Todos los transceptores D-Link se pueden conectar en caliente. Puede conectar un<br \/>transceptor mientras el sistema est\u00e1 encendido sin causar ning\u00fan problema. Esto<br \/>permite agregar o quitar m\u00f3dulos sin interrumpir la red.<\/p>\n<p>Velocidades Ethernet 10G<\/p>\n<p>Todos los transceptores admiten Ethernet 10G, lo que da como resultado<br \/>transmisiones de datos muy r\u00e1pidas de hasta 10 Gbit \/ s. Esto es 10 veces m\u00e1s<br \/>r\u00e1pido que Gigabit Ethernet y permite que el conmutador maneje transmisiones de<br \/>datos m\u00e1s r\u00e1pidas y m\u00e1s altas, lo que lo hace muy adecuado para las necesidades<br \/>comerciales.<\/p>\n<p>\u00a0<\/p>\n","protected":false},"excerpt":{"rendered":"<p>Adaptador sfp+ d &#8211; link dem &#8211; 431xt 10gbase &#8211; sr multimodo 300m fibra optica<\/p>\n","protected":false},"featured_media":236255,"comment_status":"closed","ping_status":"open","template":"","meta":{"_et_pb_use_builder":"","_et_pb_old_content":"","_et_gb_content_width":""},"product_brand":[3269],"product_cat":[2058,3261,3270],"product_tag":[3315,3271,2068,3264,3273],"class_list":{"0":"post-236254","1":"product","2":"type-product","3":"status-publish","4":"has-post-thumbnail","6":"product_brand-d-link","7":"product_cat-dispositivos","8":"product_cat-redes","9":"product_cat-switch","10":"product_tag-adaptador-sfp-d-link-dem-431xt-10gbase-sr-multimodo","11":"product_tag-d-link","12":"product_tag-dispositivos","13":"product_tag-redes","14":"product_tag-switch","15":"product_shipping_class-2059","16":"pa_canon-digital-incluida-000-e-incluidos","18":"first","19":"instock","20":"taxable","21":"shipping-taxable","22":"purchasable","23":"product-type-simple"},"_links":{"self":[{"href":"https:\/\/linkxa.es\/linkshop\/wp-json\/wp\/v2\/product\/236254","targetHints":{"allow":["GET"]}}],"collection":[{"href":"https:\/\/linkxa.es\/linkshop\/wp-json\/wp\/v2\/product"}],"about":[{"href":"https:\/\/linkxa.es\/linkshop\/wp-json\/wp\/v2\/types\/product"}],"replies":[{"embeddable":true,"href":"https:\/\/linkxa.es\/linkshop\/wp-json\/wp\/v2\/comments?post=236254"}],"wp:featuredmedia":[{"embeddable":true,"href":"https:\/\/linkxa.es\/linkshop\/wp-json\/wp\/v2\/media\/236255"}],"wp:attachment":[{"href":"https:\/\/linkxa.es\/linkshop\/wp-json\/wp\/v2\/media?parent=236254"}],"wp:term":[{"taxonomy":"product_brand","embeddable":true,"href":"https:\/\/linkxa.es\/linkshop\/wp-json\/wp\/v2\/product_brand?post=236254"},{"taxonomy":"product_cat","embeddable":true,"href":"https:\/\/linkxa.es\/linkshop\/wp-json\/wp\/v2\/product_cat?post=236254"},{"taxonomy":"product_tag","embeddable":true,"href":"https:\/\/linkxa.es\/linkshop\/wp-json\/wp\/v2\/product_tag?post=236254"}],"curies":[{"name":"wp","href":"https:\/\/api.w.org\/{rel}","templated":true}]}}