{"id":236896,"date":"2025-05-13T12:33:36","date_gmt":"2025-05-13T12:33:36","guid":{"rendered":"https:\/\/linkxa.es\/contratacion\/producto\/movil-tcl-50-5g-8gb-44-3\/"},"modified":"2025-10-03T11:00:08","modified_gmt":"2025-10-03T11:00:08","slug":"movil-tcl-50-5g-8gb-44-3","status":"publish","type":"product","link":"https:\/\/linkxa.es\/linkshop\/producto\/movil-tcl-50-5g-8gb-44-3\/","title":{"rendered":"Movil tcl 50 5g 8gb (4+4)"},"content":{"rendered":"<div style=\"text-align: center; margin-bottom: 20px;\">\n<h2 style=\"font-size: 22px; font-weight: 600; margin: 0; color: #333;\">\n    Tcl \u00a0|\u00a0 Smartphones<br \/>\n  <\/h2>\n<\/div>\n<p style=\"max-width: 700px; margin: 0 auto 30px auto; font-size: 18px; line-height: 1.6; color: #555; font-style: italic; text-align: center;\">\n  TCL 50 5G, un smartphone que redefine la experiencia m\u00f3vil. Con un potente procesador MediaTek Dimensity 6100+ y almacenamiento generoso, te ofrece un rendimiento excepcional. Su pantalla<br \/>cinematogr\u00e1fica y c\u00e1mara h\u00edbrida AI de 50MP garantizan una calidad visual impresionante. Adem\u00e1s, su conectividad 5G y caracter\u00edsticas inteligentes mejoran tu productividad diaria. Conoce el futuro de la<br \/>tecnolog\u00eda m\u00f3vil.<\/p>\n<p>Caracter\u00edsticas<br \/>Usa tu tel\u00e9fono inteligente como quieras. Ofreci\u00e9ndote diversi\u00f3n cinematogr\u00e1fica m\u00e1s profunda, juegos emocionantes y, lo m\u00e1s importante, potencia verdaderamente aumentada, lo que significa que<br \/>puedes hacer las cosas m\u00e1s r\u00e1pido e inteligentemente en tus actividades diarias en tus propios t\u00e9rminos.<br \/>Almacenamiento sin concesiones. Ocup\u00e1ndose de todas sus necesidades y h\u00e1bitos cotidianos mientras viaja.<br \/>Cuando se necesita m\u00e1s potencia. Nunca te preocupes por tener el poder de hacer todo a la vez, como ejecutar todas tus aplicaciones y abrir pesta\u00f1as del navegador al m\u00e1ximo con soporte de RAM<br \/>virtual adicional de 4 GB.<br \/>Refuerzo visual NXTURBO. Con un aumento de hasta un 25 % en la representaci\u00f3n de im\u00e1genes para juegos, navegaci\u00f3n en redes sociales y carretes de video con im\u00e1genes m\u00e1s fluidas.<br \/>MediaTek Dimensi\u00f3n 6100+ 5G. Procesador 5G de alto rendimiento.<br \/>Listo para 5G. Hecho para ahorrar energ\u00eda. Maximiza su alto nivel de rendimiento con optimizaci\u00f3n de eficiencia energ\u00e9tica.<br \/>Mantenga la vida \u00fatil de su bater\u00eda a\u00fan m\u00e1s. El modo de carga inteligente nocturna combinado con la aplicaci\u00f3n Smart Manager mantendr\u00e1 la salud de la bater\u00eda y prolongar\u00e1 su vida \u00fatil.<br \/>Pantalla cinematogr\u00e1fica. Sonido envolvente.<br \/>Ver programas de televisi\u00f3n y desplazarse por canales de v\u00eddeo nunca ha sido tan divertido en la pantalla grande con sonido DTS.<br \/>Actualizaciones continuas. 2 pr\u00f3ximas actualizaciones de la versi\u00f3n completa de Android y 5 a\u00f1os de actualizaciones de seguridad le brindar\u00e1n un rendimiento sostenible con la estabilidad y seguridad<br \/>deseadas.<br \/>Duplica tu productividad. Refleje las diapositivas de su presentaci\u00f3n en la pantalla de su televisor, arrastre y suelte r\u00e1pidamente los archivos multimedia y vea el contenido de la pantalla de su tel\u00e9fono en<br \/>su computadora port\u00e1til, para nunca perder llamadas entrantes. Empar\u00e9jelo con sus auriculares con conectividad de baja latencia y disfrute de una escucha ininterrumpida de podcasts y audiolibros.<br \/>C\u00e1mara h\u00edbrida AI de 50MP. Refina los primeros planos de alta resoluci\u00f3n y mejora los paisajes panor\u00e1micos con una tecnolog\u00eda de c\u00e1mara 2 en 1, que permite que la lente principal funcione en modo<br \/>macro.<br \/>Ajuste constante 2.0. Graba sujetos en movimiento apuntando y disparando sin preocuparte por el temblor de tu mano.<\/p>\n<p>Especificaciones TCL 50 5G<br \/>Sistema operativo: Android 14<br \/>Procesador: MediaTek Dimensity 6100+ ARM Cortex-A76 Octa Core<br \/>Pantalla: 6.56&#8243; IPS 720 x 1612 Pixeles 20:9 90 Hz<br \/>SIM: DualSim<br \/>Memoria:<br \/>RAM: 4+4GB<br \/>Almacenamiento: 128gb<br \/>M\u00e1ximo de tarjeta de Memoria: 2TB<br \/>C\u00e1maras:<br \/>Trasera: 50MP<br \/>Frontal: 8MP<br \/>Conectividad:<br \/>Generaci\u00f3n de red m\u00f3vil: 5G<br \/>Tipo de tarjeta SIM: NanoSIM + eSIM<br \/>Est\u00e1ndares 2G: Edge, GPRS<br \/>Est\u00e1ndares 3G: HSPA+<br \/>Est\u00e1ndar 4G: LTE<br \/>Est\u00e1ndar 5G: Sub6 NSA, Sub6 SA<br \/>Voces superpuestas LTE (VoLTE) compatibles: Si<br \/>Wifi: Si<br \/>Wi-Fi est\u00e1ndares: 802.11a, 802.11b, 802.11g, Wi-Fi 4 (802.11n), Wi-Fi 5 (802.11ac)<br \/>Bluetooth: Si<br \/>Versi\u00f3n de Bluetooth: 5.3<br \/>Wi-Fi Direct: Si<br \/>Comunicaci\u00f3n de Campo Cercano (NFC): Si<br \/>Dimensiones y peso<br \/>Ancho: 75 mm<br \/>Profundidad: 8,31 mm<br \/>Altura: 164,1 mm<br \/>183,5g<br \/>Bater\u00eda: 5010 mAh<\/p>\n","protected":false},"excerpt":{"rendered":"<p>Movil tcl 50 5g 8gb (4+4) &#8211; 128gb  azul<\/p>\n","protected":false},"featured_media":230216,"comment_status":"closed","ping_status":"open","template":"","meta":{"_et_pb_use_builder":"","_et_pb_old_content":"","_et_gb_content_width":""},"product_brand":[2132],"product_cat":[2058,2063,2062],"product_tag":[2169,2067,2133,2066],"class_list":{"0":"post-236896","1":"product","2":"type-product","3":"status-publish","4":"has-post-thumbnail","6":"product_brand-tcl","7":"product_cat-dispositivos","8":"product_cat-smartphones","9":"product_cat-telefonia","10":"product_tag-movil-tcl-50-5g-8gb-44","11":"product_tag-smartphones","12":"product_tag-tcl","13":"product_tag-telefonia","14":"pa_canon-digital-incluida-325-e-incluidos","16":"first","17":"instock","18":"sale","19":"taxable","20":"shipping-taxable","21":"purchasable","22":"product-type-simple"},"_links":{"self":[{"href":"https:\/\/linkxa.es\/linkshop\/wp-json\/wp\/v2\/product\/236896","targetHints":{"allow":["GET"]}}],"collection":[{"href":"https:\/\/linkxa.es\/linkshop\/wp-json\/wp\/v2\/product"}],"about":[{"href":"https:\/\/linkxa.es\/linkshop\/wp-json\/wp\/v2\/types\/product"}],"replies":[{"embeddable":true,"href":"https:\/\/linkxa.es\/linkshop\/wp-json\/wp\/v2\/comments?post=236896"}],"wp:featuredmedia":[{"embeddable":true,"href":"https:\/\/linkxa.es\/linkshop\/wp-json\/wp\/v2\/media\/230216"}],"wp:attachment":[{"href":"https:\/\/linkxa.es\/linkshop\/wp-json\/wp\/v2\/media?parent=236896"}],"wp:term":[{"taxonomy":"product_brand","embeddable":true,"href":"https:\/\/linkxa.es\/linkshop\/wp-json\/wp\/v2\/product_brand?post=236896"},{"taxonomy":"product_cat","embeddable":true,"href":"https:\/\/linkxa.es\/linkshop\/wp-json\/wp\/v2\/product_cat?post=236896"},{"taxonomy":"product_tag","embeddable":true,"href":"https:\/\/linkxa.es\/linkshop\/wp-json\/wp\/v2\/product_tag?post=236896"}],"curies":[{"name":"wp","href":"https:\/\/api.w.org\/{rel}","templated":true}]}}