{"id":236897,"date":"2025-01-09T18:53:57","date_gmt":"2025-01-09T18:53:57","guid":{"rendered":"https:\/\/linkxa.es\/contratacion\/producto\/movil-tcl-50-pro-5g-8-2\/"},"modified":"2025-10-03T11:01:20","modified_gmt":"2025-10-03T11:01:20","slug":"movil-tcl-50-pro-5g-8-2","status":"publish","type":"product","link":"https:\/\/linkxa.es\/linkshop\/producto\/movil-tcl-50-pro-5g-8-2\/","title":{"rendered":"Movil tcl 50 pro 5g 8"},"content":{"rendered":"<div style=\"text-align: center; margin-bottom: 20px;\">\n<h2 style=\"font-size: 22px; font-weight: 600; margin: 0; color: #333;\">\n    Tcl \u00a0|\u00a0 Smartphones<br \/>\n  <\/h2>\n<\/div>\n<p style=\"max-width: 700px; margin: 0 auto 30px auto; font-size: 18px; line-height: 1.6; color: #555; font-style: italic; text-align: center;\">\n  El TCL 50 Pro NXTPAPER destaca por su pantalla avanzada de 6.78 pulgadas con tecnolog\u00eda NXTPAPER, una c\u00e1mara trasera triple de 108 MP para fotograf\u00edas de alta calidad, y un generoso<br \/>almacenamiento interno de 512 GB, expandible hasta 2 TB. Este dispositivo combina innovaci\u00f3n, rendimiento y versatilidad en un dise\u00f1o elegante.<br \/>Caracter\u00edsticas<\/p>\n<p>Pantalla NXTPAPER de 6.78 pulgadas: Con una resoluci\u00f3n de 1080 x 2460 p\u00edxeles, relaci\u00f3n de aspecto 20.5:9, velocidad de actualizaci\u00f3n de 120 Hz y un brillo m\u00e1ximo de 550 cd\/m, esta pantalla ofrece<br \/>una experiencia visual fluida y vibrante. Adem\u00e1s, incluye tecnolog\u00eda anti-huellas y esquinas redondeadas para un acabado premium.<br \/>C\u00e1mara trasera triple de 108 MP: La c\u00e1mara principal cuenta con un sensor de 108 MP, complementado por una segunda c\u00e1mara de 8 MP y una macro de 2 MP, ofreciendo alta calidad de imagen, con<br \/>soporte para HDR, modo noche y reconocimiento de escenas por IA.<br \/>Almacenamiento interno de 512 GB: Con una capacidad de almacenamiento interno de 512 GB y la posibilidad de expansi\u00f3n mediante tarjetas microSD de hasta 2 TB, este dispositivo ofrece un<br \/>espacio amplio para almacenar gran cantidad de contenido, junto con 8 GB de RAM y la opci\u00f3n de expandir hasta otros 8 GB de RAM adicionales.<\/p>\n<p>Especificaciones TCL 50 Pro NXTPAPER<\/p>\n<p>Sistema operativo: Android 14<br \/>Procesador:<br \/>Familia de procesador: MediaTek Dimensity<br \/>Modelo del procesador: 6300<br \/>Arquitectura del procesador: ARM Cortex-A76<br \/>N\u00famero de n\u00facleos de procesador: 2<br \/>Coprocesador: Si<br \/>arquitectura Coprocesador: ARM Cortex-A55<br \/>N\u00facleos coprocesador: 6<br \/>Pantalla:<br \/>Diagonal de la pantalla: 17,2 cm (6.78&#8243;)<br \/>Nombre comercial de la tecnolog\u00eda de la pantalla: NXTPAPER<br \/>Resoluci\u00f3n de la pantalla: 1080 x 2460 Pixeles<br \/>Relaci\u00f3n de aspecto nativa: 20.5:9<br \/>Raz\u00f3n de contraste (t\u00edpica): 1500:1<br \/>M\u00e1xima velocidad de actualizaci\u00f3n: 120 Hz<br \/>Brillo de pantalla: 550 cd \/ m<br \/>Anti-huellas: Si<br \/>Pantalla con esquinas redondeadas: Si<br \/>SIM: SIM doble<br \/>Memoria:<br \/>Memoria del usuario: 486 GB<br \/>Capacidad de RAM: 8 GB<br \/>Expansi\u00f3n de memoria RAM (m\u00e1x.): 8 GB<br \/>Capacidad de almacenamiento interno: 512 GB<br \/>Tarjetas de memoria compatibles: MicroSD (TransFlash), MicroSDHC, MicroSDXC<br \/>Tama\u00f1o m\u00e1ximo de tarjeta de memoria: 2 TB<br \/>C\u00e1maras:<br \/>Tama\u00f1o del sensor de la c\u00e1mara trasera: 1\/1.67&#8243;<br \/>Tama\u00f1a del sensor de la segunda c\u00e1mara trasera: 1\/4&#8243;<br \/>Tama\u00f1o del sensor de la tercera c\u00e1mara trasera: 1\/5&#8243;<br \/>Resoluci\u00f3n de la c\u00e1mara trasera (num\u00e9rica): 108 MP<br \/>Resoluci\u00f3n de la segunda c\u00e1mara trasera (num\u00e9rica): 8 MP<br \/>Resoluci\u00f3n de la c\u00e1mara con objetivo macro (num\u00e9rica): 2 MP<br \/>N\u00famero de apertura de la c\u00e1mara trasera: 1,75<br \/>N\u00famero de apertura de la segunda c\u00e1mara trasera: 2,2<br \/>N\u00famero de diafragma de la tercera c\u00e1mara trasera: 2,4<br \/>Tama\u00f1o de los p\u00edxeles de la c\u00e1mara trasera: 0,64 m<br \/>Tama\u00f1o de los p\u00edxeles de la segunda c\u00e1mara trasera: 1,12 m<br \/>Tama\u00f1o de p\u00edxel de la tercera c\u00e1mara trasera: 1,75 m<br \/>\u00c1ngulo del campo de visi\u00f3n (FOV) de la c\u00e1mara trasera: 83,62<br \/>\u00c1ngulo del campo de visi\u00f3n (FOV) de la segunda c\u00e1mara trasera: 120<br \/>\u00c1ngulo del campo de visi\u00f3n (FOV) de la tercera c\u00e1mara trasera: 88,9<br \/>Elementos de la lente de la c\u00e1mara trasera: Lente de 6 elementos<br \/>Elementos de la lente de la segunda c\u00e1mara trasera: Lente de 5 elementos<br \/>Elementos de la lente de la tercera c\u00e1mara trasera: Lente de 3 elementos<br \/>Elementos de la lente de la c\u00e1mara delantera: Lente de 5 elementos<br \/>Tipo de c\u00e1mara frontal: C\u00e1mara \u00fanica<br \/>Tama\u00f1o del sensor de la c\u00e1mara frontal: 1\/3.45&#8243;<br \/>Resoluci\u00f3n de la c\u00e1mara frontal (num\u00e9rica): 32 MP<br \/>N\u00famero de apertura de la c\u00e1mara frontal: 2<br \/>Tama\u00f1o de los p\u00edxeles de la c\u00e1mara frontal: 0,64 m<br \/>\u00c1ngulo del campo de visi\u00f3n (FOV) de la c\u00e1mara frontal: 71,5<br \/>C\u00e1mara trasera con flash: Si<br \/>Resoluci\u00f3n en velocidad de captura: 1920&#215;1080@30fps<br \/>Tipo de c\u00e1mara trasera: Triple c\u00e1mara<br \/>Modo de alto rango din\u00e1mico (HDR) de la c\u00e1mara: Si<br \/>Modo noche: Si<br \/>Reconocimiento de escenas de IA: Si<br \/>Conectividad:<br \/>Capacidad de la tarjeta SIM: SIM doble<br \/>Generaci\u00f3n de red m\u00f3vil: 5G<br \/>Tipo de tarjeta SIM: NanoSIM + eSIM<br \/>Est\u00e1ndares 3G: HSPA+<br \/>Est\u00e1ndar 5G: Sub6 SA\/NSA<br \/>Voces superpuestas LTE (VoLTE) compatibles: Si<br \/>Wifi: Si<br \/>Wi-Fi est\u00e1ndares: 802.11a, 802.11b, 802.11g, Wi-Fi 4 (802.11n), Wi-Fi 5 (802.11ac)<br \/>Bluetooth: Si<br \/>Versi\u00f3n de Bluetooth: 5.3<br \/>Velocidad de transmisi\u00f3n de datos 3G (m\u00e1x.): 53,7 Mbit\/s<br \/>Velocidad de transmisi\u00f3n de datos 4G (m\u00e1x.): 611 Mbit\/s<br \/>Velocidad de transmisi\u00f3n de datos 5G (m\u00e1x.): 3,47 Gbit\/s<br \/>Wi-Fi Direct: Si<br \/>Comunicaci\u00f3n de Campo Cercano (NFC): Si<br \/>Posicionamiento<br \/>GPS (sat\u00e9lite): Si<br \/>GLONASS: Si<br \/>BeiDou: Si<br \/>Galileo: Si<br \/>Br\u00fajula electr\u00f3nica: Si<br \/>GPS: Si<br \/>Otros:<br \/>Sensor de proximidad: Si<br \/>Aceler\u00f3metro: Si<br \/>Sensor de luz ambiental: Si<br \/>Giroscopio: Si<br \/>Bar\u00f3metro: Si<br \/>Dimensiones y peso:<br \/>Ancho: 75,5 mm<br \/>Profundidad: 7,99 mm<br \/>Altura: 167,6 mm<br \/>Peso: 196 g<br \/>Bater\u00eda:<br \/>Tiempo de recarga de la bater\u00eda: 1,7 h<br \/>Capacidad de bater\u00eda: 5010 mAh<\/p>\n","protected":false},"excerpt":{"rendered":"<p>Movil tcl 50 pro 5g 8 &#8211; 512gb azul<\/p>\n","protected":false},"featured_media":230380,"comment_status":"closed","ping_status":"open","template":"","meta":{"_et_pb_use_builder":"","_et_pb_old_content":"","_et_gb_content_width":""},"product_brand":[2132],"product_cat":[2058,2063,2062],"product_tag":[2228,2067,2133,2066],"class_list":{"0":"post-236897","1":"product","2":"type-product","3":"status-publish","4":"has-post-thumbnail","6":"product_brand-tcl","7":"product_cat-dispositivos","8":"product_cat-smartphones","9":"product_cat-telefonia","10":"product_tag-movil-tcl-50-pro-5g-8","11":"product_tag-smartphones","12":"product_tag-tcl","13":"product_tag-telefonia","14":"pa_canon-digital-incluida-325-e-incluidos","16":"first","17":"instock","18":"sale","19":"taxable","20":"shipping-taxable","21":"purchasable","22":"product-type-simple"},"_links":{"self":[{"href":"https:\/\/linkxa.es\/linkshop\/wp-json\/wp\/v2\/product\/236897","targetHints":{"allow":["GET"]}}],"collection":[{"href":"https:\/\/linkxa.es\/linkshop\/wp-json\/wp\/v2\/product"}],"about":[{"href":"https:\/\/linkxa.es\/linkshop\/wp-json\/wp\/v2\/types\/product"}],"replies":[{"embeddable":true,"href":"https:\/\/linkxa.es\/linkshop\/wp-json\/wp\/v2\/comments?post=236897"}],"wp:featuredmedia":[{"embeddable":true,"href":"https:\/\/linkxa.es\/linkshop\/wp-json\/wp\/v2\/media\/230380"}],"wp:attachment":[{"href":"https:\/\/linkxa.es\/linkshop\/wp-json\/wp\/v2\/media?parent=236897"}],"wp:term":[{"taxonomy":"product_brand","embeddable":true,"href":"https:\/\/linkxa.es\/linkshop\/wp-json\/wp\/v2\/product_brand?post=236897"},{"taxonomy":"product_cat","embeddable":true,"href":"https:\/\/linkxa.es\/linkshop\/wp-json\/wp\/v2\/product_cat?post=236897"},{"taxonomy":"product_tag","embeddable":true,"href":"https:\/\/linkxa.es\/linkshop\/wp-json\/wp\/v2\/product_tag?post=236897"}],"curies":[{"name":"wp","href":"https:\/\/api.w.org\/{rel}","templated":true}]}}