{"id":236902,"date":"2025-07-10T16:07:48","date_gmt":"2025-07-10T16:07:48","guid":{"rendered":"https:\/\/linkxa.es\/contratacion\/producto\/movil-tcl-60-se-nxtpaper-5g-2\/"},"modified":"2025-10-03T11:07:25","modified_gmt":"2025-10-03T11:07:25","slug":"movil-tcl-60-se-nxtpaper-5g-2","status":"publish","type":"product","link":"https:\/\/linkxa.es\/linkshop\/producto\/movil-tcl-60-se-nxtpaper-5g-2\/","title":{"rendered":"Movil tcl 60 se nxtpaper 5g"},"content":{"rendered":"<div style=\"text-align: center; margin-bottom: 20px;\">\n<h2 style=\"font-size: 22px; font-weight: 600; margin: 0; color: #333;\">\n    Tcl \u00a0|\u00a0 Smartphones<br \/>\n  <\/h2>\n<\/div>\n<p style=\"max-width: 700px; margin: 0 auto 30px auto; font-size: 18px; line-height: 1.6; color: #555; font-style: italic; text-align: center;\">\n  -DIMENSIONES Y PESO<\/p>\n<p>Dimensiones: 165,6 x 76,2 x 8,2 mm\u00a0<br \/>Peso: 190 gramos\u00a0<br \/>Teclas laterales: 3 (Volumen, Encendido, Tecla NXTPAPER)\u00a0<br \/>Clasificaci\u00f3n: IP54, dise\u00f1o ecol\u00f3gico\u00a0<\/p>\n<p>-PANTALLA<\/p>\n<p>Tama\u00f1o: 6,7&#8243;\u00a0<br \/>Tecnolog\u00eda: NXTPAPER\u00a0<br \/>Resoluci\u00f3n: HD+ (720 x 1600 p\u00edxeles), 263 ppi\u00a0<br \/>Frecuencia de actualizaci\u00f3n: 120 Hz\u00a0<br \/>Brillo: 550 nits (t\u00edpico)\u00a0<br \/>Relaci\u00f3n de aspecto: 20:9\u00a0<br \/>Relaci\u00f3n de contraste: 1500:1 (t\u00edpico)\u00a0<br \/>Tipo de vidrio: Pantalla perforada de vidrio 2.5D\u00a0<br \/>Recubrimiento antihuellas: S\u00ed\u00a0<br \/>Gama de colores: NTSC 72% (t\u00edpico)\u00a0<br \/>Relaci\u00f3n pantalla-cuerpo: VA:TP = 91,15% , VA:BD = 87,5%\u00a0<\/p>\n<p>-BATER\u00cdA Y CARGA<\/p>\n<p>Capacidad: 5200 mAh (t\u00edpico)\u00a0<br \/>Carga r\u00e1pida: 18 W\u00a0<br \/>Conector de carga: USB tipo C 2.0\u00a0<br \/>Tiempo de carga: 2.2 horas*\u00a0<br \/>Duraci\u00f3n estimada (DOU): 19 horas*\u00a0<\/p>\n<p>-SISTEMA OPERATIVO<\/p>\n<p>Versi\u00f3n preinstalada: Android\u0099 15\u00a0<\/p>\n<p>-PROCESADOR Y RENDIMIENTO<\/p>\n<p>Chipset: MT6835V\/TZB (6 nm)\u00a0<br \/>CPU: Octa-Core (2 x Cortex-A76 hasta 2,4 GHz + 6 x Cortex-A55 hasta 2,0 GHz)\u00a0<br \/>GPU: Mali-G57 MC2\u00a0<\/p>\n<p>-MEMORIA<\/p>\n<p>RAM: 8 GB + expansi\u00f3n de 10 GB\u00a0<br \/>Almacenamiento interno (ROM): 256 GB\u00a0<br \/>Almacenamiento externo: microSD hasta 2 TB\u00a0<\/p>\n<p>-C\u00c1MARAS<\/p>\n<p>C\u00e1mara principal:\u00a0<br \/>\u00a0 Resoluci\u00f3n: 50 MP (principal y macro) + 5 MP (ultra gran angular)\u00a0<br \/>\u00a0 Sensor: 1\/2,5&#8243;, p\u00edxel 0,7 ?m\u00a0<br \/>\u00a0 Apertura: F1.8\u00a0<br \/>\u00a0 Campo de visi\u00f3n: 79,9\u00b0\u00a0<br \/>\u00a0 Lente: 5P\u00a0<\/p>\n<p>C\u00e1mara frontal:\u00a0<br \/>\u00a0 Resoluci\u00f3n: 8 MP\u00a0<br \/>\u00a0 Sensor: 1\/4&#8243;, p\u00edxel 1,12 ?m\u00a0<br \/>\u00a0 Apertura: F2.0\u00a0<br \/>\u00a0 Campo de visi\u00f3n: 77,7\u00b0\u00a0<br \/>\u00a0 Lente: 4P\u00a0<\/p>\n<p>Captura de video: 1080P a 30 fps\u00a0<br \/>Funciones: Linterna, HDR, Panorama, Detecci\u00f3n autom\u00e1tica de escena, Toma fija\u00a0<\/p>\n<p>-CONECTIVIDAD<\/p>\n<p>Bluetooth: 5.4\u00a0<br \/>Wi-Fi: 802.11a\/b\/g\/n\/ac (2,4 GHz y 5 GHz), Wi-Fi Direct, pantalla Wi-Fi\u00a0<br \/>NFC: S\u00ed\u00a0<br \/>Conector de audio: S\u00ed\u00a0<br \/>SIM: Doble SIM (2 Nano 4FF) o 1 Nano SIM + 1 microSD\u00a0<br \/>Redes m\u00f3viles:\u00a0<br \/>\u00a0 5G NSA: DL hasta 2,74 Gbps \/ UL hasta 0,73 Gbps\u00a0<br \/>\u00a0 5G SA: DL hasta 3,27 Gbps \/ UL hasta 625 Mbps\u00a0<br \/>\u00a0 4G LTE UE Cat 7: DL CAT13 hasta 400 Mbps \/ UL CAT18 hasta 211 Mbps\u00a0<br \/>\u00a0 3G HSPA+: DL 42 Mbps \/ UL 11 Mbps\u00a0<br \/>\u00a0 2G GPRS\/EDGE\u00a0<\/p>\n<p>-SENSORES Y UBICACI\u00d3N<\/p>\n<p>Sensores: Aceler\u00f3metro, Sensor de proximidad, Sensor de luz, Br\u00fajula electr\u00f3nica, Giroscopio\u00a0<br \/>M\u00e9todos de autenticaci\u00f3n: Desbloqueo facial, Sensor de huellas (lateral)\u00a0<br \/>Sistemas de ubicaci\u00f3n: BDS, GPS, Glonass, Galileo, A-GPS\u00a0<\/p>\n<p>-AUDIO Y MULTIMEDIA<\/p>\n<p>Altavoces: 2 (est\u00e9reo)\u00a0<br \/>Voz HD: S\u00ed\u00a0<br \/>Formatos de audio: AAC, HE-AAC v1\/v2, AMR, AWB, MIDI, MP3, OGG VORBIS, WAV (Alaw\/Ulaw y sin procesar), FLAC, OPUS\u00a0<br \/>Formatos de video: H.263, MPEG4, H.264, H.265, VP8, VP9\u00a0<\/p>\n<p>-FUNCIONES DESTACADAS<\/p>\n<p>Pantalla NXTPAPER con protecci\u00f3n ocular\u00a0<br \/>Altavoces duales con sonido est\u00e9reo aumentado hasta 200%\u00a0<br \/>IA integrada para resumen de textos, generaci\u00f3n de ideas, escritura creativa y comprensi\u00f3n contextual\u00a0<br \/>Carga r\u00e1pida para uso diario sin interrupciones\u00a0<br \/>Productividad fluida gracias a gran capacidad de RAM y ROM\u00a0<\/p>\n","protected":false},"excerpt":{"rendered":"<p>Movil tcl 60 se nxtpaper 5g 8 &#8211; 256gb gris<\/p>\n","protected":false},"featured_media":236862,"comment_status":"closed","ping_status":"open","template":"","meta":{"_et_pb_use_builder":"","_et_pb_old_content":"","_et_gb_content_width":""},"product_brand":[2132],"product_cat":[2058,2063,2062],"product_tag":[3337,2067,2133,2066],"class_list":{"0":"post-236902","1":"product","2":"type-product","3":"status-publish","4":"has-post-thumbnail","6":"product_brand-tcl","7":"product_cat-dispositivos","8":"product_cat-smartphones","9":"product_cat-telefonia","10":"product_tag-movil-tcl-60-se-nxtpaper-5g","11":"product_tag-smartphones","12":"product_tag-tcl","13":"product_tag-telefonia","14":"pa_canon-digital-incluida-325-e-incluidos","16":"first","17":"instock","18":"sale","19":"taxable","20":"shipping-taxable","21":"purchasable","22":"product-type-simple"},"_links":{"self":[{"href":"https:\/\/linkxa.es\/linkshop\/wp-json\/wp\/v2\/product\/236902","targetHints":{"allow":["GET"]}}],"collection":[{"href":"https:\/\/linkxa.es\/linkshop\/wp-json\/wp\/v2\/product"}],"about":[{"href":"https:\/\/linkxa.es\/linkshop\/wp-json\/wp\/v2\/types\/product"}],"replies":[{"embeddable":true,"href":"https:\/\/linkxa.es\/linkshop\/wp-json\/wp\/v2\/comments?post=236902"}],"wp:featuredmedia":[{"embeddable":true,"href":"https:\/\/linkxa.es\/linkshop\/wp-json\/wp\/v2\/media\/236862"}],"wp:attachment":[{"href":"https:\/\/linkxa.es\/linkshop\/wp-json\/wp\/v2\/media?parent=236902"}],"wp:term":[{"taxonomy":"product_brand","embeddable":true,"href":"https:\/\/linkxa.es\/linkshop\/wp-json\/wp\/v2\/product_brand?post=236902"},{"taxonomy":"product_cat","embeddable":true,"href":"https:\/\/linkxa.es\/linkshop\/wp-json\/wp\/v2\/product_cat?post=236902"},{"taxonomy":"product_tag","embeddable":true,"href":"https:\/\/linkxa.es\/linkshop\/wp-json\/wp\/v2\/product_tag?post=236902"}],"curies":[{"name":"wp","href":"https:\/\/api.w.org\/{rel}","templated":true}]}}