{"id":236917,"date":"2024-12-29T04:53:16","date_gmt":"2024-12-29T04:53:16","guid":{"rendered":"https:\/\/linkxa.es\/contratacion\/producto\/movil-cubot-king-kong-9-6-5-pulgadas\/"},"modified":"2025-10-03T11:17:03","modified_gmt":"2025-10-03T11:17:03","slug":"movil-cubot-king-kong-9-6-5-pulgadas","status":"publish","type":"product","link":"https:\/\/linkxa.es\/linkshop\/producto\/movil-cubot-king-kong-9-6-5-pulgadas\/","title":{"rendered":"Movil cubot king kong 9 6.5 pulgadas"},"content":{"rendered":"<div style=\"text-align: center; margin-bottom: 20px;\">\n<h2 style=\"font-size: 22px; font-weight: 600; margin: 0; color: #333;\">\n    Cubot \u00a0|\u00a0 Smartphones<br \/>\n  <\/h2>\n<\/div>\n<p style=\"max-width: 700px; margin: 0 auto 30px auto; font-size: 18px; line-height: 1.6; color: #555; font-style: italic; text-align: center;\">\n  El Cubot KingKong 9 ha sido dise\u00f1ado con una pantalla de 6.58 pulgadas, la cual le ofrece un disfrute visual con una resoluci\u00f3n de pantalla FHD+. Cuanta con una gran capacidad de bater\u00eda con 10600<br \/>mAh y de memoria con sus 12GB de RAM (ampliables hasta 12GB adicionales de manera virtual) y 512GB de almacenamiento (ampliables con tarjeta microSD de hasta 1TB).<\/p>\n<p>Caracter\u00edsticas<br \/>El procesador MediaTek Helio G99 (MT6789) Octa Core con 12GB de RAM y 512GB de ROM, proporciona una experiencia de multitarea fluida y sin retraso.<br \/>Equipado con una c\u00e1mara de 100MP en la parte posterior que funciona en conjunto para mejorar sus fotos, adem\u00e1s de una gran c\u00e1mara Selfie de 32MP.<br \/>Enorme bater\u00eda con capacidad de 10600mAh, puede disfrutar de una larga vida sin tener que preocuparse por quedarse sin bater\u00eda.<br \/>Android 13, el Cubot KingKong 9 le ofrece una experiencia de operaci\u00f3n m\u00e1s simple, m\u00e1s inteligente y m\u00e1s r\u00e1pida.<br \/>Especificaciones Cubot KingKong 9<br \/>Sistema operativo Android 13<br \/>Procesador MediaTek Helio G99 (MT6789) Octa-Core, 64-bit (2 Cortex-A76 a 2.2 GHz + 6 Cortex-A55 a 2 GHz)<br \/>Pantalla 6.58&#8243; IPS FHD+ (1080 x 2408 pixeles)<br \/>Alta velocidad de refresco de pantalla de 120 Hz<br \/>Relaci\u00f3n de Aspecto: 20:9 | 401 PPI (Muy Alta Densidad)<br \/>Pantalla dual trasera circular para visualizar reloj o notificaciones<br \/>SIM<br \/>Dual Nano SIM (2x Nano SIM o 1x Nano SIM + 1x Micro SD)<br \/>Memoria<br \/>RAM: 12 GB (+12GB extensi\u00f3n virtual)<br \/>Almacenamiento interno: 512 GB (Ampliable con tarjeta microSD hasta 1TB)<br \/>C\u00e1maras<br \/>Triple c\u00e1mara trasera:<br \/>Principal: 100.0 MPx<br \/>C\u00e1mara Macro: 5.0 Mpx<br \/>C\u00e1mara Visi\u00f3n Nocturna: 24.0 Mpx con linterna LED de 1A y 2 LED infrarrojos<br \/>C\u00e1mara Frontal (Selfie): 32.0 MPx<br \/>Redes<br \/>GSM: 850\/900\/1800\/1900MHz<br \/>WCDMA: 1\/2\/4\/5\/6\/8\/19<br \/>FDD: 1\/2\/3\/4\/5\/7\/8\/12\/13\/17\/18\/19\/20\/25\/26\/28A+B\/66<br \/>TDD: 38\/39\/40\/41<br \/>Conectividad<br \/>Wi-Fi 2.4G \/5G 802.11abgn\/ac (no soporta AC MIMO)<br \/>Bluetooth: 5.2<br \/>NFC: S\u00ed (Compatible con Google Pay)<br \/>OTG: S\u00ed<br \/>Conector USB: Tipo C<br \/>Navegaci\u00f3n y posicionamiento<br \/>GPS<br \/>GLONASS<br \/>Galileo<br \/>BeiDou<br \/>Sensores<br \/>Proximidad<br \/>Aceler\u00f3metro<br \/>Magnetoscopio<br \/>Giroscopio<br \/>Sensor de luz ambiental<br \/>Otros<br \/>Protecci\u00f3n Antigolpes y Salpicaduras: IP68 + IP69K (M\u00e1xima Protecci\u00f3n)<br \/>Potente Linterna LED de 5000 Lumens. Ideal para actividades al aire libre como acampada, escalada, etc.<br \/>Dimensiones y peso<br \/>Alto: 172.0 mm<br \/>Ancho: 81.6 mm<br \/>Profundo: 17.7 mm<br \/>Peso: 390 g<br \/>Bater\u00eda<br \/>10600 mAh<br \/>Admite carga r\u00e1pida de 33W<br \/>Contenido del paquete<br \/>Smartphone Cubot KingKong 9<br \/>Cable de carga\/datos USB-C<br \/>Adaptador de corriente Europeo de Carga R\u00e1pida (PD 33W)<br \/>Extractor SIM<br \/>Gu\u00eda de configuraci\u00f3n r\u00e1pida<\/p>\n","protected":false},"excerpt":{"rendered":"<p>Movil cubot king kong 9 6.5 pulgadas &#8211; 12gb &#8211; 512gb  &#8211; negro<\/p>\n","protected":false},"featured_media":230503,"comment_status":"closed","ping_status":"open","template":"","meta":{"_et_pb_use_builder":"","_et_pb_old_content":"","_et_gb_content_width":""},"product_brand":[2181],"product_cat":[2058,2063,2062],"product_tag":[2182,2288,2067,2066],"class_list":{"0":"post-236917","1":"product","2":"type-product","3":"status-publish","4":"has-post-thumbnail","6":"product_brand-cubot","7":"product_cat-dispositivos","8":"product_cat-smartphones","9":"product_cat-telefonia","10":"product_tag-cubot","11":"product_tag-movil-cubot-king-kong-9-6-5-pulgadas","12":"product_tag-smartphones","13":"product_tag-telefonia","14":"pa_canon-digital-incluida-325-e-incluidos","16":"first","17":"instock","18":"sale","19":"taxable","20":"shipping-taxable","21":"purchasable","22":"product-type-simple"},"_links":{"self":[{"href":"https:\/\/linkxa.es\/linkshop\/wp-json\/wp\/v2\/product\/236917","targetHints":{"allow":["GET"]}}],"collection":[{"href":"https:\/\/linkxa.es\/linkshop\/wp-json\/wp\/v2\/product"}],"about":[{"href":"https:\/\/linkxa.es\/linkshop\/wp-json\/wp\/v2\/types\/product"}],"replies":[{"embeddable":true,"href":"https:\/\/linkxa.es\/linkshop\/wp-json\/wp\/v2\/comments?post=236917"}],"wp:featuredmedia":[{"embeddable":true,"href":"https:\/\/linkxa.es\/linkshop\/wp-json\/wp\/v2\/media\/230503"}],"wp:attachment":[{"href":"https:\/\/linkxa.es\/linkshop\/wp-json\/wp\/v2\/media?parent=236917"}],"wp:term":[{"taxonomy":"product_brand","embeddable":true,"href":"https:\/\/linkxa.es\/linkshop\/wp-json\/wp\/v2\/product_brand?post=236917"},{"taxonomy":"product_cat","embeddable":true,"href":"https:\/\/linkxa.es\/linkshop\/wp-json\/wp\/v2\/product_cat?post=236917"},{"taxonomy":"product_tag","embeddable":true,"href":"https:\/\/linkxa.es\/linkshop\/wp-json\/wp\/v2\/product_tag?post=236917"}],"curies":[{"name":"wp","href":"https:\/\/api.w.org\/{rel}","templated":true}]}}