{"id":236938,"date":"2025-09-30T12:16:22","date_gmt":"2025-09-30T12:16:22","guid":{"rendered":"https:\/\/linkxa.es\/contratacion\/producto\/telefono-movil-smartphone-cubot-king-kong\/"},"modified":"2025-10-03T11:23:01","modified_gmt":"2025-10-03T11:23:01","slug":"telefono-movil-smartphone-cubot-king-kong","status":"publish","type":"product","link":"https:\/\/linkxa.es\/linkshop\/producto\/telefono-movil-smartphone-cubot-king-kong\/","title":{"rendered":"Telefono movil smartphone cubot king kong"},"content":{"rendered":"<div style=\"text-align: center; margin-bottom: 20px;\">\n<h2 style=\"font-size: 22px; font-weight: 600; margin: 0; color: #333;\">\n    Cubot \u00a0|\u00a0 Smartphones<br \/>\n  <\/h2>\n<\/div>\n<p style=\"max-width: 700px; margin: 0 auto 30px auto; font-size: 18px; line-height: 1.6; color: #555; font-style: italic; text-align: center;\">\n  &#8211; MODELO Y DISE\u00d1O\u00a0<br \/>Modelo: Cubot KingKong ACE 2\u00a0<br \/>Dimensiones: 173.9 x 81.8 x 12.7 mm\u00a0<br \/>Peso: 283 g\u00a0<br \/>Colores disponibles: No especificado\u00a0<\/p>\n<p>&#8211; PROCESADOR Y RENDIMIENTO\u00a0<br \/>Procesador: MediaTek Helio G85 (Octa-Core, 64 bits)\u00a0<br \/>Memoria RAM: 6 GB (+10 GB extendida)\u00a0<br \/>Almacenamiento interno: 128 GB\u00a0<br \/>Expansi\u00f3n de almacenamiento: MicroSD hasta 1 TB\u00a0<\/p>\n<p>&#8211; SISTEMA OPERATIVO\u00a0<br \/>Android 14\u00a0<\/p>\n<p>&#8211; PANTALLA\u00a0<br \/>Tama\u00f1o: 6.56 pulgadas\u00a0<br \/>Resoluci\u00f3n: 720 x 1612 p\u00edxeles (HD+)\u00a0<br \/>Tasa de refresco: 90 Hz\u00a0<\/p>\n<p>&#8211; C\u00c1MARAS\u00a0<br \/>C\u00e1mara principal: 48 MP\u00a0<br \/>C\u00e1mara secundaria (frontal): 16 MP\u00a0<\/p>\n<p>&#8211; BATER\u00cdA\u00a0<br \/>Capacidad: 5100 mAh\u00a0<br \/>Carga r\u00e1pida: 18 W (incluye adaptador de corriente europeo)\u00a0<\/p>\n<p>&#8211; SIM Y CONECTIVIDAD\u00a0<br \/>SIM: Dual Nano SIM \/ 1 Nano SIM + 1 TF Card\u00a0<br \/>Red m\u00f3vil: 4G\u00a0<br \/>Frecuencias compatibles:\u00a0<br \/>\u00a0 &#8211; GSM: 850\/900\/1800\/1900MHz\u00a0<br \/>\u00a0 &#8211; WCDMA: 1\/2\/4\/5\/8\u00a0<br \/>\u00a0 &#8211; FDD LTE: 1\/2\/3\/4\/5\/7\/8\/12\/17\/20\/28A+B\u00a0<br \/>\u00a0 &#8211; TDD LTE: 41\u00a0<br \/>Wi-Fi: 2.4G\/5G (802.11a\/b\/g\/n\/ac), no soporta Wi-Fi 6\u00a0<br \/>Bluetooth: 5.0\u00a0<br \/>NFC: S\u00ed\u00a0<br \/>OTG: S\u00ed\u00a0<br \/>GPS: GPS+GLONASS+Galileo+Beidou+A-GPS\u00a0<\/p>\n<p>&#8211; SEGURIDAD\u00a0<br \/>Lector de huellas dactilares: S\u00ed\u00a0<br \/>Reconocimiento facial (Face ID): S\u00ed\u00a0<\/p>\n<p>&#8211; SENSORES\u00a0<br \/>Sensor de proximidad\u00a0<br \/>Aceler\u00f3metro\u00a0<br \/>Sensor magn\u00e9tico\u00a0<br \/>Giroscopio\u00a0<br \/>Sensor 3D\u00a0<br \/>Sensor de luz ambiental\u00a0<\/p>\n<p>&#8211; CONTENIDO DEL PAQUETE\u00a0<br \/>Smartphone Cubot KingKong ACE 2\u00a0<br \/>Cable de carga\/datos USB-C\u00a0<br \/>Adaptador de corriente europeo de 18 W\u00a0<br \/>Extractor SIM\u00a0<br \/>Gu\u00eda de configuraci\u00f3n r\u00e1pida\u00a0<br \/>**No incluye auriculares**\u00a0<\/p>\n<p>&#8211; GARANT\u00cdA\u00a0<br \/>3 a\u00f1os de garant\u00eda espa\u00f1ola\u00a0<\/p>\n<p>&#8211; USO RECOMENDADO\u00a0<br \/>Ideal para usuarios que buscan un smartphone resistente con buen rendimiento y gran autonom\u00eda\u00a0<br \/>Perfecto para actividades al aire libre y entornos exigentes<\/p>\n","protected":false},"excerpt":{"rendered":"<p>Telefono movil smartphone cubot king kong ace 2 6.56 pulgadas &#8211; 6gb &#8211; 128gb &#8211; 5100 mah<\/p>\n","protected":false},"featured_media":230530,"comment_status":"closed","ping_status":"open","template":"","meta":{"_et_pb_use_builder":"","_et_pb_old_content":"","_et_gb_content_width":""},"product_brand":[2181],"product_cat":[2058,2063,2062],"product_tag":[2182,2067,2066,2300],"class_list":{"0":"post-236938","1":"product","2":"type-product","3":"status-publish","4":"has-post-thumbnail","6":"product_brand-cubot","7":"product_cat-dispositivos","8":"product_cat-smartphones","9":"product_cat-telefonia","10":"product_tag-cubot","11":"product_tag-smartphones","12":"product_tag-telefonia","13":"product_tag-telefono-movil-smartphone-cubot-king-kong","14":"pa_canon-digital-incluida-325-e-incluidos","16":"first","17":"instock","18":"sale","19":"taxable","20":"shipping-taxable","21":"purchasable","22":"product-type-simple"},"_links":{"self":[{"href":"https:\/\/linkxa.es\/linkshop\/wp-json\/wp\/v2\/product\/236938","targetHints":{"allow":["GET"]}}],"collection":[{"href":"https:\/\/linkxa.es\/linkshop\/wp-json\/wp\/v2\/product"}],"about":[{"href":"https:\/\/linkxa.es\/linkshop\/wp-json\/wp\/v2\/types\/product"}],"replies":[{"embeddable":true,"href":"https:\/\/linkxa.es\/linkshop\/wp-json\/wp\/v2\/comments?post=236938"}],"wp:featuredmedia":[{"embeddable":true,"href":"https:\/\/linkxa.es\/linkshop\/wp-json\/wp\/v2\/media\/230530"}],"wp:attachment":[{"href":"https:\/\/linkxa.es\/linkshop\/wp-json\/wp\/v2\/media?parent=236938"}],"wp:term":[{"taxonomy":"product_brand","embeddable":true,"href":"https:\/\/linkxa.es\/linkshop\/wp-json\/wp\/v2\/product_brand?post=236938"},{"taxonomy":"product_cat","embeddable":true,"href":"https:\/\/linkxa.es\/linkshop\/wp-json\/wp\/v2\/product_cat?post=236938"},{"taxonomy":"product_tag","embeddable":true,"href":"https:\/\/linkxa.es\/linkshop\/wp-json\/wp\/v2\/product_tag?post=236938"}],"curies":[{"name":"wp","href":"https:\/\/api.w.org\/{rel}","templated":true}]}}