{"id":237198,"date":"2025-05-09T02:15:44","date_gmt":"2025-05-09T02:15:44","guid":{"rendered":"https:\/\/linkxa.es\/contratacion\/producto\/telefono-fijo-inalambrico-gigaset-a270-duo-2\/"},"modified":"2025-10-03T20:18:21","modified_gmt":"2025-10-03T20:18:21","slug":"telefono-fijo-inalambrico-gigaset-a270-duo-2","status":"publish","type":"product","link":"https:\/\/linkxa.es\/linkshop\/producto\/telefono-fijo-inalambrico-gigaset-a270-duo-2\/","title":{"rendered":"Telefono fijo inalambrico gigaset a270 duo"},"content":{"rendered":"<div style=\"text-align: center; margin-bottom: 20px;\">\n<h2 style=\"font-size: 22px; font-weight: 600; margin: 0; color: #333;\">\n    Gigaset \u00a0|\u00a0 Tel\u00e9fonos fijos<br \/>\n  <\/h2>\n<\/div>\n<p style=\"max-width: 700px; margin: 0 auto 30px auto; font-size: 18px; line-height: 1.6; color: #555; font-style: italic; text-align: center;\">\n  Caracter\u00edsticas:<br \/>Plug &#038; play instalaci\u00f3n muy f\u00e1cil: desembalar, conectar y llamar<br \/>(terminal registrado de f\u00e1brica)<br \/>Re-marcaci\u00f3n de los \u00faltimos 10 n\u00fameros<br \/>Muestra la fecha y hora, adem\u00e1s de la funci\u00f3n de alarma<br \/>Tecl\u00e1s f\u00e1ciles de usar con puntos sensibles a la presi\u00f3n<br \/>Visualizaci\u00f3n de la llamada con n\u00famero o nombre<br \/>ECO DECT<br \/>Especificaciones:<br \/>Caracter\u00edsticas generales<br \/>Conexi\u00f3n Anal\u00f3gico<br \/>N\u00famero de tel\u00e9fono (anal\u00f3gica) 1<br \/>N\u00famero de conversaciones simult\u00e1neas (anal\u00f3gica) 1<br \/>Standares DECT DECT<br \/>ECO DECT Reducci\u00f3n autom\u00e1tica de transmisi\u00f3n de enrg\u00eda, Libre de<br \/>radiaci\u00f3n en modo standby, Bajo consumo de energ\u00eda<br \/>Caracter\u00edsticas adicionales<br \/>Tiempo en modo en espera hasta (h) 200<br \/>Tiempo de conversaci\u00f3n hasta (h) 18<br \/>N\u00famero de registros en agenda telef\u00f3nica (nombre\/n\u00famero) 50<br \/>Funci\u00f3n de alarma Si<br \/>Se\u00f1alizaci\u00f3n \u00f3ptica de llamada (pantalla iluminada)<br \/>Pantalla iluminada<br \/>Llamadas internas gratuitas Si<br \/>Transferencia de tel\u00e9fonos\/libreta de direcciones interna a trav\u00e9s de<br \/>DECT (de terminal a terminal) Si<br \/>Transferencia interna de llamadas externas, llamada de conferencia,<br \/>devoluci\u00f3n de llamada Si<br \/>Caracter\u00edsticas de sonido<br \/>Conversaci\u00f3n manos libres S\u00ed<br \/>Volumen ajustable Mediante el Men\u00fa<br \/>Conversaci\u00f3n manos libres terminal \/ baset Terminal<br \/>N\u00famero de tonos 10<br \/>Caracter\u00edsticas de la pantalla<br \/>Tipo de pantalla Alfan\u00famerica blanco y negro<br \/>Dimensiones (alt. x anch. mm) 22 x 34<br \/>Diagonal (pulg.) 1,5<br \/>Resoluci\u00f3n (px) 70 x 8<br \/>Visualizaci\u00f3n del llamante en pantalla Indicaci\u00f3n del n\u00famero de tel\u00e9fono<br \/>llamante (CLIP)<br \/>Lista de las \u00faltimas llamadas perdidas (n\u00famero) con hora y fecha 25<br \/>Men\u00fa en varios idiomas (varios idiomas de pantalla) Si<br \/>Tiempo \/ Fecha mostrada Si<br \/>N\u00famero de idiomas 24<br \/>Caracter\u00edsticas del teclado<br \/>Manejo sencillo con teclas de navegaci\u00f3n Si<\/p>\n","protected":false},"excerpt":{"rendered":"<p>Telefono fijo inalambrico gigaset a270 duo negro 80 numeros agenda &#8211;  10 tonos &#8211;  manos libres<\/p>\n","protected":false},"featured_media":230681,"comment_status":"closed","ping_status":"open","template":"","meta":{"_et_pb_use_builder":"","_et_pb_old_content":"","_et_gb_content_width":""},"product_brand":[2311],"product_cat":[2058,2062,2312],"product_tag":[2313,2066,2347,2315],"class_list":{"0":"post-237198","1":"product","2":"type-product","3":"status-publish","4":"has-post-thumbnail","6":"product_brand-gigaset","7":"product_cat-dispositivos","8":"product_cat-telefonia","9":"product_cat-telefonos-fijos","10":"product_tag-gigaset","11":"product_tag-telefonia","12":"product_tag-telefono-fijo-inalambrico-gigaset-a270-duo","13":"product_tag-telefonos-fijos","14":"pa_canon-digital-incluida-0-e-incluidos","16":"first","17":"instock","18":"sale","19":"taxable","20":"shipping-taxable","21":"purchasable","22":"product-type-simple"},"_links":{"self":[{"href":"https:\/\/linkxa.es\/linkshop\/wp-json\/wp\/v2\/product\/237198","targetHints":{"allow":["GET"]}}],"collection":[{"href":"https:\/\/linkxa.es\/linkshop\/wp-json\/wp\/v2\/product"}],"about":[{"href":"https:\/\/linkxa.es\/linkshop\/wp-json\/wp\/v2\/types\/product"}],"replies":[{"embeddable":true,"href":"https:\/\/linkxa.es\/linkshop\/wp-json\/wp\/v2\/comments?post=237198"}],"wp:featuredmedia":[{"embeddable":true,"href":"https:\/\/linkxa.es\/linkshop\/wp-json\/wp\/v2\/media\/230681"}],"wp:attachment":[{"href":"https:\/\/linkxa.es\/linkshop\/wp-json\/wp\/v2\/media?parent=237198"}],"wp:term":[{"taxonomy":"product_brand","embeddable":true,"href":"https:\/\/linkxa.es\/linkshop\/wp-json\/wp\/v2\/product_brand?post=237198"},{"taxonomy":"product_cat","embeddable":true,"href":"https:\/\/linkxa.es\/linkshop\/wp-json\/wp\/v2\/product_cat?post=237198"},{"taxonomy":"product_tag","embeddable":true,"href":"https:\/\/linkxa.es\/linkshop\/wp-json\/wp\/v2\/product_tag?post=237198"}],"curies":[{"name":"wp","href":"https:\/\/api.w.org\/{rel}","templated":true}]}}