{"id":237205,"date":"2024-12-17T23:37:10","date_gmt":"2024-12-17T23:37:10","guid":{"rendered":"https:\/\/linkxa.es\/contratacion\/producto\/telefono-inalambrico-gigaset-conforrt-550-iberia\/"},"modified":"2025-10-03T20:23:16","modified_gmt":"2025-10-03T20:23:16","slug":"telefono-inalambrico-gigaset-conforrt-550-iberia","status":"publish","type":"product","link":"https:\/\/linkxa.es\/linkshop\/producto\/telefono-inalambrico-gigaset-conforrt-550-iberia\/","title":{"rendered":"Telefono inalambrico gigaset conforrt 550 iberia"},"content":{"rendered":"<div style=\"text-align: center; margin-bottom: 20px;\">\n<h2 style=\"font-size: 22px; font-weight: 600; margin: 0; color: #333;\">\n    Gigaset \u00a0|\u00a0 Tel\u00e9fonos fijos<br \/>\n  <\/h2>\n<\/div>\n<p style=\"max-width: 700px; margin: 0 auto 30px auto; font-size: 18px; line-height: 1.6; color: #555; font-style: italic; text-align: center;\">\n  El nuevo est\u00e1ndar de comunicaci\u00f3n en casa y para las oficinas dom\u00e9sticas<br \/>Dise\u00f1o atemporal y elegante<br \/>Pantalla TFT en color de 2,2&#8243; para una \u00f3ptima legibilidad<br \/>Funci\u00f3n de manos libres y conexi\u00f3n de auriculares<br \/>Dos teclas de visualizaci\u00f3n para funciones importantes<br \/>Nueva protecci\u00f3n de llamadas de confort<br \/>Agenda de tel\u00e9fonos con hasta 200 entradas<br \/>Manejo sencillo<br \/>D\u00edgitos grandes para marcar<br \/>Compatible con aud\u00edfonos<br \/>Clip de cintur\u00f3n extra\u00edble<\/p>\n<p>Especificaciones<br \/>General<br \/>Nombre de art\u00edculo Gigaset COMFORT 550<br \/>Caracter\u00edsticas generales<br \/>Conexi\u00f3n Anal\u00f3gico<br \/>N\u00famero de tel\u00e9fono (anal\u00f3gica) 1<br \/>N\u00famero de conversaciones simult\u00e1neas (anal\u00f3gica) 1<br \/>Standares DECT DECT, GAP, CAT iq 2.0 (auricular), CAT iq 2.1 (auricular)<br \/>Interfaz interna Conexi\u00f3n de auricular de 3,5 mm<br \/>ECO DECT Reducci\u00f3n autom\u00e1tica de transmisi\u00f3n de enrg\u00eda, Libre<br \/>de radiaci\u00f3n en modo standby, Bajo consumo de energ\u00eda<br \/>Caracter\u00edsticas adicionales<br \/>Tiempo en modo en espera hasta (h) 320<br \/>Tiempo de conversaci\u00f3n hasta (h) 17<br \/>N\u00famero de registros en libreta de direcciones (nombre, apellido, 3 n\u00fameros,<br \/>recordatorio de cita, tonos) 200<br \/>Tonos de llamadas individuales para entradas VIP Si<br \/>Supervisi\u00f3n de espacios (monitor de beb\u00e9s) Interno (se requiere<br \/>segundo terminal), Externa<br \/>Marcaci\u00f3n directa (Babycall) Si<br \/>Calendario Si<br \/>Funci\u00f3n de alarma Si<br \/>Tono de advertencia Si<br \/>Funci\u00f3n SMS Si<br \/>Call block function Si<br \/>Blacklist (number of entries) 150<br \/>Anonymous call suppression: Calls without CLIP number are only indicated<br \/>visually Si<br \/>Day \/ night mode: Timed ringtone deactivation on handset Si<br \/>Se\u00f1alizaci\u00f3n \u00f3ptica de llamada (pantalla iluminada) Pantalla<br \/>iluminada, La tecla de llamada parpadea<br \/>N\u00famero de terminales ampliables 6<br \/>Llamadas internas gratuitas Si<br \/>Transferencia de tel\u00e9fonos\/libreta de direcciones interna a trav\u00e9s de DECT<br \/>(de terminal a terminal) Si<br \/>Transferencia interna de llamadas externas, llamada de conferencia,<br \/>devoluci\u00f3n de llamada Si<br \/>Caracter\u00edsticas de sonido<br \/>Conversaci\u00f3n manos libres C\u00f3moda opci\u00f3n de manos libres (calidad Full<br \/>Duplex)<br \/>Conversaci\u00f3n manos libres terminal \/ baset Terminal<br \/>Volumen ajustable Mediante el Men\u00fa<br \/>N\u00famero de tonos 18<br \/>Caracter\u00edsticas de la pantalla<br \/>Tipo de pantalla Pantalla a color<br \/>Dimensiones (alt. x anch. mm) 44 x 35<br \/>Diagonal (pulg.) 2.2<br \/>Resoluci\u00f3n (px) 220 x 176<br \/>Fuents Jumbo S\u00ed<br \/>Visualizaci\u00f3n del llamante en pantalla Indicaci\u00f3n del n\u00famero de tel\u00e9fono<br \/>llamante (CLIP)<br \/>Lista de las \u00faltimas llamadas perdidas (n\u00famero) con hora y fecha 20<br \/>Lista con (n\u00famero de) llamadas salientes con hora y fecha 20<br \/>Lista con (n\u00famero de) llamadas entrantes con hora y fecha 20<br \/>Lista con (n\u00famero de) llamadas de todo tipo con hora y fecha 60<br \/>Men\u00fa en varios idiomas (varios idiomas de pantalla) Si<br \/>Tiempo \/ Fecha mostrada Si<br \/>N\u00famero de idiomas 26<br \/>Caracter\u00edsticas del teclado<br \/>Teclado iluminado Si<br \/>Manejo sencillo con teclas de navegaci\u00f3n Si<br \/>Tecla de mensajes Si<br \/>Tama\u00f1o\/especificaciones t\u00e9cnicas<br \/>Terminal, alt x anch x prof en mm 161 x 52 x 26<br \/>Terminal, peso incl. bater\u00eda en g 115<br \/>Estaci\u00f3n base, alt x anch x prof en mm 46 x 84 x 104<br \/>Estaci\u00f3n base, peso en g 76<br \/>Cargador, alt x anch x prof en mm 35 x 64 x 63<br \/>Cargador, peso en g 27<br \/>Bater\u00eda 2 x NiMH AAA<\/p>\n","protected":false},"excerpt":{"rendered":"<p>Telefono inalambrico gigaset conforrt 550 iberia<\/p>\n","protected":false},"featured_media":231093,"comment_status":"closed","ping_status":"open","template":"","meta":{"_et_pb_use_builder":"","_et_pb_old_content":"","_et_gb_content_width":""},"product_brand":[2311],"product_cat":[2058,2062,2312],"product_tag":[2313,2066,2514,2315],"class_list":{"0":"post-237205","1":"product","2":"type-product","3":"status-publish","4":"has-post-thumbnail","6":"product_brand-gigaset","7":"product_cat-dispositivos","8":"product_cat-telefonia","9":"product_cat-telefonos-fijos","10":"product_tag-gigaset","11":"product_tag-telefonia","12":"product_tag-telefono-inalambrico-gigaset-conforrt-550-iberia","13":"product_tag-telefonos-fijos","14":"pa_canon-digital-incluida-0-e-incluidos","16":"first","17":"instock","18":"sale","19":"taxable","20":"shipping-taxable","21":"purchasable","22":"product-type-simple"},"_links":{"self":[{"href":"https:\/\/linkxa.es\/linkshop\/wp-json\/wp\/v2\/product\/237205","targetHints":{"allow":["GET"]}}],"collection":[{"href":"https:\/\/linkxa.es\/linkshop\/wp-json\/wp\/v2\/product"}],"about":[{"href":"https:\/\/linkxa.es\/linkshop\/wp-json\/wp\/v2\/types\/product"}],"replies":[{"embeddable":true,"href":"https:\/\/linkxa.es\/linkshop\/wp-json\/wp\/v2\/comments?post=237205"}],"wp:featuredmedia":[{"embeddable":true,"href":"https:\/\/linkxa.es\/linkshop\/wp-json\/wp\/v2\/media\/231093"}],"wp:attachment":[{"href":"https:\/\/linkxa.es\/linkshop\/wp-json\/wp\/v2\/media?parent=237205"}],"wp:term":[{"taxonomy":"product_brand","embeddable":true,"href":"https:\/\/linkxa.es\/linkshop\/wp-json\/wp\/v2\/product_brand?post=237205"},{"taxonomy":"product_cat","embeddable":true,"href":"https:\/\/linkxa.es\/linkshop\/wp-json\/wp\/v2\/product_cat?post=237205"},{"taxonomy":"product_tag","embeddable":true,"href":"https:\/\/linkxa.es\/linkshop\/wp-json\/wp\/v2\/product_tag?post=237205"}],"curies":[{"name":"wp","href":"https:\/\/api.w.org\/{rel}","templated":true}]}}