{"id":237226,"date":"2025-05-22T16:23:12","date_gmt":"2025-05-22T16:23:12","guid":{"rendered":"https:\/\/linkxa.es\/contratacion\/producto\/telefono-motorola-dect-e211-wireless-inalambrico-2\/"},"modified":"2025-10-03T20:50:34","modified_gmt":"2025-10-03T20:50:34","slug":"telefono-motorola-dect-e211-wireless-inalambrico-2","status":"publish","type":"product","link":"https:\/\/linkxa.es\/linkshop\/producto\/telefono-motorola-dect-e211-wireless-inalambrico-2\/","title":{"rendered":"Telefono motorola dect e211 wireless inalambrico"},"content":{"rendered":"<div style=\"text-align: center; margin-bottom: 20px;\">\n<h2 style=\"font-size: 22px; font-weight: 600; margin: 0; color: #333;\">\n    Motorola \u00a0|\u00a0 Tel\u00e9fonos fijos<br \/>\n  <\/h2>\n<\/div>\n<p style=\"max-width: 700px; margin: 0 auto 30px auto; font-size: 18px; line-height: 1.6; color: #555; font-style: italic; text-align: center;\">\n  DESCRIPCI\u00d3N<br \/>conversaciones, f\u00e1ciles El Motorola E2 es elegante, f\u00e1cil de usar y con grandes<br \/>prestaciones. Tiene una pantalla en blanco y negro retroiluminada en color ambar e<br \/>incorpora todas las funciones esenciales de llamada de un tel\u00e9fono inal\u00e1mbrico<br \/>moderno. lo \u00faltimo en tecnolog\u00eda de bloqueo de llamadas Con la gama Motorola E2<br \/>puede bloquear hasta 10 n\u00fameros espec\u00edficos, lo que significa que ya no le<br \/>molestar\u00e1n llamadas intrusivas. Para momentos en los que desee paz y tranquilidad,<br \/>solo tiene que pasar a No molestar para que su tel\u00e9fono no suene ni se ilumine.<br \/>ESPECIFICACIONES T\u00c9CNICAS<\/p>\n<p>Caracter\u00edsticas del tel\u00e9fono<br \/>Altavoz<br \/>Si<br \/>Capacidad de lista de direcciones<br \/>50 entradas<br \/>Exhibici\u00f3n<br \/>Color de luz de fondo<br \/>\u00c1mbar<br \/>Monitor con luz de fondo<br \/>Si<br \/>Pantalla incorporada<br \/>Si<br \/>Pantalla<br \/>LCD<br \/>Indicaci\u00f3n<br \/>LED en la base<br \/>Si<br \/>Contenido del embalaje<br \/>Estaci\u00f3n base<br \/>Si<br \/>N\u00famero de tel\u00e9fonos m\u00f3viles incluidos<br \/>1<\/p>\n<p>Gesti\u00f3n de llamadas<br \/>Bloqueo de llamadas<br \/>Si<br \/>Capacidad de lista de llamadas<br \/>10<br \/>Identificador de llamadas<br \/>Si<br \/>Remarcado<br \/>Si<br \/>Dise\u00f1o<br \/>Tel\u00e9fono Ancianos<br \/>No<br \/>Botones retroiluminados<br \/>Si<br \/>Color del producto<br \/>Negro<br \/>Tipo de montaje<br \/>Independiente<br \/>Desempe\u00f1o<br \/>Contestador autom\u00e1tico<br \/>Si<br \/>Tipo<br \/>Tel\u00e9fono DECT<br \/>Tipo de auricular<br \/>Terminal inal\u00e1mbrico<\/p>\n","protected":false},"excerpt":{"rendered":"<p>Telefono motorola dect e211 wireless inalambrico con contestador<\/p>\n","protected":false},"featured_media":230727,"comment_status":"closed","ping_status":"open","template":"","meta":{"_et_pb_use_builder":"","_et_pb_old_content":"","_et_gb_content_width":""},"product_brand":[2081],"product_cat":[2058,2062,2312],"product_tag":[2082,2066,2365,2315],"class_list":{"0":"post-237226","1":"product","2":"type-product","3":"status-publish","4":"has-post-thumbnail","6":"product_brand-motorola","7":"product_cat-dispositivos","8":"product_cat-telefonia","9":"product_cat-telefonos-fijos","10":"product_tag-motorola","11":"product_tag-telefonia","12":"product_tag-telefono-motorola-dect-e211-wireless-inalambrico","13":"product_tag-telefonos-fijos","14":"pa_canon-digital-incluida-0-e-incluidos","16":"first","17":"instock","18":"sale","19":"taxable","20":"shipping-taxable","21":"purchasable","22":"product-type-simple"},"_links":{"self":[{"href":"https:\/\/linkxa.es\/linkshop\/wp-json\/wp\/v2\/product\/237226","targetHints":{"allow":["GET"]}}],"collection":[{"href":"https:\/\/linkxa.es\/linkshop\/wp-json\/wp\/v2\/product"}],"about":[{"href":"https:\/\/linkxa.es\/linkshop\/wp-json\/wp\/v2\/types\/product"}],"replies":[{"embeddable":true,"href":"https:\/\/linkxa.es\/linkshop\/wp-json\/wp\/v2\/comments?post=237226"}],"wp:featuredmedia":[{"embeddable":true,"href":"https:\/\/linkxa.es\/linkshop\/wp-json\/wp\/v2\/media\/230727"}],"wp:attachment":[{"href":"https:\/\/linkxa.es\/linkshop\/wp-json\/wp\/v2\/media?parent=237226"}],"wp:term":[{"taxonomy":"product_brand","embeddable":true,"href":"https:\/\/linkxa.es\/linkshop\/wp-json\/wp\/v2\/product_brand?post=237226"},{"taxonomy":"product_cat","embeddable":true,"href":"https:\/\/linkxa.es\/linkshop\/wp-json\/wp\/v2\/product_cat?post=237226"},{"taxonomy":"product_tag","embeddable":true,"href":"https:\/\/linkxa.es\/linkshop\/wp-json\/wp\/v2\/product_tag?post=237226"}],"curies":[{"name":"wp","href":"https:\/\/api.w.org\/{rel}","templated":true}]}}