{"id":237228,"date":"2025-01-26T17:44:30","date_gmt":"2025-01-26T17:44:30","guid":{"rendered":"https:\/\/linkxa.es\/contratacion\/producto\/telefono-inalambrico-dect-digital-motorola-cd5001\/"},"modified":"2025-10-03T20:52:47","modified_gmt":"2025-10-03T20:52:47","slug":"telefono-inalambrico-dect-digital-motorola-cd5001","status":"publish","type":"product","link":"https:\/\/linkxa.es\/linkshop\/producto\/telefono-inalambrico-dect-digital-motorola-cd5001\/","title":{"rendered":"Telefono inalambrico dect digital motorola cd5001"},"content":{"rendered":"<div style=\"text-align: center; margin-bottom: 20px;\">\n<h2 style=\"font-size: 22px; font-weight: 600; margin: 0; color: #333;\">\n    Motorola \u00a0|\u00a0 Tel\u00e9fonos fijos<br \/>\n  <\/h2>\n<\/div>\n<p style=\"max-width: 700px; margin: 0 auto 30px auto; font-size: 18px; line-height: 1.6; color: #555; font-style: italic; text-align: center;\">\n  El Motorola CD5 est\u00e1 dise\u00f1ado para hacer que la comunicaci\u00f3n sea f\u00e1cil y accesible<br \/>para todos, brindando una multitud de funciones \u00fatiles en un dise\u00f1o atractivo y<br \/>elegante.<\/p>\n<p>Con un teclado grande y f\u00e1cil de usar con gr\u00e1ficos iluminados, la pantalla es grande y<br \/>brillante para garantizar una f\u00e1cil lectura de la informaci\u00f3n de la pantalla. De dise\u00f1o<br \/>ergon\u00f3mico, el tel\u00e9fono tiene un teclado t\u00e1ctil y una cubierta trasera de goma para<br \/>brindar comodidad y agarre seguro.<\/p>\n<p>General<br \/>Marca: MOTOROLA<br \/>Part Number: 107CD5001WHITE<br \/>Categor\u00edas: TELEFON\u00cdA<br \/>Reacondicionado: No<br \/>Reposici\u00f3n &#8211; Etiqueta: No<br \/>Peso Volumetrico 0.58 Kg.<br \/>Memoria<br \/>Capacidad de lista de direcciones: 150 entradas<br \/>Capacidad de lista de llamadas: 20<br \/>Pantalla<br \/>Pulgadas: 1.8<br \/>Resoluci\u00f3n: 128 x 64 Pixeles<br \/>Color de luz de fondo: Color blanco<br \/>Pantalla t\u00e1ctil: No<br \/>Detalles t\u00e9cnicos<br \/>Identificador de llamadas: Si<br \/>Color: Blanco<br \/>Bater\u00eda<br \/>Tipo de bater\u00eda: AA<br \/>Seguridad<br \/>Lector de huella: No<\/p>\n","protected":false},"excerpt":{"rendered":"<p>Telefono inalambrico dect digital motorola cd5001 blanco &#8211;  pantalla retroiluminada &#8211;  teclas grandes<\/p>\n","protected":false},"featured_media":237229,"comment_status":"closed","ping_status":"open","template":"","meta":{"_et_pb_use_builder":"","_et_pb_old_content":"","_et_gb_content_width":""},"product_brand":[2081],"product_cat":[2058,2062,2312],"product_tag":[2082,2066,3352,2315],"class_list":{"0":"post-237228","1":"product","2":"type-product","3":"status-publish","4":"has-post-thumbnail","6":"product_brand-motorola","7":"product_cat-dispositivos","8":"product_cat-telefonia","9":"product_cat-telefonos-fijos","10":"product_tag-motorola","11":"product_tag-telefonia","12":"product_tag-telefono-inalambrico-dect-digital-motorola-cd5001","13":"product_tag-telefonos-fijos","14":"pa_canon-digital-incluida-0-e-incluidos","16":"first","17":"instock","18":"sale","19":"taxable","20":"shipping-taxable","21":"purchasable","22":"product-type-simple"},"_links":{"self":[{"href":"https:\/\/linkxa.es\/linkshop\/wp-json\/wp\/v2\/product\/237228","targetHints":{"allow":["GET"]}}],"collection":[{"href":"https:\/\/linkxa.es\/linkshop\/wp-json\/wp\/v2\/product"}],"about":[{"href":"https:\/\/linkxa.es\/linkshop\/wp-json\/wp\/v2\/types\/product"}],"replies":[{"embeddable":true,"href":"https:\/\/linkxa.es\/linkshop\/wp-json\/wp\/v2\/comments?post=237228"}],"wp:featuredmedia":[{"embeddable":true,"href":"https:\/\/linkxa.es\/linkshop\/wp-json\/wp\/v2\/media\/237229"}],"wp:attachment":[{"href":"https:\/\/linkxa.es\/linkshop\/wp-json\/wp\/v2\/media?parent=237228"}],"wp:term":[{"taxonomy":"product_brand","embeddable":true,"href":"https:\/\/linkxa.es\/linkshop\/wp-json\/wp\/v2\/product_brand?post=237228"},{"taxonomy":"product_cat","embeddable":true,"href":"https:\/\/linkxa.es\/linkshop\/wp-json\/wp\/v2\/product_cat?post=237228"},{"taxonomy":"product_tag","embeddable":true,"href":"https:\/\/linkxa.es\/linkshop\/wp-json\/wp\/v2\/product_tag?post=237228"}],"curies":[{"name":"wp","href":"https:\/\/api.w.org\/{rel}","templated":true}]}}