{"id":237233,"date":"2025-02-05T02:57:19","date_gmt":"2025-02-05T02:57:19","guid":{"rendered":"https:\/\/linkxa.es\/contratacion\/producto\/telefono-motorola-s1202-duo-negro\/"},"modified":"2025-10-03T20:55:04","modified_gmt":"2025-10-03T20:55:04","slug":"telefono-motorola-s1202-duo-negro","status":"publish","type":"product","link":"https:\/\/linkxa.es\/linkshop\/producto\/telefono-motorola-s1202-duo-negro\/","title":{"rendered":"Telefono motorola s1202 duo negro"},"content":{"rendered":"<div style=\"text-align: center; margin-bottom: 20px;\">\n<h2 style=\"font-size: 22px; font-weight: 600; margin: 0; color: #333;\">\n    Motorola \u00a0|\u00a0 Tel\u00e9fonos fijos<br \/>\n  <\/h2>\n<\/div>\n<p style=\"max-width: 700px; margin: 0 auto 30px auto; font-size: 18px; line-height: 1.6; color: #555; font-style: italic; text-align: center;\">\n  DESCRIPCI\u00d3N<br \/>Motorola S12 Duo. Tipo: Tel\u00e9fono DECT, Tipo de auricular: Terminal inal\u00e1mbrico.<br \/>Identificador de llamadas. Color del producto: Negro. N\u00famero de tel\u00e9fonos m\u00f3viles<br \/>incluidos: 2<br \/>ESPECIFICACIONES T\u00c9CNICAS<\/p>\n<p>Caracter\u00edsticas del tel\u00e9fono<br \/>Altavoz<br \/>No<br \/>Exhibici\u00f3n<br \/>Pantalla incorporada<br \/>Si<br \/>Pantalla<br \/>LCD<br \/>Puertos e Interfaces<br \/>Enchufe de entrada de CC<br \/>Si<br \/>Conexi\u00f3n inal\u00e1mbrica<br \/>Si<br \/>Caracter\u00edsticas de administraci\u00f3n<br \/>Control de volumen<br \/>Digital<br \/>Idiomas de soporte<br \/>Multi<br \/>Tecla de navegaci\u00f3n<br \/>Si<br \/>Indicaci\u00f3n<br \/>Indicador de capacidad de bater\u00eda<br \/>Si<br \/>Indicador de carga de la bater\u00eda<br \/>Si<\/p>\n<p>Contenido del embalaje<br \/>Manual de usuario<br \/>Si<br \/>N\u00famero de tel\u00e9fonos m\u00f3viles incluidos<br \/>2<br \/>Gesti\u00f3n de llamadas<br \/>Identificador de llamadas<br \/>Si<br \/>Llamada en espera<br \/>Si<br \/>Dise\u00f1o<br \/>Tel\u00e9fono Ancianos<br \/>No<br \/>Cantidad de botones<br \/>21<br \/>Color del producto<br \/>Negro<br \/>Tipo de montaje<br \/>Escritorio<br \/>Desempe\u00f1o<br \/>Contestador autom\u00e1tico<br \/>No<br \/>Tipo<br \/>Tel\u00e9fono DECT<br \/>Tipo de auricular<br \/>Terminal inal\u00e1mbrico<\/p>\n","protected":false},"excerpt":{"rendered":"<p>Telefono motorola s1202 duo negro<\/p>\n","protected":false},"featured_media":230798,"comment_status":"closed","ping_status":"open","template":"","meta":{"_et_pb_use_builder":"","_et_pb_old_content":"","_et_gb_content_width":""},"product_brand":[2081],"product_cat":[2058,2062,2312],"product_tag":[2082,2066,2388,2315],"class_list":{"0":"post-237233","1":"product","2":"type-product","3":"status-publish","4":"has-post-thumbnail","6":"product_brand-motorola","7":"product_cat-dispositivos","8":"product_cat-telefonia","9":"product_cat-telefonos-fijos","10":"product_tag-motorola","11":"product_tag-telefonia","12":"product_tag-telefono-motorola-s1202-duo-negro","13":"product_tag-telefonos-fijos","14":"pa_canon-digital-incluida-0-e-incluidos","16":"first","17":"instock","18":"sale","19":"taxable","20":"shipping-taxable","21":"purchasable","22":"product-type-simple"},"_links":{"self":[{"href":"https:\/\/linkxa.es\/linkshop\/wp-json\/wp\/v2\/product\/237233","targetHints":{"allow":["GET"]}}],"collection":[{"href":"https:\/\/linkxa.es\/linkshop\/wp-json\/wp\/v2\/product"}],"about":[{"href":"https:\/\/linkxa.es\/linkshop\/wp-json\/wp\/v2\/types\/product"}],"replies":[{"embeddable":true,"href":"https:\/\/linkxa.es\/linkshop\/wp-json\/wp\/v2\/comments?post=237233"}],"wp:featuredmedia":[{"embeddable":true,"href":"https:\/\/linkxa.es\/linkshop\/wp-json\/wp\/v2\/media\/230798"}],"wp:attachment":[{"href":"https:\/\/linkxa.es\/linkshop\/wp-json\/wp\/v2\/media?parent=237233"}],"wp:term":[{"taxonomy":"product_brand","embeddable":true,"href":"https:\/\/linkxa.es\/linkshop\/wp-json\/wp\/v2\/product_brand?post=237233"},{"taxonomy":"product_cat","embeddable":true,"href":"https:\/\/linkxa.es\/linkshop\/wp-json\/wp\/v2\/product_cat?post=237233"},{"taxonomy":"product_tag","embeddable":true,"href":"https:\/\/linkxa.es\/linkshop\/wp-json\/wp\/v2\/product_tag?post=237233"}],"curies":[{"name":"wp","href":"https:\/\/api.w.org\/{rel}","templated":true}]}}