{"id":237246,"date":"2024-11-25T23:53:31","date_gmt":"2024-11-25T23:53:31","guid":{"rendered":"https:\/\/linkxa.es\/contratacion\/producto\/telefono-inalambrico-spc-kairo-blanco-pantalla\/"},"modified":"2025-10-03T21:00:42","modified_gmt":"2025-10-03T21:00:42","slug":"telefono-inalambrico-spc-kairo-blanco-pantalla","status":"publish","type":"product","link":"https:\/\/linkxa.es\/linkshop\/producto\/telefono-inalambrico-spc-kairo-blanco-pantalla\/","title":{"rendered":"Telefono inalambrico spc kairo blanco pantalla"},"content":{"rendered":"<div style=\"text-align: center; margin-bottom: 20px;\">\n<h2 style=\"font-size: 22px; font-weight: 600; margin: 0; color: #333;\">\n    Spc \u00a0|\u00a0 Tel\u00e9fonos fijos<br \/>\n  <\/h2>\n<\/div>\n<p style=\"max-width: 700px; margin: 0 auto 30px auto; font-size: 18px; line-height: 1.6; color: #555; font-style: italic; text-align: center;\">\n  Especificaciones SPC 7331N Telefono Inal\u00e1mbrico KAIRO Blanco<\/p>\n<p>Marca SPC<br \/>Modelo<br \/>7331B<br \/>Pantalla &#8211; Luz en pantalla.<br \/>&#8211; Nombre del port\u00e1til configurable.<br \/>&#8211; Tiempo de conversaci\u00f3n en pantalla.<br \/>&#8211; Indicador del estado de la bater\u00eda.<br \/>&#8211; Indicador de cobertura.<br \/>Caracter\u00edsticas<br \/>Identificaci\u00f3n de llamada<br \/>&#8211; Identificaci\u00f3n de llamada en espera.<br \/>&#8211; Listado de llamadas recibidas: 20 posiciones.<br \/>&#8211; Listado de llamadas realizadas: 10 posiciones.<br \/>&#8211; Rellamada al \u00faltimo n\u00famero marcado.<br \/>&#8211; Bloqueo de llamadas.<br \/>Teclado<br \/>&#8211; Teclado iluminado.<br \/>&#8211; Marcaci\u00f3n en colgado.<br \/>&#8211; Bloqueo de teclado.<br \/>&#8211; Mute \/ Silenciado del micr\u00f3fono.<br \/>&#8211; Descolgado autom\u00e1tico configurable.<br \/>&#8211; Teclado sonoro configurable.<br \/>&#8211; Tecla R configurable.<br \/>&#8211; Tecla de encendido y apagado del port\u00e1til.<br \/>Sonido<br \/>&#8211; 5 niveles de volumen del auricular y manos libres.<br \/>&#8211; 6 niveles de timbre (incluido silencio).<br \/>Melod\u00edas de timbre<br \/>&#8211; 10 melod\u00edas de timbre en port\u00e1til: 5 polif\u00f3nicas y 5 normales.<br \/>Funcionalidades GAP<br \/>&#8211; GAP compatible.<br \/>&#8211; N\u00famero de port\u00e1tiles que una base puede soportar: hasta 5.<br \/>&#8211; N\u00famero de bases en las que un port\u00e1til se puede registrar: 4.<br \/>&#8211; Transferencia de llamadas entre port\u00e1tiles.<br \/>&#8211; Llamadas internas entre port\u00e1tiles.<br \/>&#8211; Conferencia a tres: 2 internas y 1 externa.<br \/>Otros par\u00e1metros<br \/>&#8211; Idioma seleccionable: Espa\u00f1ol, Italiano, Portugu\u00e9s, Ingl\u00e9s, Alem\u00e1n, Holand\u00e9s,<br \/>Franc\u00e9s, Ruso. Funci\u00f3n alarma.<br \/>&#8211; Ajuste de fecha y hora.<br \/>&#8211; N\u00famero PIN configurable.<br \/>&#8211; B\u00fasqueda del port\u00e1til desde la base.<br \/>&#8211; Tipo de marcaci\u00f3n: Tonos o Pulsos.<br \/>&#8211; Modo ECO.<br \/>&#8211; Conexi\u00f3n telef\u00f3nica RJ11.<br \/>&#8211; Compatible con las redes telef\u00f3nicas anal\u00f3gicas Espa\u00f1olas.<br \/>Dimensiones y Peso<br \/>&#8211; Alto: 165 x 49 x 26 mm. Peso: 117 g.<\/p>\n","protected":false},"excerpt":{"rendered":"<p>Telefono inalambrico spc kairo blanco pantalla<\/p>\n","protected":false},"featured_media":230802,"comment_status":"closed","ping_status":"open","template":"","meta":{"_et_pb_use_builder":"","_et_pb_old_content":"","_et_gb_content_width":""},"product_brand":[2127],"product_cat":[2058,2062,2312],"product_tag":[2128,2066,2390,2315],"class_list":{"0":"post-237246","1":"product","2":"type-product","3":"status-publish","4":"has-post-thumbnail","6":"product_brand-spc","7":"product_cat-dispositivos","8":"product_cat-telefonia","9":"product_cat-telefonos-fijos","10":"product_tag-spc","11":"product_tag-telefonia","12":"product_tag-telefono-inalambrico-spc-kairo-blanco-pantalla","13":"product_tag-telefonos-fijos","14":"pa_canon-digital-incluida-0-e-incluidos","16":"first","17":"instock","18":"sale","19":"taxable","20":"shipping-taxable","21":"purchasable","22":"product-type-simple"},"_links":{"self":[{"href":"https:\/\/linkxa.es\/linkshop\/wp-json\/wp\/v2\/product\/237246","targetHints":{"allow":["GET"]}}],"collection":[{"href":"https:\/\/linkxa.es\/linkshop\/wp-json\/wp\/v2\/product"}],"about":[{"href":"https:\/\/linkxa.es\/linkshop\/wp-json\/wp\/v2\/types\/product"}],"replies":[{"embeddable":true,"href":"https:\/\/linkxa.es\/linkshop\/wp-json\/wp\/v2\/comments?post=237246"}],"wp:featuredmedia":[{"embeddable":true,"href":"https:\/\/linkxa.es\/linkshop\/wp-json\/wp\/v2\/media\/230802"}],"wp:attachment":[{"href":"https:\/\/linkxa.es\/linkshop\/wp-json\/wp\/v2\/media?parent=237246"}],"wp:term":[{"taxonomy":"product_brand","embeddable":true,"href":"https:\/\/linkxa.es\/linkshop\/wp-json\/wp\/v2\/product_brand?post=237246"},{"taxonomy":"product_cat","embeddable":true,"href":"https:\/\/linkxa.es\/linkshop\/wp-json\/wp\/v2\/product_cat?post=237246"},{"taxonomy":"product_tag","embeddable":true,"href":"https:\/\/linkxa.es\/linkshop\/wp-json\/wp\/v2\/product_tag?post=237246"}],"curies":[{"name":"wp","href":"https:\/\/api.w.org\/{rel}","templated":true}]}}