{"id":237249,"date":"2025-05-27T08:38:01","date_gmt":"2025-05-27T08:38:01","guid":{"rendered":"https:\/\/linkxa.es\/contratacion\/producto\/kit-telefono-fijo-dect-motorola-2\/"},"modified":"2025-10-03T21:02:00","modified_gmt":"2025-10-03T21:02:00","slug":"kit-telefono-fijo-dect-motorola-2","status":"publish","type":"product","link":"https:\/\/linkxa.es\/linkshop\/producto\/kit-telefono-fijo-dect-motorola-2\/","title":{"rendered":"Kit telefono fijo + dect motorola"},"content":{"rendered":"<div style=\"text-align: center; margin-bottom: 20px;\">\n<h2 style=\"font-size: 22px; font-weight: 600; margin: 0; color: #333;\">\n    Motorola \u00a0|\u00a0 Tel\u00e9fonos fijos<br \/>\n  <\/h2>\n<\/div>\n<p style=\"max-width: 700px; margin: 0 auto 30px auto; font-size: 18px; line-height: 1.6; color: #555; font-style: italic; text-align: center;\">\n  Especificaciones MOTOROLA C4201 Telefono Combo Fijo + DECT Negro<\/p>\n<p>Marca Motorola<br \/>Modelo E10E09K19B1GSG03<br \/>Caracter\u00edsticas &#8211; Posibilidad de realizar y recibir llamadas del tel\u00e9fono fijo de cable al tel\u00e9fono inal\u00e1mbrico.<br \/>&#8211; Modo de emergencia para realizar llamadas desde el tel\u00e9fono fijo de cable sin adaptador de corriente.<br \/>&#8211; Transferencia de llamadas entre tel\u00e9fono de cable e inal\u00e1mbricos.<br \/>&#8211; Pantalla retroiluminada azul brillante en ambos terminales<br \/>&#8211; Altavoz manos libres.<br \/>&#8211; Tel\u00e9fono inal\u00e1mbrico para ubicarlo en cualquier lugar<br \/>&#8211; Agenda de 50 contactos<\/p>\n","protected":false},"excerpt":{"rendered":"<p>Kit telefono fijo + dect motorola c4201 negro<\/p>\n","protected":false},"featured_media":230773,"comment_status":"closed","ping_status":"open","template":"","meta":{"_et_pb_use_builder":"","_et_pb_old_content":"","_et_gb_content_width":""},"product_brand":[2081],"product_cat":[2058,2062,2312],"product_tag":[2380,2082,2066,2315],"class_list":{"0":"post-237249","1":"product","2":"type-product","3":"status-publish","4":"has-post-thumbnail","6":"product_brand-motorola","7":"product_cat-dispositivos","8":"product_cat-telefonia","9":"product_cat-telefonos-fijos","10":"product_tag-kit-telefono-fijo-dect-motorola","11":"product_tag-motorola","12":"product_tag-telefonia","13":"product_tag-telefonos-fijos","14":"pa_canon-digital-incluida-0-e-incluidos","16":"first","17":"instock","18":"sale","19":"taxable","20":"shipping-taxable","21":"purchasable","22":"product-type-simple"},"_links":{"self":[{"href":"https:\/\/linkxa.es\/linkshop\/wp-json\/wp\/v2\/product\/237249","targetHints":{"allow":["GET"]}}],"collection":[{"href":"https:\/\/linkxa.es\/linkshop\/wp-json\/wp\/v2\/product"}],"about":[{"href":"https:\/\/linkxa.es\/linkshop\/wp-json\/wp\/v2\/types\/product"}],"replies":[{"embeddable":true,"href":"https:\/\/linkxa.es\/linkshop\/wp-json\/wp\/v2\/comments?post=237249"}],"wp:featuredmedia":[{"embeddable":true,"href":"https:\/\/linkxa.es\/linkshop\/wp-json\/wp\/v2\/media\/230773"}],"wp:attachment":[{"href":"https:\/\/linkxa.es\/linkshop\/wp-json\/wp\/v2\/media?parent=237249"}],"wp:term":[{"taxonomy":"product_brand","embeddable":true,"href":"https:\/\/linkxa.es\/linkshop\/wp-json\/wp\/v2\/product_brand?post=237249"},{"taxonomy":"product_cat","embeddable":true,"href":"https:\/\/linkxa.es\/linkshop\/wp-json\/wp\/v2\/product_cat?post=237249"},{"taxonomy":"product_tag","embeddable":true,"href":"https:\/\/linkxa.es\/linkshop\/wp-json\/wp\/v2\/product_tag?post=237249"}],"curies":[{"name":"wp","href":"https:\/\/api.w.org\/{rel}","templated":true}]}}