{"id":237251,"date":"2025-05-15T12:10:03","date_gmt":"2025-05-15T12:10:03","guid":{"rendered":"https:\/\/linkxa.es\/contratacion\/producto\/telefono-fijo-motorola-inalambrico-s1203-trio\/"},"modified":"2025-10-03T21:02:52","modified_gmt":"2025-10-03T21:02:52","slug":"telefono-fijo-motorola-inalambrico-s1203-trio","status":"publish","type":"product","link":"https:\/\/linkxa.es\/linkshop\/producto\/telefono-fijo-motorola-inalambrico-s1203-trio\/","title":{"rendered":"Telefono fijo motorola inalambrico s1203 trio"},"content":{"rendered":"<div style=\"text-align: center; margin-bottom: 20px;\">\n<h2 style=\"font-size: 22px; font-weight: 600; margin: 0; color: #333;\">\n    Motorola \u00a0|\u00a0 Tel\u00e9fonos fijos<br \/>\n  <\/h2>\n<\/div>\n<p style=\"max-width: 700px; margin: 0 auto 30px auto; font-size: 18px; line-height: 1.6; color: #555; font-style: italic; text-align: center;\">\n  Especificaciones MOTOROLA S1203 Telefono DECT TRIO Colores<\/p>\n<p>El Motorola S12 es perfecto para sus necesidades en llamadas residenciales, viene equipado con una gran pantalla, manos libres y la opci\u00f3n de contestador autom\u00e1tico. El Motorola S12 tambi\u00e9n est\u00e1 disponible en una atrevida variedad de<br \/>colores a juego con su gran pantalla. Motorola dar\u00e1 un toque de color a su casa.<\/p>\n<p>Marca Motorola<br \/>Modelo C69000D48O3AESAR<br \/>Caracter\u00edsticas General<br \/>&#8211; Compatible GAB<br \/>&#8211; Hasta 4 bases, ampliable hasta 5 terminales<br \/>&#8211; Estaci\u00f3n base \/ seguridad del terminal<br \/>&#8211; Alcance interior\/exterior &#8211; hasta 50m \/ 300m<br \/>&#8211; Modo de marcaci\u00f3n &#8211; tono y pulso<br \/>&#8211; B\u00fasqueda de terminales<br \/>&#8211; Aviso de fuera de alcance<br \/>&#8211; Encendido\/apagado del tel\u00e9fono<br \/>&#8211; Posibilidad de poner nombre a los terminales<br \/>&#8211; Bloqueo del teclado<br \/>Pantalla<br \/>&#8211; 1 l\u00ednea blanco y negro alfanum\u00e9rico &#8211; pantalla 14 segmentos<br \/>&#8211; Pantalla retroiluminada brillante &#8211; para fijar un color<br \/>&#8211; Reloj \/ Alarma<br \/>&#8211; Cron\u00f3metro de duraci\u00f3n de llamada<br \/>&#8211; ECO reduce el consumo de energ\u00edar<br \/>&#8211; 17 idiomas a elegir<br \/>Sonido \/ Audio<br \/>&#8211; Altavoz manos libres<br \/>&#8211; 5 melod\u00edas de timbre polif\u00f3nicas<br \/>&#8211; 5 melod\u00edas de timbre monof\u00f3nicas<br \/>&#8211; Ajuste del volumen de la base 5 niveles y silencio<br \/>&#8211; Ajuste del volumen del terminal- 5 niveles y silencio<br \/>&#8211; Volumen del auricular del tel\u00e9fono &#8211; 5 niveles<br \/>&#8211; Tono de teclado on\/off<br \/>Llamadas<br \/>&#8211; Agenda para 50 nombres y n\u00fameros<br \/>&#8211; Aparecen los nombres de la agenda en las llamadas entrantes<br \/>&#8211; Identificaci\u00f3n de llamadas &#8211; tipo I \/ tipo II<br \/>&#8211; Lista de llamadas entrantes &#8211; 402<br \/>&#8211; D\u00eda y hora de la lista de llamadas<br \/>&#8211; Memorias de rellamada &#8211; 10 entradas<br \/>&#8211; Copiar identificaci\u00f3n de n\u00famero entrante a la agenda<br \/>&#8211; Copiar n\u00famero en memoria de rellamada a la agenda<br \/>&#8211; Modo MUTE<br \/>&#8211; Auto-Talk(respuesta autom\u00e1tica) \/ Standby<br \/>&#8211; Rellamada<br \/>&#8211; Pre-marcaci\u00f3n posible<br \/>&#8211; Conferencia a 3<br \/>&#8211; Transferencia de llamadas entre telefonos<br \/>&#8211; Comunicaci\u00f3n entre terminales<br \/>&#8211; Longitud m\u00e1xima de n\u00famero de rellamada &#8211; 32 cifras<br \/>&#8211; Longitud m\u00e1xima de nombre en agenda &#8211; 12 caracteres<br \/>&#8211; Longitud m\u00e1xima de n\u00famero en memoria &#8211; 24 cifras<br \/>&#8211; Longitud m\u00e1xima de nombre de terminal &#8211; 10 caracteres<br \/>Energ\u00eda<br \/>&#8211; Alimentaci\u00f3n eficiente de energ\u00eda<br \/>&#8211; 2 bater\u00edas recargables AAA de NiMH<br \/>&#8211; Advertencia de bater\u00eda baja<br \/>&#8211; Tiempo en conversaci\u00f3n y tiempo en espera &#8211; hasta 10hrs \/ 200hrs<\/p>\n","protected":false},"excerpt":{"rendered":"<p>Telefono fijo motorola inalambrico s1203 trio<\/p>\n","protected":false},"featured_media":230836,"comment_status":"closed","ping_status":"open","template":"","meta":{"_et_pb_use_builder":"","_et_pb_old_content":"","_et_gb_content_width":""},"product_brand":[2081],"product_cat":[2058,2062,2312],"product_tag":[2082,2066,2403,2315],"class_list":{"0":"post-237251","1":"product","2":"type-product","3":"status-publish","4":"has-post-thumbnail","6":"product_brand-motorola","7":"product_cat-dispositivos","8":"product_cat-telefonia","9":"product_cat-telefonos-fijos","10":"product_tag-motorola","11":"product_tag-telefonia","12":"product_tag-telefono-fijo-motorola-inalambrico-s1203-trio","13":"product_tag-telefonos-fijos","14":"pa_canon-digital-incluida-0-e-incluidos","16":"first","17":"instock","18":"sale","19":"taxable","20":"shipping-taxable","21":"purchasable","22":"product-type-simple"},"_links":{"self":[{"href":"https:\/\/linkxa.es\/linkshop\/wp-json\/wp\/v2\/product\/237251","targetHints":{"allow":["GET"]}}],"collection":[{"href":"https:\/\/linkxa.es\/linkshop\/wp-json\/wp\/v2\/product"}],"about":[{"href":"https:\/\/linkxa.es\/linkshop\/wp-json\/wp\/v2\/types\/product"}],"replies":[{"embeddable":true,"href":"https:\/\/linkxa.es\/linkshop\/wp-json\/wp\/v2\/comments?post=237251"}],"wp:featuredmedia":[{"embeddable":true,"href":"https:\/\/linkxa.es\/linkshop\/wp-json\/wp\/v2\/media\/230836"}],"wp:attachment":[{"href":"https:\/\/linkxa.es\/linkshop\/wp-json\/wp\/v2\/media?parent=237251"}],"wp:term":[{"taxonomy":"product_brand","embeddable":true,"href":"https:\/\/linkxa.es\/linkshop\/wp-json\/wp\/v2\/product_brand?post=237251"},{"taxonomy":"product_cat","embeddable":true,"href":"https:\/\/linkxa.es\/linkshop\/wp-json\/wp\/v2\/product_cat?post=237251"},{"taxonomy":"product_tag","embeddable":true,"href":"https:\/\/linkxa.es\/linkshop\/wp-json\/wp\/v2\/product_tag?post=237251"}],"curies":[{"name":"wp","href":"https:\/\/api.w.org\/{rel}","templated":true}]}}