{"id":237252,"date":"2025-01-25T16:04:24","date_gmt":"2025-01-25T16:04:24","guid":{"rendered":"https:\/\/linkxa.es\/contratacion\/producto\/telefono-fijo-spc-comfort-numbers-2\/"},"modified":"2025-10-03T21:03:20","modified_gmt":"2025-10-03T21:03:20","slug":"telefono-fijo-spc-comfort-numbers-2","status":"publish","type":"product","link":"https:\/\/linkxa.es\/linkshop\/producto\/telefono-fijo-spc-comfort-numbers-2\/","title":{"rendered":"Telefono fijo spc comfort numbers 2"},"content":{"rendered":"<div style=\"text-align: center; margin-bottom: 20px;\">\n<h2 style=\"font-size: 22px; font-weight: 600; margin: 0; color: #333;\">\n    Spc \u00a0|\u00a0 Tel\u00e9fonos fijos<br \/>\n  <\/h2>\n<\/div>\n<p style=\"max-width: 700px; margin: 0 auto 30px auto; font-size: 18px; line-height: 1.6; color: #555; font-style: italic; text-align: center;\">\n  SPC 3295B Telefono CONFORT NUMBERS 2 Blanco<br \/>Teclas y n\u00fameros gigantes<br \/>Tel\u00e9fono altamente indicado para personas mayores o con p\u00e9rdida de visi\u00f3n, ya que incorpora teclas y n\u00fameros gigantes con gran contraste para garantizar una alta legibilidad.<\/p>\n<p>Compatible con aud\u00edfonos<br \/>Gracias a esta funcionalidad, las personas usuarias de aud\u00edfonos pueden disfrutar de conversaciones n\u00edtidas sin interferencias o distorsiones molestas.<\/p>\n<p>3 memorias directas con foto<br \/>En la parte superior se ubican 3 botones de llamada directa con posibilidad de poner una fotograf\u00eda sobre ellos, para un uso realmente intuitivo y f\u00e1cil.<\/p>\n<p>Marca SPC<br \/>Modelo 3295B<br \/>Caracter\u00edsticas Datos t\u00e9cnicos<br \/>&#8211; Mute \/ silenciado del micr\u00f3fono<br \/>&#8211; 3 x Memorias directas<br \/>&#8211; 10 x memorias indirectas<br \/>&#8211; Rellamada al \u00faltimo n\u00famero marcado<br \/>&#8211; Luz de timbre<br \/>&#8211; Manos libres<br \/>&#8211; Tecla r<br \/>Sonido<br \/>&#8211; Niveles de volumen de auricular y manos libres regulable<br \/>&#8211; Niveles de volumen de timbre: 3 (incluido silencio)<br \/>&#8211; Amplificaci\u00f3n extra del volumen del auricular: +10db<br \/>&#8211; Compatible con aud\u00edfonos<br \/>Otros<br \/>&#8211; Montaje de sobremesa o mural<br \/>&#8211; Marcaci\u00f3n tonos<br \/>&#8211; Conexi\u00f3n telef\u00f3nica RJ11<br \/>&#8211; Compatible con las redes an\u00e1logicas espa\u00f1olas<br \/>Dimensiones y peso<br \/>&#8211; 155 x 210 x 60mm<br \/>&#8211; 554g<br \/>Contenido<br \/>&#8211; T\u00e9lefono<br \/>&#8211; Cable de l\u00ednea<br \/>&#8211; Cable rizado<br \/>&#8211; Manual de usuario<\/p>\n","protected":false},"excerpt":{"rendered":"<p>Telefono fijo spc comfort numbers 2 blanco manos libres &#8211; teclas grandes &#8211; tecla r &#8211; 3 memo.direc<\/p>\n","protected":false},"featured_media":230855,"comment_status":"closed","ping_status":"open","template":"","meta":{"_et_pb_use_builder":"","_et_pb_old_content":"","_et_gb_content_width":""},"product_brand":[2127],"product_cat":[2058,2062,2312],"product_tag":[2128,2066,2410,2315],"class_list":{"0":"post-237252","1":"product","2":"type-product","3":"status-publish","4":"has-post-thumbnail","6":"product_brand-spc","7":"product_cat-dispositivos","8":"product_cat-telefonia","9":"product_cat-telefonos-fijos","10":"product_tag-spc","11":"product_tag-telefonia","12":"product_tag-telefono-fijo-spc-comfort-numbers-2","13":"product_tag-telefonos-fijos","14":"pa_canon-digital-incluida-0-e-incluidos","16":"first","17":"instock","18":"sale","19":"taxable","20":"shipping-taxable","21":"purchasable","22":"product-type-simple"},"_links":{"self":[{"href":"https:\/\/linkxa.es\/linkshop\/wp-json\/wp\/v2\/product\/237252","targetHints":{"allow":["GET"]}}],"collection":[{"href":"https:\/\/linkxa.es\/linkshop\/wp-json\/wp\/v2\/product"}],"about":[{"href":"https:\/\/linkxa.es\/linkshop\/wp-json\/wp\/v2\/types\/product"}],"replies":[{"embeddable":true,"href":"https:\/\/linkxa.es\/linkshop\/wp-json\/wp\/v2\/comments?post=237252"}],"wp:featuredmedia":[{"embeddable":true,"href":"https:\/\/linkxa.es\/linkshop\/wp-json\/wp\/v2\/media\/230855"}],"wp:attachment":[{"href":"https:\/\/linkxa.es\/linkshop\/wp-json\/wp\/v2\/media?parent=237252"}],"wp:term":[{"taxonomy":"product_brand","embeddable":true,"href":"https:\/\/linkxa.es\/linkshop\/wp-json\/wp\/v2\/product_brand?post=237252"},{"taxonomy":"product_cat","embeddable":true,"href":"https:\/\/linkxa.es\/linkshop\/wp-json\/wp\/v2\/product_cat?post=237252"},{"taxonomy":"product_tag","embeddable":true,"href":"https:\/\/linkxa.es\/linkshop\/wp-json\/wp\/v2\/product_tag?post=237252"}],"curies":[{"name":"wp","href":"https:\/\/api.w.org\/{rel}","templated":true}]}}