{"id":237253,"date":"2025-04-27T03:14:19","date_gmt":"2025-04-27T03:14:19","guid":{"rendered":"https:\/\/linkxa.es\/contratacion\/producto\/telefono-inalambrico-spc-dect-air-pro\/"},"modified":"2025-10-03T21:04:13","modified_gmt":"2025-10-03T21:04:13","slug":"telefono-inalambrico-spc-dect-air-pro","status":"publish","type":"product","link":"https:\/\/linkxa.es\/linkshop\/producto\/telefono-inalambrico-spc-dect-air-pro\/","title":{"rendered":"Telefono inalambrico spc dect air pro"},"content":{"rendered":"<div style=\"text-align: center; margin-bottom: 20px;\">\n<h2 style=\"font-size: 22px; font-weight: 600; margin: 0; color: #333;\">\n    Spc \u00a0|\u00a0 Tel\u00e9fonos fijos<br \/>\n  <\/h2>\n<\/div>\n<p style=\"max-width: 700px; margin: 0 auto 30px auto; font-size: 18px; line-height: 1.6; color: #555; font-style: italic; text-align: center;\">\n  SPC 7302N Telefono DECT AIR PRO DUO Negro<br \/>Un esencial sorprendentemente completo<br \/>Con pantalla iluminada, identificador de llamadas, manos libres, silenciador de micr\u00f3fono para llamadas en espera, alarma, 6 vol\u00famenes de timbre, 10 melod\u00edas y 16 idiomas.<\/p>\n<p>Modo eco: menos radiaciones<br \/>El tel\u00e9fono no emite ninguna radiaci\u00f3n si est\u00e1 en la base y las reduce de forma dr\u00e1stica si est\u00e1 en modo de espera. Durante una llamada, su tecnolog\u00eda respetuosa con el medioambiente ajusta la transmisi\u00f3n de energ\u00eda a la distancia<br \/>entre la estaci\u00f3n base y el terminal. Esto disminuye el consumo energ\u00e9tico y optimiza la vida \u00fatil de la bater\u00eda.<\/p>\n<p>Facilidades para hablar<br \/>Comun\u00edcate con otras estancias de tu hogar o lugar de trabajo realizando llamadas sin coste entre terminales y transfiere llamadas entrantes entre ellos sin moverte de donde est\u00e9s.<\/p>\n<p>Marca SPC<br \/>Modelo<br \/>7302N<br \/>Pantalla &#8211; Pantalla iluminada con luz de fondo azul<br \/>&#8211; Nombre de port\u00e1til configurable<br \/>&#8211; Indicadores en pantalla<br \/>Tiempo de conversaci\u00f3n<br \/>Estado de la bater\u00eda<br \/>Cobertura<br \/>Caracter\u00edsticas<br \/>General<br \/>&#8211; Identificaci\u00f3n de llamada<br \/>&#8211; Agenda: 20 nombres y n\u00fameros<br \/>&#8211; Listado de llamadas recibidas: 10<br \/>&#8211; Listado de llamadas realizadas: 5<br \/>&#8211; Rellamada al \u00faltimo n\u00famero marcado<br \/>Caracter\u00edsticas adicionales<br \/>&#8211; Compatible con GAP<br \/>&#8211; Hasta 5 x n\u00ba de port\u00e1tiles que una base puede soportar<br \/>&#8211; Transferencia de llamada entre port\u00e1tiles<br \/>&#8211; Llamadas internas desde port\u00e1tiles<br \/>&#8211; Conferencia a 3: 2 internas y 1 externa<br \/>&#8211; Manos libres<br \/>&#8211; Modo Eco<br \/>&#8211; Idiomas: ES, EN, DE, FR, IT, PT, NL, TR, RU, FI, HU, PL, EL, DA, CS, SV<br \/>&#8211; Funci\u00f3n alarma<br \/>&#8211; Ajuste de fecha y hora<br \/>&#8211; N\u00famero PIN configurable<br \/>&#8211; B\u00fasqueda del port\u00e1til desde la base<br \/>&#8211; Tipo de marcaci\u00f3n: Tonos o pulsos<br \/>&#8211; Conexi\u00f3n telef\u00f3nica RJ11<br \/>&#8211; Compatible con las redes anal\u00f3gicas espa\u00f1olas<br \/>Sonido<br \/>&#8211; 10 x melod\u00edas de timbre<br \/>&#8211; 5 x niveles de volumen de auricular y manos libres<br \/>&#8211; 6 x niveles de volumen de timbre(incluido silencio)<br \/>Teclado<br \/>&#8211; Mute \/ Silenciado del micr\u00f3fono<br \/>&#8211; Marcaci\u00f3n en colgado<br \/>&#8211; Bloqueo de teclado<br \/>&#8211; Descolgado autom\u00e1tico configurable<br \/>&#8211; Teclado sonoro configurable<br \/>&#8211; Tecla R configurable<br \/>&#8211; Tecla de encendido y apagado del port\u00e1til<br \/>Dimensiones y Peso<br \/>&#8211; 160 x 48 x 28 mm<br \/>&#8211; 117g<br \/>Contenido<br \/>&#8211; 2 x tel\u00e9fonos<br \/>&#8211; 2 bases cargadoras<br \/>&#8211; 2 alimentadores<br \/>&#8211; Bater\u00edas<br \/>&#8211; Manual de usuario<br \/>&#8211; Cable de l\u00ednea<\/p>\n","protected":false},"excerpt":{"rendered":"<p>Telefono inalambrico spc dect air pro duo negro<\/p>\n","protected":false},"featured_media":230857,"comment_status":"closed","ping_status":"open","template":"","meta":{"_et_pb_use_builder":"","_et_pb_old_content":"","_et_gb_content_width":""},"product_brand":[2127],"product_cat":[2058,2062,2312],"product_tag":[2128,2066,2411,2315],"class_list":{"0":"post-237253","1":"product","2":"type-product","3":"status-publish","4":"has-post-thumbnail","6":"product_brand-spc","7":"product_cat-dispositivos","8":"product_cat-telefonia","9":"product_cat-telefonos-fijos","10":"product_tag-spc","11":"product_tag-telefonia","12":"product_tag-telefono-inalambrico-spc-dect-air-pro","13":"product_tag-telefonos-fijos","14":"pa_canon-digital-incluida-0-e-incluidos","16":"first","17":"instock","18":"sale","19":"taxable","20":"shipping-taxable","21":"purchasable","22":"product-type-simple"},"_links":{"self":[{"href":"https:\/\/linkxa.es\/linkshop\/wp-json\/wp\/v2\/product\/237253","targetHints":{"allow":["GET"]}}],"collection":[{"href":"https:\/\/linkxa.es\/linkshop\/wp-json\/wp\/v2\/product"}],"about":[{"href":"https:\/\/linkxa.es\/linkshop\/wp-json\/wp\/v2\/types\/product"}],"replies":[{"embeddable":true,"href":"https:\/\/linkxa.es\/linkshop\/wp-json\/wp\/v2\/comments?post=237253"}],"wp:featuredmedia":[{"embeddable":true,"href":"https:\/\/linkxa.es\/linkshop\/wp-json\/wp\/v2\/media\/230857"}],"wp:attachment":[{"href":"https:\/\/linkxa.es\/linkshop\/wp-json\/wp\/v2\/media?parent=237253"}],"wp:term":[{"taxonomy":"product_brand","embeddable":true,"href":"https:\/\/linkxa.es\/linkshop\/wp-json\/wp\/v2\/product_brand?post=237253"},{"taxonomy":"product_cat","embeddable":true,"href":"https:\/\/linkxa.es\/linkshop\/wp-json\/wp\/v2\/product_cat?post=237253"},{"taxonomy":"product_tag","embeddable":true,"href":"https:\/\/linkxa.es\/linkshop\/wp-json\/wp\/v2\/product_tag?post=237253"}],"curies":[{"name":"wp","href":"https:\/\/api.w.org\/{rel}","templated":true}]}}