{"id":237255,"date":"2024-12-20T07:15:33","date_gmt":"2024-12-20T07:15:33","guid":{"rendered":"https:\/\/linkxa.es\/contratacion\/producto\/telefono-inalambrico-spc-dect-art-blanco\/"},"modified":"2025-10-03T21:05:24","modified_gmt":"2025-10-03T21:05:24","slug":"telefono-inalambrico-spc-dect-art-blanco","status":"publish","type":"product","link":"https:\/\/linkxa.es\/linkshop\/producto\/telefono-inalambrico-spc-dect-art-blanco\/","title":{"rendered":"Telefono inalambrico spc dect art blanco"},"content":{"rendered":"<div style=\"text-align: center; margin-bottom: 20px;\">\n<h2 style=\"font-size: 22px; font-weight: 600; margin: 0; color: #333;\">\n    Spc \u00a0|\u00a0 Tel\u00e9fonos fijos<br \/>\n  <\/h2>\n<\/div>\n<p style=\"max-width: 700px; margin: 0 auto 30px auto; font-size: 18px; line-height: 1.6; color: #555; font-style: italic; text-align: center;\">\n  Tel\u00e9fono fijo inal\u00e1mbrico SPC Art con pantalla iluminada, identificador de llamadas, manos libres, modo mute, compatibilidad GAP y Modo Eco.<\/p>\n<p>Agenda 20 contactos<br \/>Disponible en blanco y negro<br \/>Elegante dise\u00f1o<\/p>\n<p>Identifica qui\u00e9n te llama<\/p>\n<p>En su pantalla retroiluminada en color azul de 35&#215;22 mm ver\u00e1s, adem\u00e1s del tiempo de conversaci\u00f3n, la fecha\/hora, el estado de la bater\u00eda y el n\u00famero o nombre de la persona que te est\u00e1 llamando gracias a la funci\u00f3n de identificaci\u00f3n de<br \/>llamadas siempre y cuando tengas este servicio contratado con tu operador telef\u00f3nico.<br \/>El c\u00f3mo se habla lo decides t\u00fa<\/p>\n<p>Si durante una llamada quieres que la persona que est\u00e1 al otro lado no escuche nada de lo que ocurre a tu alrededor, activa el Modo Mute para silenciar el micr\u00f3fono todo el tiempo que necesites.<\/p>\n<p>Presiona el bot\u00f3n de Manos Libres de tu inal\u00e1mbrico si quieres hablar sin manos mientras est\u00e1s en una conversaci\u00f3n telef\u00f3nica. Habla c\u00f3modamente mientras cocinas, tomas notas o consultas algo en tu ordenador.<br \/>Un hogar con menos radiaciones<\/p>\n<p>La tecnolog\u00eda ECO que incorpora este tel\u00e9fono fijo inal\u00e1mbrico es respetuosa con el medioambiente promoviendo el ahorro energ\u00e9tico y la optimizaci\u00f3n de la vida de sus bater\u00edas incluidas en la caja. Gracias a esta tecnolog\u00eda, los tel\u00e9fonos<br \/>no emiten ninguna radiaci\u00f3n si est\u00e1n sobre la base y se reduce dr\u00e1sticamente cuando el dispositivo se encuentra en modo espera.<br \/>Hasta 5 tel\u00e9fonos con una sola toma<\/p>\n<p>La compatibilidad GAP permite sincronizar hasta 5 inal\u00e1mbricos a una misma base conectada a la toma telef\u00f3nica. Podr\u00e1s realizar llamadas sin coste entre terminales, transferir llamadas entrantes entre ellos sin moverte de donde est\u00e9s o<br \/>establecer conferencias.<br \/>Dise\u00f1o elegante en 2 colores<\/p>\n<p>Disponible en dos colores y con una base de carga tan estable como elegante, con un delicado dise\u00f1o inspirado en gotas de agua que le dotan de una personalidad \u00fanica.<br \/>Especificaciones SPC Art 7310BS:<\/p>\n<p>Desempe\u00f1o<br \/>Contestador autom\u00e1tico: Si<br \/>Tipo de auricular: Terminal inal\u00e1mbrico<br \/>N\u00famero de melod\u00edas: 10<br \/>N\u00famero de niveles del ajuste de volumen: 6<br \/>N\u00famero de niveles de volumen del auricular: 5<br \/>Modo ECO: Si<br \/>Compatible con GAP:: Si<br \/>Tecla de encendido\/apagado: Si<\/p>\n<p>Dise\u00f1o<br \/>Tipo de montaje: Escritorio<br \/>Color del producto: Blanco<br \/>Cantidad de botones: 21<br \/>Botones grandes: Si<br \/>Bloqueo del teclado: Si<br \/>Antena integrada: Si<\/p>\n<p>Caracter\u00edsticas del tel\u00e9fono<br \/>Altavoz: Si<br \/>Capacidad de lista de direcciones: 50 entradas<br \/>Micr\u00f3fono mudo: Si<br \/>Capacidad para m\u00faltiples tel\u00e9fonos: 4<\/p>\n<p>Gesti\u00f3n de llamadas<br \/>Identificador de llamadas: Si<br \/>Remarcado: Si<br \/>Capacidad de lista de llamadas: 5<br \/>Llamada en conferencia: Si<br \/>Registro de llamadas: 10<br \/>Transferencia de llamada expl\u00edcita: Si<\/p>\n<p>Caracter\u00edsticas de administraci\u00f3n<br \/>Alarma: Si<br \/>Teclas r\u00e1pidas programables: Si<br \/>Idiomas de soporte: Alem\u00e1n, Holand\u00e9s, Espa\u00f1ol, Franc\u00e9s, Griego, Italiano, Polaco, Portugu\u00e9s, Rumano, SER<\/p>\n<p>Indicaci\u00f3n<br \/>Indicador de capacidad de bater\u00eda: Si<\/p>\n<p>Exhibici\u00f3n<br \/>Pantalla: LCD<br \/>Monitor con luz de fondo: Si<br \/>Color de luz de fondo: Azul<br \/>Pantalla incorporada: Si<\/p>\n<p>Puertos e Interfaces<br \/>Conector de RJ-11: Si<\/p>\n<p>Peso y dimensiones<br \/>Ancho: 47 mm<br \/>Profundidad: 29 mm<br \/>Altura: 160 mm<br \/>Peso: 111 g<\/p>\n<p>Contenido del embalaje<br \/>N\u00famero de tel\u00e9fonos m\u00f3viles incluidos: 1<br \/>Cables incluidos: Tel\u00e9fono (RJ-11)<\/p>\n","protected":false},"excerpt":{"rendered":"<p>Telefono inalambrico spc dect art blanco &#8211;  20 contactos<\/p>\n","protected":false},"featured_media":230859,"comment_status":"closed","ping_status":"open","template":"","meta":{"_et_pb_use_builder":"","_et_pb_old_content":"","_et_gb_content_width":""},"product_brand":[2127],"product_cat":[2058,2062,2312],"product_tag":[2128,2066,2412,2315],"class_list":{"0":"post-237255","1":"product","2":"type-product","3":"status-publish","4":"has-post-thumbnail","6":"product_brand-spc","7":"product_cat-dispositivos","8":"product_cat-telefonia","9":"product_cat-telefonos-fijos","10":"product_tag-spc","11":"product_tag-telefonia","12":"product_tag-telefono-inalambrico-spc-dect-art-blanco","13":"product_tag-telefonos-fijos","14":"pa_canon-digital-incluida-0-e-incluidos","16":"first","17":"instock","18":"sale","19":"taxable","20":"shipping-taxable","21":"purchasable","22":"product-type-simple"},"_links":{"self":[{"href":"https:\/\/linkxa.es\/linkshop\/wp-json\/wp\/v2\/product\/237255","targetHints":{"allow":["GET"]}}],"collection":[{"href":"https:\/\/linkxa.es\/linkshop\/wp-json\/wp\/v2\/product"}],"about":[{"href":"https:\/\/linkxa.es\/linkshop\/wp-json\/wp\/v2\/types\/product"}],"replies":[{"embeddable":true,"href":"https:\/\/linkxa.es\/linkshop\/wp-json\/wp\/v2\/comments?post=237255"}],"wp:featuredmedia":[{"embeddable":true,"href":"https:\/\/linkxa.es\/linkshop\/wp-json\/wp\/v2\/media\/230859"}],"wp:attachment":[{"href":"https:\/\/linkxa.es\/linkshop\/wp-json\/wp\/v2\/media?parent=237255"}],"wp:term":[{"taxonomy":"product_brand","embeddable":true,"href":"https:\/\/linkxa.es\/linkshop\/wp-json\/wp\/v2\/product_brand?post=237255"},{"taxonomy":"product_cat","embeddable":true,"href":"https:\/\/linkxa.es\/linkshop\/wp-json\/wp\/v2\/product_cat?post=237255"},{"taxonomy":"product_tag","embeddable":true,"href":"https:\/\/linkxa.es\/linkshop\/wp-json\/wp\/v2\/product_tag?post=237255"}],"curies":[{"name":"wp","href":"https:\/\/api.w.org\/{rel}","templated":true}]}}