{"id":237259,"date":"2024-12-27T05:42:02","date_gmt":"2024-12-27T05:42:02","guid":{"rendered":"https:\/\/linkxa.es\/contratacion\/producto\/telefono-fijo-motorola-ct50-blanco\/"},"modified":"2025-10-03T21:07:37","modified_gmt":"2025-10-03T21:07:37","slug":"telefono-fijo-motorola-ct50-blanco","status":"publish","type":"product","link":"https:\/\/linkxa.es\/linkshop\/producto\/telefono-fijo-motorola-ct50-blanco\/","title":{"rendered":"Telefono fijo motorola ct50 blanco"},"content":{"rendered":"<div style=\"text-align: center; margin-bottom: 20px;\">\n<h2 style=\"font-size: 22px; font-weight: 600; margin: 0; color: #333;\">\n    Motorola \u00a0|\u00a0 Tel\u00e9fonos fijos<br \/>\n  <\/h2>\n<\/div>\n<p style=\"max-width: 700px; margin: 0 auto 30px auto; font-size: 18px; line-height: 1.6; color: #555; font-style: italic; text-align: center;\">\n  MOTOROLA CT50 Telefono 10M Blanco<br \/>Tel\u00e9fono simple y compacto, tipo g\u00f3ndola<br \/>El tel\u00e9fono Motorola CT50 es sencillo y compacto de solo 1 pieza, encaja perfectamente en oficinas o en casas. Incorpora un indicador visual de llamadas y control de volumen del timbre lo que significa<br \/>que no perder\u00e1 ninguna llamada.<\/p>\n<p>Cuenta con 10 memorias num\u00e9ricas para una llamada f\u00e1cil y r\u00e1pida, y tambi\u00e9n puede montarse en la pared.<\/p>\n<p>Marca Motorola<br \/>Modelo F59000CT8N1AES38<br \/>Caracter\u00edsticas &#8211; 10 teclas de memoria (marcaci\u00f3n 2 pasos)<br \/>&#8211; Indicador visual de llamada<br \/>&#8211; Control de volumen del timbre (Alto\/Bajo\/Apagado)<br \/>&#8211; Modo silencio con indicador LED<br \/>&#8211; Marcaci\u00f3n por tonos<br \/>&#8211; Rellamada al \u00faltimo n\u00famero<br \/>&#8211; Montaje en pared<\/p>\n","protected":false},"excerpt":{"rendered":"<p>Telefono fijo motorola ct50 blanco<\/p>\n","protected":false},"featured_media":237260,"comment_status":"closed","ping_status":"open","template":"","meta":{"_et_pb_use_builder":"","_et_pb_old_content":"","_et_gb_content_width":""},"product_brand":[2081],"product_cat":[2058,2062,2312],"product_tag":[2082,2066,3353,2315],"class_list":{"0":"post-237259","1":"product","2":"type-product","3":"status-publish","4":"has-post-thumbnail","6":"product_brand-motorola","7":"product_cat-dispositivos","8":"product_cat-telefonia","9":"product_cat-telefonos-fijos","10":"product_tag-motorola","11":"product_tag-telefonia","12":"product_tag-telefono-fijo-motorola-ct50-blanco","13":"product_tag-telefonos-fijos","14":"pa_canon-digital-incluida-0-e-incluidos","16":"first","17":"instock","18":"sale","19":"taxable","20":"shipping-taxable","21":"purchasable","22":"product-type-simple"},"_links":{"self":[{"href":"https:\/\/linkxa.es\/linkshop\/wp-json\/wp\/v2\/product\/237259","targetHints":{"allow":["GET"]}}],"collection":[{"href":"https:\/\/linkxa.es\/linkshop\/wp-json\/wp\/v2\/product"}],"about":[{"href":"https:\/\/linkxa.es\/linkshop\/wp-json\/wp\/v2\/types\/product"}],"replies":[{"embeddable":true,"href":"https:\/\/linkxa.es\/linkshop\/wp-json\/wp\/v2\/comments?post=237259"}],"wp:featuredmedia":[{"embeddable":true,"href":"https:\/\/linkxa.es\/linkshop\/wp-json\/wp\/v2\/media\/237260"}],"wp:attachment":[{"href":"https:\/\/linkxa.es\/linkshop\/wp-json\/wp\/v2\/media?parent=237259"}],"wp:term":[{"taxonomy":"product_brand","embeddable":true,"href":"https:\/\/linkxa.es\/linkshop\/wp-json\/wp\/v2\/product_brand?post=237259"},{"taxonomy":"product_cat","embeddable":true,"href":"https:\/\/linkxa.es\/linkshop\/wp-json\/wp\/v2\/product_cat?post=237259"},{"taxonomy":"product_tag","embeddable":true,"href":"https:\/\/linkxa.es\/linkshop\/wp-json\/wp\/v2\/product_tag?post=237259"}],"curies":[{"name":"wp","href":"https:\/\/api.w.org\/{rel}","templated":true}]}}