{"id":237266,"date":"2025-06-12T05:54:11","date_gmt":"2025-06-12T05:54:11","guid":{"rendered":"https:\/\/linkxa.es\/contratacion\/producto\/telefono-fijo-spc-original-lite-2\/"},"modified":"2025-10-03T21:11:03","modified_gmt":"2025-10-03T21:11:03","slug":"telefono-fijo-spc-original-lite-2","status":"publish","type":"product","link":"https:\/\/linkxa.es\/linkshop\/producto\/telefono-fijo-spc-original-lite-2\/","title":{"rendered":"Telefono fijo spc original lite 2"},"content":{"rendered":"<div style=\"text-align: center; margin-bottom: 20px;\">\n<h2 style=\"font-size: 22px; font-weight: 600; margin: 0; color: #333;\">\n    Spc \u00a0|\u00a0 Tel\u00e9fonos fijos<br \/>\n  <\/h2>\n<\/div>\n<p style=\"max-width: 700px; margin: 0 auto 30px auto; font-size: 18px; line-height: 1.6; color: #555; font-style: italic; text-align: center;\">\n  Sobre el producto<\/p>\n<p>Tel\u00e9fono fijo compacto, f\u00e1cil de usar y elegante con teclas grandes, indicador luminoso de llamada entrante, 10 memorias indirectas y funci\u00f3n de rellamada.<\/p>\n<p>Disponible en dos colores: blanco y negro<br \/>\u00dasalo como tel\u00e9fono de sobremesa o col\u00f3calo en la pared<\/p>\n<p>Grandes teclas<\/p>\n<p>Una vez descubierto el teclado, el cual se encuentra en la cara interna de la manija, sorprende la comodidad y practicidad de su dise\u00f1o.<\/p>\n<p>Con espacio entre botones para una pulsaci\u00f3n sin equ\u00edvocos, n\u00fameros de gran tama\u00f1o y un alto contraste para asegurar una gran visibilidad.<br \/>Con luz de timbre<\/p>\n<p>Si se produce una llamada entrante, adem\u00e1s de la se\u00f1al sonora, se tendr\u00e1 se\u00f1al visual. Y es que, mientras suena la melod\u00eda de timbre parpadea tambi\u00e9n una luz roja en la parte superior de la manija.<\/p>\n<p>El resto del tiempo esta luz no es molesta, pues permanece discretamente a la espera y apagada, no siendo visible si no se produce la acci\u00f3n que la pone en marcha.<br \/>10 memorias indirectas<\/p>\n<p>Tras las teclas 0 a 9 es posible memorizar el tel\u00e9fono de 10 personas y as\u00ed, tras pulsar en primer lugar en la tecla M y despu\u00e9s sobre aquel n\u00famero del teclado en el que est\u00e1 memorizado el contacto<br \/>deseado, llamar\u00e1 autom\u00e1ticamente.<\/p>\n<p>Tambi\u00e9n, si olvidaste decirle algo es posible usar la funci\u00f3n rellamada y entablar as\u00ed de nuevo la conversaci\u00f3n \u00e1gilmente.<br \/>En la mesa o en la pared<\/p>\n<p>ORIGINAL LITE 2 tiene un tama\u00f1o reducido, lo que posibilita su instalaci\u00f3n sobre mesas de noche, aparadores y escritorios ocupando muy poco espacio.<\/p>\n<p>Y si prefieres que todos tus muebles queden despejados, inst\u00e1lalo en posici\u00f3n mural. La base del tel\u00e9fono viene preparada para ser encajada y fijada a la pared.<br \/>Un dise\u00f1o en dos colores disponibles<\/p>\n<p>Su dise\u00f1o original y minimalista est\u00e1 disponible en dos colores: blanco y negro.<\/p>\n<p>Elijas el que elijas, ORIGINAL LITE 2 permanecer\u00e1 neutro y atemporal en el sal\u00f3n, habitaci\u00f3n o cocina donde lo instales.<br \/>Especificaciones SPC ORIGINAL LITE 2<\/p>\n<p>Teclado<br \/>Memorias indirectas &#8211; 10<br \/>Tecla R &#8211; S\u00ed<br \/>Rellamada al \u00faltimo n\u00famero marcado &#8211; S\u00ed<br \/>Sonido<br \/>Indicador luminoso de timbre &#8211; S\u00ed<br \/>Otras funcionalidades<br \/>Montaje &#8211; Sobremesa o mural<br \/>Conexi\u00f3n telef\u00f3nica RJ11<br \/>Dimensiones y peso<br \/>Alto &#8211; 60 mm<br \/>Ancho &#8211; 70 mm<br \/>Fondo &#8211; 225 mm<br \/>Peso &#8211; 286 g<br \/>Contenido de la caja<br \/>SPC Original Lite 2<br \/>Cable de l\u00ednea<br \/>Gu\u00eda de usuario<\/p>\n","protected":false},"excerpt":{"rendered":"<p>Telefono fijo spc original lite 2 blanco &#8211; tecla r &#8211; 10 memorias indirectas<\/p>\n","protected":false},"featured_media":230809,"comment_status":"closed","ping_status":"open","template":"","meta":{"_et_pb_use_builder":"","_et_pb_old_content":"","_et_gb_content_width":""},"product_brand":[2127],"product_cat":[2058,2062,2312],"product_tag":[2128,2066,2393,2315],"class_list":{"0":"post-237266","1":"product","2":"type-product","3":"status-publish","4":"has-post-thumbnail","6":"product_brand-spc","7":"product_cat-dispositivos","8":"product_cat-telefonia","9":"product_cat-telefonos-fijos","10":"product_tag-spc","11":"product_tag-telefonia","12":"product_tag-telefono-fijo-spc-original-lite-2","13":"product_tag-telefonos-fijos","14":"pa_canon-digital-incluida-0-e-incluidos","16":"first","17":"instock","18":"sale","19":"taxable","20":"shipping-taxable","21":"purchasable","22":"product-type-simple"},"_links":{"self":[{"href":"https:\/\/linkxa.es\/linkshop\/wp-json\/wp\/v2\/product\/237266","targetHints":{"allow":["GET"]}}],"collection":[{"href":"https:\/\/linkxa.es\/linkshop\/wp-json\/wp\/v2\/product"}],"about":[{"href":"https:\/\/linkxa.es\/linkshop\/wp-json\/wp\/v2\/types\/product"}],"replies":[{"embeddable":true,"href":"https:\/\/linkxa.es\/linkshop\/wp-json\/wp\/v2\/comments?post=237266"}],"wp:featuredmedia":[{"embeddable":true,"href":"https:\/\/linkxa.es\/linkshop\/wp-json\/wp\/v2\/media\/230809"}],"wp:attachment":[{"href":"https:\/\/linkxa.es\/linkshop\/wp-json\/wp\/v2\/media?parent=237266"}],"wp:term":[{"taxonomy":"product_brand","embeddable":true,"href":"https:\/\/linkxa.es\/linkshop\/wp-json\/wp\/v2\/product_brand?post=237266"},{"taxonomy":"product_cat","embeddable":true,"href":"https:\/\/linkxa.es\/linkshop\/wp-json\/wp\/v2\/product_cat?post=237266"},{"taxonomy":"product_tag","embeddable":true,"href":"https:\/\/linkxa.es\/linkshop\/wp-json\/wp\/v2\/product_tag?post=237266"}],"curies":[{"name":"wp","href":"https:\/\/api.w.org\/{rel}","templated":true}]}}