{"id":237280,"date":"2024-12-26T15:49:07","date_gmt":"2024-12-26T15:49:07","guid":{"rendered":"https:\/\/linkxa.es\/contratacion\/producto\/telefono-fijo-spc-office-id-2-2\/"},"modified":"2025-10-03T21:13:46","modified_gmt":"2025-10-03T21:13:46","slug":"telefono-fijo-spc-office-id-2-2","status":"publish","type":"product","link":"https:\/\/linkxa.es\/linkshop\/producto\/telefono-fijo-spc-office-id-2-2\/","title":{"rendered":"Telefono fijo spc office id 2"},"content":{"rendered":"<div style=\"text-align: center; margin-bottom: 20px;\">\n<h2 style=\"font-size: 22px; font-weight: 600; margin: 0; color: #333;\">\n    Spc \u00a0|\u00a0 Tel\u00e9fonos fijos<br \/>\n  <\/h2>\n<\/div>\n<p style=\"max-width: 700px; margin: 0 auto 30px auto; font-size: 18px; line-height: 1.6; color: #555; font-style: italic; text-align: center;\">\n  SPC 3612B Telefono OFFICE ID 2 LCD Blanco<br \/>Marca SPC<br \/>Modelo 3612B<br \/>Caracter\u00edsticas Pantalla<br \/>&#8211; Pantalla iluminada: \u00c1mbar<br \/>&#8211; Indicadores en pantalla: Tiempo de conversaci\u00f3n. Fecha. D\u00eda de la semana. VIP<br \/>&#8211; Contraste: 5 niveles<br \/>Identificaci\u00f3n de llamada<br \/>&#8211; Identificaci\u00f3n de llamada<br \/>&#8211; Listado de llamadas recibidas: 53<br \/>&#8211; Listado de llamadas realizadas: 16<br \/>Teclado y sonido<br \/>&#8211; Mute \/ Silenciado del micr\u00f3fono<br \/>&#8211; Memorias directas: 4<br \/>&#8211; Memorias indirectas: 10<br \/>&#8211; Manos Libres<br \/>&#8211; Tecla R: Configurable (100 y 300 ms)<br \/>&#8211; Marcaci\u00f3n en colgado<br \/>&#8211; Rellamada al \u00faltimo n\u00famero marcado<br \/>&#8211; Melod\u00edas de timbre: 24<br \/>&#8211; Indicador luminoso de timbre<br \/>&#8211; Indicador luminoso de en uso<br \/>&#8211; Niveles de volumen de timbre: 2 (Low\/High)<br \/>&#8211; Niveles de Volumen de manos libres: 2 (Low\/High)<br \/>Otros<br \/>&#8211; Montaje: Sobremesa o mural<br \/>&#8211; Ajuste de fecha y hora<br \/>&#8211; Tipo de marcaci\u00f3n: Tonos o pulsos (T\/P)<br \/>&#8211; Conexi\u00f3n: RJ11 (para l\u00ednea y extensi\u00f3n)<br \/>Dimensiones y peso<br \/>&#8211; 215 x 170 x 85 mm<br \/>&#8211; 570 g<br \/>Contenido<br \/>&#8211; Tel\u00e9fono<br \/>&#8211; Gu\u00eda de usuario<br \/>&#8211; Cable de l\u00ednea<\/p>\n","protected":false},"excerpt":{"rendered":"<p>Telefono fijo spc office id 2 blanco mute &#8211; 24 melodias &#8211; tecla r &#8211; 4 memorias directas<\/p>\n","protected":false},"featured_media":230654,"comment_status":"closed","ping_status":"open","template":"","meta":{"_et_pb_use_builder":"","_et_pb_old_content":"","_et_gb_content_width":""},"product_brand":[2127],"product_cat":[2058,2062,2312],"product_tag":[2128,2066,2339,2315],"class_list":{"0":"post-237280","1":"product","2":"type-product","3":"status-publish","4":"has-post-thumbnail","6":"product_brand-spc","7":"product_cat-dispositivos","8":"product_cat-telefonia","9":"product_cat-telefonos-fijos","10":"product_tag-spc","11":"product_tag-telefonia","12":"product_tag-telefono-fijo-spc-office-id-2","13":"product_tag-telefonos-fijos","14":"pa_canon-digital-incluida-0-e-incluidos","16":"first","17":"instock","18":"sale","19":"taxable","20":"shipping-taxable","21":"purchasable","22":"product-type-simple"},"_links":{"self":[{"href":"https:\/\/linkxa.es\/linkshop\/wp-json\/wp\/v2\/product\/237280","targetHints":{"allow":["GET"]}}],"collection":[{"href":"https:\/\/linkxa.es\/linkshop\/wp-json\/wp\/v2\/product"}],"about":[{"href":"https:\/\/linkxa.es\/linkshop\/wp-json\/wp\/v2\/types\/product"}],"replies":[{"embeddable":true,"href":"https:\/\/linkxa.es\/linkshop\/wp-json\/wp\/v2\/comments?post=237280"}],"wp:featuredmedia":[{"embeddable":true,"href":"https:\/\/linkxa.es\/linkshop\/wp-json\/wp\/v2\/media\/230654"}],"wp:attachment":[{"href":"https:\/\/linkxa.es\/linkshop\/wp-json\/wp\/v2\/media?parent=237280"}],"wp:term":[{"taxonomy":"product_brand","embeddable":true,"href":"https:\/\/linkxa.es\/linkshop\/wp-json\/wp\/v2\/product_brand?post=237280"},{"taxonomy":"product_cat","embeddable":true,"href":"https:\/\/linkxa.es\/linkshop\/wp-json\/wp\/v2\/product_cat?post=237280"},{"taxonomy":"product_tag","embeddable":true,"href":"https:\/\/linkxa.es\/linkshop\/wp-json\/wp\/v2\/product_tag?post=237280"}],"curies":[{"name":"wp","href":"https:\/\/api.w.org\/{rel}","templated":true}]}}