{"id":237282,"date":"2024-12-24T20:35:39","date_gmt":"2024-12-24T20:35:39","guid":{"rendered":"https:\/\/linkxa.es\/contratacion\/producto\/telefono-fijo-inalambrico-spc-dect-blade\/"},"modified":"2025-10-03T21:14:58","modified_gmt":"2025-10-03T21:14:58","slug":"telefono-fijo-inalambrico-spc-dect-blade","status":"publish","type":"product","link":"https:\/\/linkxa.es\/linkshop\/producto\/telefono-fijo-inalambrico-spc-dect-blade\/","title":{"rendered":"Telefono fijo inalambrico spc dect blade"},"content":{"rendered":"<div style=\"text-align: center; margin-bottom: 20px;\">\n<h2 style=\"font-size: 22px; font-weight: 600; margin: 0; color: #333;\">\n    Spc \u00a0|\u00a0 Tel\u00e9fonos fijos<br \/>\n  <\/h2>\n<\/div>\n<p style=\"max-width: 700px; margin: 0 auto 30px auto; font-size: 18px; line-height: 1.6; color: #555; font-style: italic; text-align: center;\">\n  Car\u00e1cter y elegancia. Hecho para durar.<\/p>\n<p>Agenda de 50 nombres y n\u00fameros<br \/>Manos libres<br \/>Identificaci\u00f3n de llamadas<br \/>Pantalla iluminada<\/p>\n<p>Identificaci\u00f3n de llamada<br \/>Identificaci\u00f3n de llamada en espera. Listado de llamadas recibidas: 20 posiciones, Listado de llamadas realizadas: 10 posiciones, Rellamada al \u00faltimo n\u00famero marcado.<\/p>\n<p>Pantalla<br \/>Luz en pantalla. Nombre del port\u00e1til configurable. Tiempo de conversaci\u00f3n en pantalla. Indicador del estado de la bater\u00eda. Indicador de cobertura.<\/p>\n<p>Teclado<br \/>Marcaci\u00f3n en colgado, Bloqueo de teclado, Mute \/ Silenciado del micr\u00f3fono, Descolgado autom\u00e1tico configurable, Teclado sonoro configurable, Tecla R configurable, Tecla de encendido y apagado del port\u00e1til.<\/p>\n<p>Sonido<br \/>5 niveles de volumen del auricular y manos libres. 6 niveles de timbre (incluido silencio).<\/p>\n<p>Melod\u00edas de timbre<br \/>10 melod\u00eda de timbre en port\u00e1til: 5 polif\u00f3nicas y 5 normales<\/p>\n<p>Funcionalidades GAP<br \/>GAP compatible. N\u00famero de port\u00e1tiles que una base puede soportar: hasta 5. N\u00famero de bases en las que un port\u00e1til se puede registrar: 1. Transferencia de llamadas entre port\u00e1tiles. Llamadas internas entre port\u00e1tiles.<br \/>Conferencia a tres: 2 internas y 1 externa.<\/p>\n<p>Otros par\u00e1metros<br \/>Idioma seleccionable: Espa\u00f1ol, Italiano, Portugu\u00e9s, Ingl\u00e9s, Holand\u00e9s, Franc\u00e9s, Funci\u00f3n alarma. Ajuste de fecha y hora, N\u00famero PIN configurable, B\u00fasqueda del port\u00e1til desde la base. Tipo de marcaci\u00f3n: Tonos o Pulsos,<br \/>modo ECO, Conexi\u00f3n telef\u00f3nica RJ11, Compatible con las redes telef\u00f3nicas anal\u00f3gicas Espa\u00f1olas.<\/p>\n<p>Dimensiones y peso<br \/>173 x 53 x 20 mm. Peso: 123gr<\/p>\n","protected":false},"excerpt":{"rendered":"<p>Telefono fijo inalambrico spc dect blade rojo<\/p>\n","protected":false},"featured_media":237283,"comment_status":"closed","ping_status":"open","template":"","meta":{"_et_pb_use_builder":"","_et_pb_old_content":"","_et_gb_content_width":""},"product_brand":[2127],"product_cat":[2058,2062,2312],"product_tag":[2128,2066,2395,2315],"class_list":{"0":"post-237282","1":"product","2":"type-product","3":"status-publish","4":"has-post-thumbnail","6":"product_brand-spc","7":"product_cat-dispositivos","8":"product_cat-telefonia","9":"product_cat-telefonos-fijos","10":"product_tag-spc","11":"product_tag-telefonia","12":"product_tag-telefono-fijo-inalambrico-spc-dect-blade","13":"product_tag-telefonos-fijos","14":"pa_canon-digital-incluida-0-e-incluidos","16":"first","17":"instock","18":"sale","19":"taxable","20":"shipping-taxable","21":"purchasable","22":"product-type-simple"},"_links":{"self":[{"href":"https:\/\/linkxa.es\/linkshop\/wp-json\/wp\/v2\/product\/237282","targetHints":{"allow":["GET"]}}],"collection":[{"href":"https:\/\/linkxa.es\/linkshop\/wp-json\/wp\/v2\/product"}],"about":[{"href":"https:\/\/linkxa.es\/linkshop\/wp-json\/wp\/v2\/types\/product"}],"replies":[{"embeddable":true,"href":"https:\/\/linkxa.es\/linkshop\/wp-json\/wp\/v2\/comments?post=237282"}],"wp:featuredmedia":[{"embeddable":true,"href":"https:\/\/linkxa.es\/linkshop\/wp-json\/wp\/v2\/media\/237283"}],"wp:attachment":[{"href":"https:\/\/linkxa.es\/linkshop\/wp-json\/wp\/v2\/media?parent=237282"}],"wp:term":[{"taxonomy":"product_brand","embeddable":true,"href":"https:\/\/linkxa.es\/linkshop\/wp-json\/wp\/v2\/product_brand?post=237282"},{"taxonomy":"product_cat","embeddable":true,"href":"https:\/\/linkxa.es\/linkshop\/wp-json\/wp\/v2\/product_cat?post=237282"},{"taxonomy":"product_tag","embeddable":true,"href":"https:\/\/linkxa.es\/linkshop\/wp-json\/wp\/v2\/product_tag?post=237282"}],"curies":[{"name":"wp","href":"https:\/\/api.w.org\/{rel}","templated":true}]}}