{"id":237290,"date":"2025-09-13T05:34:31","date_gmt":"2025-09-13T05:34:31","guid":{"rendered":"https:\/\/linkxa.es\/contratacion\/producto\/telefono-inalambrico-fritz-fon-x6-negro\/"},"modified":"2025-10-03T21:17:26","modified_gmt":"2025-10-03T21:17:26","slug":"telefono-inalambrico-fritz-fon-x6-negro","status":"publish","type":"product","link":"https:\/\/linkxa.es\/linkshop\/producto\/telefono-inalambrico-fritz-fon-x6-negro\/","title":{"rendered":"Telefono inalambrico fritz! fon x6 negro"},"content":{"rendered":"<div style=\"text-align: center; margin-bottom: 20px;\">\n<h2 style=\"font-size: 22px; font-weight: 600; margin: 0; color: #333;\">\n    Fritz \u00a0|\u00a0 Tel\u00e9fonos fijos<br \/>\n  <\/h2>\n<\/div>\n<p style=\"max-width: 700px; margin: 0 auto 30px auto; font-size: 18px; line-height: 1.6; color: #555; font-style: italic; text-align: center;\">\n  &#8211; MARCA Y MODELO\u00a0<br \/>FRITZ! Fon X6\u00a0<br \/>Modelo: 20003009\u00a0<\/p>\n<p>&#8211; TIPO\u00a0<br \/>Tel\u00e9fono inal\u00e1mbrico DECT\u00a0<\/p>\n<p>&#8211; PANTALLA\u00a0<br \/>Pantalla en color de alta definici\u00f3n\u00a0<br \/>Tama\u00f1o: 2,4 pulgadas\u00a0<\/p>\n<p>&#8211; AUDIO Y CONECTIVIDAD\u00a0<br \/>Llamadas telef\u00f3nicas y reproducci\u00f3n de m\u00fasica y podcasts a trav\u00e9s de auriculares\u00a0<br \/>Altavoces de alta definici\u00f3n\u00a0<br \/>Funci\u00f3n manos libres d\u00faplex\u00a0<br \/>Conector de auriculares de 3,5 mm\u00a0<\/p>\n<p>&#8211; BATER\u00cdA Y ALIMENTACI\u00d3N\u00a0<br \/>Tipo de bater\u00eda: Li-Ion\u00a0<br \/>Capacidad: 1000 mAh\u00a0<br \/>Potencia: 3,7 vatios\u00a0<br \/>Voltaje del cargador: 230 V \/ 50 Hz\u00a0<\/p>\n<p>&#8211; DIMENSIONES Y PESO\u00a0<br \/>Tel\u00e9fono: 51 x 158 x 17 mm\u00a0<br \/>Cargador: 72 x 44 x 51 mm (aproximado)\u00a0<br \/>Peso: 127 g (incluyendo bater\u00eda)\u00a0<\/p>\n<p>&#8211; CONTENIDO DEL PAQUETE\u00a0<br \/>FRITZ! Fon X6\u00a0<br \/>Paquete de bater\u00eda (instalado en el tel\u00e9fono)\u00a0<br \/>Cargador\u00a0<br \/>Fuente de alimentaci\u00f3n (230 V)\u00a0<br \/>Gu\u00eda r\u00e1pida de instalaci\u00f3n\u00a0<\/p>\n","protected":false},"excerpt":{"rendered":"<p>Telefono inalambrico fritz! fon x6 negro<\/p>\n","protected":false},"featured_media":230912,"comment_status":"closed","ping_status":"open","template":"","meta":{"_et_pb_use_builder":"","_et_pb_old_content":"","_et_gb_content_width":""},"product_brand":[2423],"product_cat":[2058,2062,2312],"product_tag":[2424,2066,2432,2315],"class_list":{"0":"post-237290","1":"product","2":"type-product","3":"status-publish","4":"has-post-thumbnail","6":"product_brand-fritz","7":"product_cat-dispositivos","8":"product_cat-telefonia","9":"product_cat-telefonos-fijos","10":"product_tag-fritz","11":"product_tag-telefonia","12":"product_tag-telefono-inalambrico-fritz-fon-x6-negro","13":"product_tag-telefonos-fijos","14":"pa_canon-digital-incluida-0-e-incluidos","16":"first","17":"instock","18":"sale","19":"taxable","20":"shipping-taxable","21":"purchasable","22":"product-type-simple"},"_links":{"self":[{"href":"https:\/\/linkxa.es\/linkshop\/wp-json\/wp\/v2\/product\/237290","targetHints":{"allow":["GET"]}}],"collection":[{"href":"https:\/\/linkxa.es\/linkshop\/wp-json\/wp\/v2\/product"}],"about":[{"href":"https:\/\/linkxa.es\/linkshop\/wp-json\/wp\/v2\/types\/product"}],"replies":[{"embeddable":true,"href":"https:\/\/linkxa.es\/linkshop\/wp-json\/wp\/v2\/comments?post=237290"}],"wp:featuredmedia":[{"embeddable":true,"href":"https:\/\/linkxa.es\/linkshop\/wp-json\/wp\/v2\/media\/230912"}],"wp:attachment":[{"href":"https:\/\/linkxa.es\/linkshop\/wp-json\/wp\/v2\/media?parent=237290"}],"wp:term":[{"taxonomy":"product_brand","embeddable":true,"href":"https:\/\/linkxa.es\/linkshop\/wp-json\/wp\/v2\/product_brand?post=237290"},{"taxonomy":"product_cat","embeddable":true,"href":"https:\/\/linkxa.es\/linkshop\/wp-json\/wp\/v2\/product_cat?post=237290"},{"taxonomy":"product_tag","embeddable":true,"href":"https:\/\/linkxa.es\/linkshop\/wp-json\/wp\/v2\/product_tag?post=237290"}],"curies":[{"name":"wp","href":"https:\/\/api.w.org\/{rel}","templated":true}]}}