{"id":237299,"date":"2025-03-27T10:10:34","date_gmt":"2025-03-27T10:10:34","guid":{"rendered":"https:\/\/linkxa.es\/contratacion\/producto\/telefono-voip-yealink-sip-t31p\/"},"modified":"2025-10-03T21:22:52","modified_gmt":"2025-10-03T21:22:52","slug":"telefono-voip-yealink-sip-t31p","status":"publish","type":"product","link":"https:\/\/linkxa.es\/linkshop\/producto\/telefono-voip-yealink-sip-t31p\/","title":{"rendered":"Telefono voip yealink sip &#8211; t31p"},"content":{"rendered":"<div style=\"text-align: center; margin-bottom: 20px;\">\n<h2 style=\"font-size: 22px; font-weight: 600; margin: 0; color: #333;\">\n    Yealink \u00a0|\u00a0 Telefon\u00eda voip<br \/>\n  <\/h2>\n<\/div>\n<p style=\"max-width: 700px; margin: 0 auto 30px auto; font-size: 18px; line-height: 1.6; color: #555; font-style: italic; text-align: center;\">\n  Como un tel\u00e9fono IP de nivel de entrada muy moderno y amigable, Yealink<br \/>SIP-T31P tiene una pantalla LCD gr\u00e1fica extragrande de 132&#215;64 p\u00edxeles con<br \/>retroiluminaci\u00f3n que brinda una experiencia visual clara para los usuarios.<br \/>El T31P ofrece soporte para dos cuentas VoIP e incluye conferencias<br \/>locales de 5 v\u00edas para maximizar la productividad.<\/p>\n<p>Trabajando con el soporte multi\u00e1ngulo ajustable, el tel\u00e9fono IP T31P le<br \/>asegura trabajar en diferentes situaciones. Mientras tanto, el T31P cuenta<br \/>con Power over Ethernet (PoE) incorporado y una excelente calidad de<br \/>sonido de alta definici\u00f3n (HD).<br \/>F\u00e1cil de usar y las potentes funciones junto con un precio razonable ofrecen<br \/>una excelente soluci\u00f3n de comunicaciones de voz.<\/p>\n<p>Caracter\u00edsticas<br \/>Mayor rendimiento, m\u00e1s posibilidades: Equipado con un potente chip, la<br \/>serie T3 posee una capacidad inform\u00e1tica m\u00e1s fuerte y funciones m\u00e1s<br \/>actualizadas, lo que garantiza una mayor productividad y una oficina m\u00e1s<br \/>fluida experiencia. Debido a su gran rendimiento, la serie T3 es capaz de<br \/>ampliar m\u00e1s servicios para diferentes demandas comerciales.<br \/>Audio HD superior, mejor comunicaci\u00f3n: La serie Yealink T3 proporciona<br \/>comunicaciones sin distracciones con l\u00edderes de la industria. Tecnolog\u00eda de<br \/>filtrado de ruido inteligente, que ofrece una excelente calidad de sonido sin<br \/>ruidos extra\u00f1os y permite conversaciones fluidas.<br \/>Dise\u00f1o cl\u00e1sico, detalles pr\u00e1cticos: Dise\u00f1ada por el equipo original de<br \/>Yealink, la serie T3 hereda el concepto de dise\u00f1o de Yealink IP familia del<br \/>tel\u00e9fono. El dise\u00f1o avanzado que incluye apariencias modernas y<br \/>ergon\u00f3micas. Los detalles permiten una experiencia de operaci\u00f3n m\u00e1s f\u00e1cil<br \/>y amigable para los usuarios.<br \/>Todo en una plataforma, administraci\u00f3n conveniente: Fiabilidad e<br \/>integraciones probadas para Yealink Device Management Platform,<br \/>instaladas el firmware unificado, la serie T3 es f\u00e1cil de implementar y<br \/>administrar.<br \/>Especificaciones<br \/>Funciones de audio<br \/>Voz HD: auricular HD, altavoz HD<br \/>Filtro de ruido inteligente<br \/>C\u00f3dec de banda ancha: Opus, G.722<br \/>C\u00f3dec de banda estrecha: G.711 (A \/ ?), G.723.1, G.729, G.729A, G.726, iLBC<br \/>DTMF: dentro de banda, fuera de banda (RFC 2833) y SIP INFO<br \/>Altavoz manos libres d\u00faplex completo con AEC, VAD, GNC, AEC, PLC, AJB,<br \/>AGC Funciones del tel\u00e9fono<br \/>2 cuentas VoIP<br \/>Llamada en espera, silencio, DND<br \/>Marcaci\u00f3n r\u00e1pida de un toque, l\u00ednea directa<br \/>Desv\u00edo de llamadas, llamada en espera, transferencia de llamadas<br \/>Escucha en grupo, SMS, llamada de emergencia<br \/>Rellamada, devoluci\u00f3n de llamada, respuesta autom\u00e1tica<br \/>Conferencias locales de 5 v\u00edas<br \/>Llamada IP directa sin proxy SIP<br \/>Selecci\u00f3n \/ importaci\u00f3n \/ eliminaci\u00f3n de tono de llamada<br \/>Establecer la fecha y hora de forma manual o autom\u00e1tica<br \/>Plan de marcaci\u00f3n<br \/>Navegador XML, URL de acci\u00f3n \/ URI<br \/>Capturas de pantalla integradas<br \/>RTCP-XR, VQ-RTCPXR<br \/>Clave DSS mejorada<br \/>Directorio<br \/>Agenda telef\u00f3nica local hasta 1000 entradas<br \/>Lista negra<br \/>Agenda telef\u00f3nica remota XML \/ LDAP<br \/>Marcaci\u00f3n inteligente<br \/>B\u00fasqueda \/ importaci\u00f3n \/ exportaci\u00f3n de la agenda telef\u00f3nica<br \/>Historial de llamadas: marcadas \/ recibidas \/ perdidas \/ reenviadas<br \/>Funciones de IP-PBX<br \/>Campo de luz ocupada (BLF), apariencia de l\u00ednea en puente (BLA)<br \/>Llamada an\u00f3nima, rechazo de llamadas an\u00f3nimas<br \/>Escritorio compartido, correo de voz<br \/>Asientos flexibles<br \/>Estacionamiento de llamadas, captura de llamadas<br \/>Ejecutiva y Asistente<br \/>Grabaci\u00f3n de llamadas centralizada<br \/>Buz\u00f3n de voz visual<br \/>Grabacion de llamada<br \/>Pantalla e indicador<br \/>LCD gr\u00e1fica de 2,3 132&#215;64 p\u00edxeles con retroiluminaci\u00f3n<br \/>LED para indicaci\u00f3n de llamada y mensaje en espera<br \/>LED iluminados de dos colores (rojo o verde) para<br \/>informaci\u00f3n de estado de la l\u00ednea<br \/>Interfaz de usuario intuitiva con iconos y teclas de funci\u00f3n<br \/>Interfaz de usuario multiling\u00fce<br \/>Identificador de llamadas con nombre y n\u00famero<br \/>Ahorro de energ\u00eda<br \/>Teclas de funci\u00f3n<br \/>2 teclas de l\u00ednea con LED<br \/>6 teclas de funciones: transferencia, mensaje, auricular, rellamada,<br \/>silencio, altavoz manos libres<br \/>5 teclas de navegaci\u00f3n<br \/>Teclas de control de volumen<br \/>Interfaz<br \/>2 puertos Ethernet RJ45 10 \/ 100M<br \/>Alimentaci\u00f3n a trav\u00e9s de Ethernet (IEEE 802.3af), clase 2<br \/>1 puerto para tel\u00e9fono RJ9 (4P4C)<br \/>1 puerto para auriculares RJ9 (4P4C)<br \/>Otras caracter\u00edsticas f\u00edsicas<br \/>Color: Negro<br \/>Montable en la pared<br \/>Adaptador de CA externo Yealink<br \/>Entrada AC 100 ~ 240V y salida DC 5V \/ 600mA<br \/>Consumo de energ\u00eda (PSU): 2-3 W<br \/>Consumo de energ\u00eda (PoE): 3-4W<br \/>Dimensi\u00f3n (W * D * H * T): 188 mm * 189 mm * 162 mm * 50 mm<br \/>Humedad de funcionamiento: 10 ~ 95%<br \/>Temperatura de funcionamiento: -10 ~ 50 \u00b0 C (+ 14 ~ 122 \u00b0 F)<br \/>Administraci\u00f3n<br \/>Configuraci\u00f3n: navegador \/ tel\u00e9fono \/ autoaprovisionamiento<br \/>Aprovisionamiento autom\u00e1tico a trav\u00e9s de FTP \/ TFTP \/ HTTP \/ HTTPS para<br \/>despliegue masivo<br \/>Autoaprovisionamiento con PnP<br \/>Zero-sp-touch, TR-069<br \/>Bloqueo de tel\u00e9fono para proteger la privacidad personal<br \/>Restablecer a la f\u00e1brica, reiniciar<br \/>Exportaci\u00f3n de seguimiento de paquetes, registro del sistema<br \/>Red y seguridad<br \/>SIP v1 (RFC2543), v2 (RFC3261)<br \/>Se admite la redundancia del servidor de llamadas<br \/>NAT transversal: modo STUN<br \/>Modo proxy y modo de enlace SIP de igual a igual<br \/>Asignaci\u00f3n de IP: est\u00e1tica \/ DHCP<br \/>Servidor web HTTP \/ HTTPS<br \/>Sincronizaci\u00f3n de fecha y hora mediante SNTP<br \/>UDP \/ TCP \/ DNS-SRV (RFC 3263)<br \/>QoS: etiquetado 802.1p \/ Q (VLAN), capa 3 ToS DSCP<br \/>SRTP para voz<br \/>Seguridad de la capa de transporte (TLS)<br \/>Administrador de certificados HTTPS<br \/>Cifrado AES para archivo de configuraci\u00f3n<br \/>Autenticaci\u00f3n impl\u00edcita<br \/>OpenVPN, IEEE802.1X<br \/>IPv6<br \/>VLAN LLDP \/ CDP \/ DHCP<br \/>ICE<\/p>\n","protected":false},"excerpt":{"rendered":"<p>Telefono voip yealink sip &#8211; t31p<\/p>\n","protected":false},"featured_media":237300,"comment_status":"closed","ping_status":"open","template":"","meta":{"_et_pb_use_builder":"","_et_pb_old_content":"","_et_gb_content_width":""},"product_brand":[2451],"product_cat":[2058,2062,2447],"product_tag":[2066,2450,3354,2452],"class_list":{"0":"post-237299","1":"product","2":"type-product","3":"status-publish","4":"has-post-thumbnail","6":"product_brand-yealink","7":"product_cat-dispositivos","8":"product_cat-telefonia","9":"product_cat-telefonia-voip","10":"product_tag-telefonia","11":"product_tag-telefonia-voip","12":"product_tag-telefono-voip-yealink-sip-t31p","13":"product_tag-yealink","14":"pa_canon-digital-incluida-0-e-incluidos","16":"first","17":"instock","18":"sale","19":"taxable","20":"shipping-taxable","21":"purchasable","22":"product-type-simple"},"_links":{"self":[{"href":"https:\/\/linkxa.es\/linkshop\/wp-json\/wp\/v2\/product\/237299","targetHints":{"allow":["GET"]}}],"collection":[{"href":"https:\/\/linkxa.es\/linkshop\/wp-json\/wp\/v2\/product"}],"about":[{"href":"https:\/\/linkxa.es\/linkshop\/wp-json\/wp\/v2\/types\/product"}],"replies":[{"embeddable":true,"href":"https:\/\/linkxa.es\/linkshop\/wp-json\/wp\/v2\/comments?post=237299"}],"wp:featuredmedia":[{"embeddable":true,"href":"https:\/\/linkxa.es\/linkshop\/wp-json\/wp\/v2\/media\/237300"}],"wp:attachment":[{"href":"https:\/\/linkxa.es\/linkshop\/wp-json\/wp\/v2\/media?parent=237299"}],"wp:term":[{"taxonomy":"product_brand","embeddable":true,"href":"https:\/\/linkxa.es\/linkshop\/wp-json\/wp\/v2\/product_brand?post=237299"},{"taxonomy":"product_cat","embeddable":true,"href":"https:\/\/linkxa.es\/linkshop\/wp-json\/wp\/v2\/product_cat?post=237299"},{"taxonomy":"product_tag","embeddable":true,"href":"https:\/\/linkxa.es\/linkshop\/wp-json\/wp\/v2\/product_tag?post=237299"}],"curies":[{"name":"wp","href":"https:\/\/api.w.org\/{rel}","templated":true}]}}