{"id":237306,"date":"2025-06-30T02:01:21","date_gmt":"2025-06-30T02:01:21","guid":{"rendered":"https:\/\/linkxa.es\/contratacion\/producto\/telefono-fijo-inalambrico-gigaset-e290-duo-2\/"},"modified":"2025-10-03T21:25:09","modified_gmt":"2025-10-03T21:25:09","slug":"telefono-fijo-inalambrico-gigaset-e290-duo-2","status":"publish","type":"product","link":"https:\/\/linkxa.es\/linkshop\/producto\/telefono-fijo-inalambrico-gigaset-e290-duo-2\/","title":{"rendered":"Telefono fijo inalambrico gigaset e290 duo"},"content":{"rendered":"<div style=\"text-align: center; margin-bottom: 20px;\">\n<h2 style=\"font-size: 22px; font-weight: 600; margin: 0; color: #333;\">\n    Gigaset \u00a0|\u00a0 Tel\u00e9fonos fijos<br \/>\n  <\/h2>\n<\/div>\n<p style=\"max-width: 700px; margin: 0 auto 30px auto; font-size: 18px; line-height: 1.6; color: #555; font-style: italic; text-align: center;\">\n  Especificaciones<br \/>General<br \/>Nombre de art\u00edculo<br \/>Gigaset E290<br \/>Caracter\u00edsticas generales<br \/>Conexi\u00f3n<br \/>Anal\u00f3gico<br \/>N\u00famero de tel\u00e9fono (anal\u00f3gica)<br \/>2<br \/>Standares DECT<br \/>DECT, GAP<br \/>ECO DECT<br \/>Reducci\u00f3n autom\u00e1tica de transmisi\u00f3n de enrg\u00eda, Libre de radiaci\u00f3n<br \/>en modo standby, Bajo consumo de energ\u00eda<br \/>Funciones<br \/>Fuents Jumbo<br \/>Caracter\u00edsticas adicionales<br \/>Tiempo en modo en espera hasta (h)<br \/>200<br \/>Tiempo de conversaci\u00f3n hasta (h)<br \/>10<br \/>N\u00famero de registros en agenda telef\u00f3nica (nombre\/n\u00famero)<br \/>300<br \/>Teclas de marcaci\u00f3n directa en terminal<br \/>2<br \/>Funci\u00f3n de remarcaci\u00f3n autom\u00e1tica en el terminal<br \/>Si<br \/>Supervisi\u00f3n de espacios (monitor de beb\u00e9s)<br \/>Interno (se requiere segundo terminal), Externa<br \/>Marcaci\u00f3n directa (Babycall)<br \/>Si<br \/>Funci\u00f3n de alarma<br \/>Si<br \/>Tono de advertencia<br \/>Si<br \/>Call block function<br \/>Si<br \/>Blacklist (number of entries)<br \/>32<br \/>Anonymous call suppression: Calls without CLIP number are only<br \/>indicated visually<br \/>Si<br \/>Day \/ night mode: Timed ringtone deactivation on handset<br \/>Si<br \/>Se\u00f1alizaci\u00f3n \u00f3ptica de llamada (pantalla iluminada)<br \/>Pantalla iluminada, La tecla de llamada parpadea, Luz LED<br \/>intermitente N\u00famero de terminales ampliables<br \/>4<br \/>Llamadas internas gratuitas<br \/>Si<br \/>Transferencia de tel\u00e9fonos\/libreta de direcciones interna a trav\u00e9s de<br \/>DECT (de terminal a terminal)<br \/>Si<br \/>Transferencia interna de llamadas externas, llamada de conferencia,<br \/>devoluci\u00f3n de llamada<br \/>Si<br \/>Caracter\u00edsticas de sonido<br \/>Conversaci\u00f3n manos libres<br \/>C\u00f3moda opci\u00f3n de manos libres (calidad Full Duplex)<br \/>Conversaci\u00f3n manos libres terminal \/ baset<br \/>Terminal<br \/>Volumen ajustable<br \/>Mediante el Men\u00fa, Mediante tecla de aumento<br \/>N\u00famero de tonos<br \/>42<br \/>Caracter\u00edsticas de la pantalla<br \/>Tipo de pantalla<br \/>Alfan\u00famerica blanco y negro iluminada<br \/>Dimensiones (alt. x anch. mm)<br \/>34 x 37<br \/>Diagonal (pulg.)<br \/>2<br \/>Resoluci\u00f3n (px)<br \/>96 x 64<br \/>Fuents Jumbo<br \/>S\u00ed<br \/>Visualizaci\u00f3n del llamante en pantalla<br \/>Indicaci\u00f3n del n\u00famero de tel\u00e9fono llamante (CLIP)<br \/>Lista de las \u00faltimas llamadas perdidas (n\u00famero) con hora y fecha<br \/>25<br \/>Lista con (n\u00famero de) llamadas entrantes con hora y fecha<br \/>25<br \/>Men\u00fa en varios idiomas (varios idiomas de pantalla)<br \/>Si<br \/>Tiempo \/ Fecha mostrada<br \/>Si<br \/>N\u00famero de idiomas<br \/>21<br \/>Caracter\u00edsticas del teclado<br \/>Teclado iluminado<br \/>Si<br \/>Manejo sencillo con teclas de navegaci\u00f3n<br \/>Si<br \/>Tecla de mensajes<br \/>Si<\/p>\n","protected":false},"excerpt":{"rendered":"<p>Telefono fijo inalambrico gigaset e290 duo negro 300 numeros &#8211;  42 tonos<\/p>\n","protected":false},"featured_media":230745,"comment_status":"closed","ping_status":"open","template":"","meta":{"_et_pb_use_builder":"","_et_pb_old_content":"","_et_gb_content_width":""},"product_brand":[2311],"product_cat":[2058,2062,2312],"product_tag":[2313,2066,2370,2315],"class_list":{"0":"post-237306","1":"product","2":"type-product","3":"status-publish","4":"has-post-thumbnail","6":"product_brand-gigaset","7":"product_cat-dispositivos","8":"product_cat-telefonia","9":"product_cat-telefonos-fijos","10":"product_tag-gigaset","11":"product_tag-telefonia","12":"product_tag-telefono-fijo-inalambrico-gigaset-e290-duo","13":"product_tag-telefonos-fijos","14":"pa_canon-digital-incluida-0-e-incluidos","16":"first","17":"instock","18":"sale","19":"taxable","20":"shipping-taxable","21":"purchasable","22":"product-type-simple"},"_links":{"self":[{"href":"https:\/\/linkxa.es\/linkshop\/wp-json\/wp\/v2\/product\/237306","targetHints":{"allow":["GET"]}}],"collection":[{"href":"https:\/\/linkxa.es\/linkshop\/wp-json\/wp\/v2\/product"}],"about":[{"href":"https:\/\/linkxa.es\/linkshop\/wp-json\/wp\/v2\/types\/product"}],"replies":[{"embeddable":true,"href":"https:\/\/linkxa.es\/linkshop\/wp-json\/wp\/v2\/comments?post=237306"}],"wp:featuredmedia":[{"embeddable":true,"href":"https:\/\/linkxa.es\/linkshop\/wp-json\/wp\/v2\/media\/230745"}],"wp:attachment":[{"href":"https:\/\/linkxa.es\/linkshop\/wp-json\/wp\/v2\/media?parent=237306"}],"wp:term":[{"taxonomy":"product_brand","embeddable":true,"href":"https:\/\/linkxa.es\/linkshop\/wp-json\/wp\/v2\/product_brand?post=237306"},{"taxonomy":"product_cat","embeddable":true,"href":"https:\/\/linkxa.es\/linkshop\/wp-json\/wp\/v2\/product_cat?post=237306"},{"taxonomy":"product_tag","embeddable":true,"href":"https:\/\/linkxa.es\/linkshop\/wp-json\/wp\/v2\/product_tag?post=237306"}],"curies":[{"name":"wp","href":"https:\/\/api.w.org\/{rel}","templated":true}]}}