{"id":237317,"date":"2024-12-08T13:00:15","date_gmt":"2024-12-08T13:00:15","guid":{"rendered":"https:\/\/linkxa.es\/contratacion\/producto\/telefono-inalambrico-maxcom-dec-mm32d-2-4-pulgadas\/"},"modified":"2025-10-03T21:28:36","modified_gmt":"2025-10-03T21:28:36","slug":"telefono-inalambrico-maxcom-dec-mm32d-2-4-pulgadas","status":"publish","type":"product","link":"https:\/\/linkxa.es\/linkshop\/producto\/telefono-inalambrico-maxcom-dec-mm32d-2-4-pulgadas\/","title":{"rendered":"Telefono inalambrico maxcom dec mm32d 2.4 pulgadas"},"content":{"rendered":"<div style=\"text-align: center; margin-bottom: 20px;\">\n<h2 style=\"font-size: 22px; font-weight: 600; margin: 0; color: #333;\">\n    Maxcom \u00a0|\u00a0 Tel\u00e9fonos fijos<br \/>\n  <\/h2>\n<\/div>\n<p style=\"max-width: 700px; margin: 0 auto 30px auto; font-size: 18px; line-height: 1.6; color: #555; font-style: italic; text-align: center;\">\n  Exhibici\u00f3n<br \/>Diagonal de la pantalla &#8211;&#038;gt, 6,1 cm (2.4\u00bb)<br \/>Resoluci\u00f3n de la pantalla &#8211;&#038;gt, 240 x 320 Pixeles<br \/>Pantalla externa &#8211;&#038;gt, No<br \/>Pantalla t\u00e1ctil &#8211;&#038;gt, No<\/p>\n<p>Memoria<br \/>Tarjeta de soporte flash &#8211;&#038;gt, S\u00ed<br \/>Tarjetas de memoria compatibles &#8211;&#038;gt, MicroSD (TransFlash)<br \/>Tama\u00f1o m\u00e1ximo de tarjeta de memoria &#8211;&#038;gt, 32 GB<\/p>\n<p>C\u00e1mara fotogr\u00e1fica<br \/>C\u00e1mara trasera &#8211;&#038;gt, No<br \/>C\u00e1mara frontal &#8211;&#038;gt, No<\/p>\n<p>Mensajer\u00eda<br \/>Servicios de mensajes cortos (SMS) &#8211;&#038;gt, S\u00ed<\/p>\n<p>Audio<br \/>Radio FM &#8211;&#038;gt, S\u00ed<br \/>Reproductor de m\u00fasica &#8211;&#038;gt, S\u00ed<\/p>\n<p>Peso y dimensiones<br \/>Peso &#8211;&#038;gt, 100 g<br \/>Ancho &#8211;&#038;gt, 52,4 mm<br \/>Profundidad &#8211;&#038;gt, 12,9 mm<br \/>Altura &#8211;&#038;gt, 168,5 mm<\/p>\n<p>Caracter\u00edsticas del tel\u00e9fono<br \/>Gesti\u00f3n de la informaci\u00f3n personal &#8211;&#038;gt, Despertador, calculadora, calendario<br \/>Alerta vibratoria &#8211;&#038;gt, S\u00ed<br \/>Capacidad de lista de direcciones &#8211;&#038;gt, 300 entradas<br \/>Altavoz &#8211;&#038;gt, S\u00ed<br \/>Factor de forma &#8211;&#038;gt, Barra<\/p>\n<p>Transmisi\u00f3n de datos<br \/>Bluetooth &#8211;&#038;gt, S\u00ed<\/p>\n<p>Detalles t\u00e9cnicos<br \/>Color del producto &#8211;&#038;gt, Negro<br \/>Tipo &#8211;&#038;gt, Tel\u00e9fono b\u00e1sico<br \/>Tipo de suscripci\u00f3n &#8211;&#038;gt, Sin suscripci\u00f3n<br \/>Linterna integrada &#8211;&#038;gt, S\u00ed<br \/>GPRS &#8211;&#038;gt, S\u00ed<\/p>\n<p>Funcionamiento del GPS<br \/>Funci\u00f3n de GPS asistida (A-GPS) &#8211;&#038;gt, No<br \/>GPS &#8211;&#038;gt, No<\/p>\n<p>Contenido del embalaje<br \/>Estaci\u00f3n de conexi\u00f3n incluida &#8211;&#038;gt, S\u00ed<\/p>\n<p>Gesti\u00f3n de llamadas<br \/>Marcaci\u00f3n r\u00e1pida &#8211;&#038;gt, S\u00ed<\/p>\n<p>Control de energ\u00eda<br \/>Capacidad de bater\u00eda &#8211;&#038;gt, 800 mAh<br \/>Tiempo de hablado (2G) &#8211;&#038;gt, 10 h<br \/>Tiempo de suspendido (2G) &#8211;&#038;gt, 300 h<\/p>\n<p>Puertos e Interfaces<br \/>Puerto USB &#8211;&#038;gt, No<br \/>Auriculares &#8211;&#038;gt, 3,5 mm<\/p>\n<p>Conexi\u00f3n<br \/>Capacidad de la tarjeta SIM &#8211;&#038;gt, SIM \u00fanica<br \/>Generaci\u00f3n de red m\u00f3vil &#8211;&#038;gt, 2G<br \/>Red de datos &#8211;&#038;gt, GPRS, GSM<br \/>WAP &#8211;&#038;gt, S\u00ed<br \/>Bandas 2G (SIM principal) &#8211;&#038;gt, 900,1800 MHz<br \/>Wifi &#8211;&#038;gt, No<\/p>\n","protected":false},"excerpt":{"rendered":"<p>Telefono inalambrico maxcom dec mm32d 2.4 pulgadas &#8211;  2g<\/p>\n","protected":false},"featured_media":230962,"comment_status":"closed","ping_status":"open","template":"","meta":{"_et_pb_use_builder":"","_et_pb_old_content":"","_et_gb_content_width":""},"product_brand":[2242],"product_cat":[2058,2062,2312],"product_tag":[2243,2066,2454,2315],"class_list":{"0":"post-237317","1":"product","2":"type-product","3":"status-publish","4":"has-post-thumbnail","6":"product_brand-maxcom","7":"product_cat-dispositivos","8":"product_cat-telefonia","9":"product_cat-telefonos-fijos","10":"product_tag-maxcom","11":"product_tag-telefonia","12":"product_tag-telefono-inalambrico-maxcom-dec-mm32d-2-4-pulgadas","13":"product_tag-telefonos-fijos","14":"pa_canon-digital-incluida-0-e-incluidos","16":"first","17":"instock","18":"sale","19":"taxable","20":"shipping-taxable","21":"purchasable","22":"product-type-simple"},"_links":{"self":[{"href":"https:\/\/linkxa.es\/linkshop\/wp-json\/wp\/v2\/product\/237317","targetHints":{"allow":["GET"]}}],"collection":[{"href":"https:\/\/linkxa.es\/linkshop\/wp-json\/wp\/v2\/product"}],"about":[{"href":"https:\/\/linkxa.es\/linkshop\/wp-json\/wp\/v2\/types\/product"}],"replies":[{"embeddable":true,"href":"https:\/\/linkxa.es\/linkshop\/wp-json\/wp\/v2\/comments?post=237317"}],"wp:featuredmedia":[{"embeddable":true,"href":"https:\/\/linkxa.es\/linkshop\/wp-json\/wp\/v2\/media\/230962"}],"wp:attachment":[{"href":"https:\/\/linkxa.es\/linkshop\/wp-json\/wp\/v2\/media?parent=237317"}],"wp:term":[{"taxonomy":"product_brand","embeddable":true,"href":"https:\/\/linkxa.es\/linkshop\/wp-json\/wp\/v2\/product_brand?post=237317"},{"taxonomy":"product_cat","embeddable":true,"href":"https:\/\/linkxa.es\/linkshop\/wp-json\/wp\/v2\/product_cat?post=237317"},{"taxonomy":"product_tag","embeddable":true,"href":"https:\/\/linkxa.es\/linkshop\/wp-json\/wp\/v2\/product_tag?post=237317"}],"curies":[{"name":"wp","href":"https:\/\/api.w.org\/{rel}","templated":true}]}}