{"id":237327,"date":"2025-09-09T23:39:14","date_gmt":"2025-09-09T23:39:14","guid":{"rendered":"https:\/\/linkxa.es\/contratacion\/producto\/telefono-fijo-maxcom-kxt480-black\/"},"modified":"2025-10-03T21:30:07","modified_gmt":"2025-10-03T21:30:07","slug":"telefono-fijo-maxcom-kxt480-black","status":"publish","type":"product","link":"https:\/\/linkxa.es\/linkshop\/producto\/telefono-fijo-maxcom-kxt480-black\/","title":{"rendered":"Telefono fijo maxcom kxt480 black"},"content":{"rendered":"<div style=\"text-align: center; margin-bottom: 20px;\">\n<h2 style=\"font-size: 22px; font-weight: 600; margin: 0; color: #333;\">\n    Maxcom \u00a0|\u00a0 Tel\u00e9fonos fijos<br \/>\n  <\/h2>\n<\/div>\n<p style=\"max-width: 700px; margin: 0 auto 30px auto; font-size: 18px; line-height: 1.6; color: #555; font-style: italic; text-align: center;\">\n  Maxcom KXT480 Tel\u00e9fono fijo negro con pantalla LCD extra grande y un indicador<br \/>LED de timbre entrante<br \/>Caracter\u00edsticas:<\/p>\n<p>F\u00e1cil de usar.\u00a0Tel\u00e9fono de escritorio con una pantalla grande y f\u00e1cil de leer.<br \/>Compatible con aud\u00edfonos. Perfecto para personas mayores.<br \/>Funciones \u00fatiles.\u00a0Encontrar\u00e1 muchas comodidades \u00fatiles en su tel\u00e9fono: funci\u00f3n<br \/>de manos libres, varios tipos de memoria y una pantalla grande.<br \/>Pantalla muy grande.\u00a0La gran pantalla monocrom\u00e1tica del tel\u00e9fono garantiza una<br \/>buena legibilidad de la informaci\u00f3n.<\/p>\n<p>Especificaciones:<\/p>\n<p>Marca: Maxcom<br \/>Fabricante: MaxCom<br \/>Modelo: KXT480BB<br \/>A\u00f1o del modelo: 2014<br \/>Dimensiones del producto: 20.6 x 16.4 x 9.1 cm, 624 gramos<br \/>Fuente de alimentaci\u00f3n: Funciona con bater\u00eda<br \/>Pilas \/ bater\u00edas incluidas: S\u00ed<br \/>Tipo de material: Pl\u00e1stico<br \/>Peso del producto: 624 g<\/p>\n","protected":false},"excerpt":{"rendered":"<p>Telefono fijo maxcom kxt480 black<\/p>\n","protected":false},"featured_media":230987,"comment_status":"closed","ping_status":"open","template":"","meta":{"_et_pb_use_builder":"","_et_pb_old_content":"","_et_gb_content_width":""},"product_brand":[2242],"product_cat":[2058,2062,2312],"product_tag":[2243,2066,2466,2315],"class_list":{"0":"post-237327","1":"product","2":"type-product","3":"status-publish","4":"has-post-thumbnail","6":"product_brand-maxcom","7":"product_cat-dispositivos","8":"product_cat-telefonia","9":"product_cat-telefonos-fijos","10":"product_tag-maxcom","11":"product_tag-telefonia","12":"product_tag-telefono-fijo-maxcom-kxt480-black","13":"product_tag-telefonos-fijos","14":"pa_canon-digital-incluida-0-e-incluidos","16":"first","17":"instock","18":"sale","19":"taxable","20":"shipping-taxable","21":"purchasable","22":"product-type-simple"},"_links":{"self":[{"href":"https:\/\/linkxa.es\/linkshop\/wp-json\/wp\/v2\/product\/237327","targetHints":{"allow":["GET"]}}],"collection":[{"href":"https:\/\/linkxa.es\/linkshop\/wp-json\/wp\/v2\/product"}],"about":[{"href":"https:\/\/linkxa.es\/linkshop\/wp-json\/wp\/v2\/types\/product"}],"replies":[{"embeddable":true,"href":"https:\/\/linkxa.es\/linkshop\/wp-json\/wp\/v2\/comments?post=237327"}],"wp:featuredmedia":[{"embeddable":true,"href":"https:\/\/linkxa.es\/linkshop\/wp-json\/wp\/v2\/media\/230987"}],"wp:attachment":[{"href":"https:\/\/linkxa.es\/linkshop\/wp-json\/wp\/v2\/media?parent=237327"}],"wp:term":[{"taxonomy":"product_brand","embeddable":true,"href":"https:\/\/linkxa.es\/linkshop\/wp-json\/wp\/v2\/product_brand?post=237327"},{"taxonomy":"product_cat","embeddable":true,"href":"https:\/\/linkxa.es\/linkshop\/wp-json\/wp\/v2\/product_cat?post=237327"},{"taxonomy":"product_tag","embeddable":true,"href":"https:\/\/linkxa.es\/linkshop\/wp-json\/wp\/v2\/product_tag?post=237327"}],"curies":[{"name":"wp","href":"https:\/\/api.w.org\/{rel}","templated":true}]}}