{"id":237329,"date":"2025-01-31T19:42:54","date_gmt":"2025-01-31T19:42:54","guid":{"rendered":"https:\/\/linkxa.es\/contratacion\/producto\/telefono-fijo-inalambrico-motorola-o201-negro\/"},"modified":"2025-10-03T21:31:02","modified_gmt":"2025-10-03T21:31:02","slug":"telefono-fijo-inalambrico-motorola-o201-negro","status":"publish","type":"product","link":"https:\/\/linkxa.es\/linkshop\/producto\/telefono-fijo-inalambrico-motorola-o201-negro\/","title":{"rendered":"Telefono fijo inalambrico motorola o201 negro"},"content":{"rendered":"<div style=\"text-align: center; margin-bottom: 20px;\">\n<h2 style=\"font-size: 22px; font-weight: 600; margin: 0; color: #333;\">\n    Motorola \u00a0|\u00a0 Tel\u00e9fonos fijos<br \/>\n  <\/h2>\n<\/div>\n<p style=\"max-width: 700px; margin: 0 auto 30px auto; font-size: 18px; line-height: 1.6; color: #555; font-style: italic; text-align: center;\">\n  Especificaciones MOTOROLA O201 Telefono DECT Largo Alcance<\/p>\n<p>El Motorola O2 es un potente tel\u00e9fono inal\u00e1mbrico de alto alcance que ofrece una soluci\u00f3n duradera resistente al agua para la telefon\u00eda exterior. Certificado por la norma internacional IP67, le permitir\u00e1 hacer llamadas tanto en el interior<br \/>como en el exteior en cualquier tipo condiciones.<\/p>\n<p>Marca Motorola<br \/>Modelo E52000X60T1GEF03<br \/>Caracter\u00edsticas General<br \/>&#8211; Compatible GAB<br \/>&#8211; Hasta 4 bases, ampliable hasta 11 terminales<br \/>&#8211; Estaci\u00f3n base \/ seguridad del terminal<br \/>&#8211; Antena est\u00e1ndar de la gama interior\/exterior &#8211; hasta 50m \/ 600m<br \/>&#8211; Antena de largo alcance interior\/exterior &#8211; hasta 50m \/ 1000m<br \/>&#8211; Modo de marcaci\u00f3n &#8211; tono y pulso<br \/>&#8211; B\u00fasqueda de terminales<br \/>&#8211; Aviso de fuera de alcance<br \/>&#8211; Encendido\/apagado del tel\u00e9fono<br \/>&#8211; Posibilidad de poner nombre a los terminales<br \/>&#8211; Bloqueo del teclado<br \/>&#8211; Teclado retroiluminado grabado con l\u00e1ser<br \/>&#8211; Montaje en pared<br \/>Pantalla y caracter\u00edsticas del men\u00fa<br \/>&#8211; 1.8 TFT full colour display (128 x 160)<br \/>&#8211; Pantalla retroiluminada<br \/>&#8211; Icono de men\u00fa<br \/>&#8211; Reloj \/ Alarma<br \/>&#8211; Cron\u00f3metro de duraci\u00f3n de llamada<br \/>&#8211; ECO reduce el consumo de energ\u00eda<br \/>&#8211; 9 idiomas a elegir<br \/>&#8211; Salvapantallas<br \/>&#8211; Modo de bienvenida<br \/>Sonido \/ Audio<br \/>&#8211; Altavoz manos libres<br \/>&#8211; 20 melod\u00edas polif\u00f3nicas en el terminal<br \/>&#8211; 5 melod\u00edas monof\u00f3nicas en la base<br \/>&#8211; Ajuste de volumen de la base- 5 niveles y silencio<br \/>&#8211; Ajuste de volumen del terminal- 5 niveles y silencio<br \/>&#8211; Volumen del auricular del tel\u00e9fono &#8211; 8 niveles<br \/>&#8211; Tono de teclado on\/off<br \/>Llamadas<br \/>&#8211; Agenda para 200 nombres y n\u00fameros<br \/>&#8211; Aparecen los nombres de la agenda en las llamadas entrantes<br \/>&#8211; Identificaci\u00f3n de llamadas &#8211; tipo I \/ tipo II<br \/>&#8211; Lista de llamadas entrantes &#8211; 50<br \/>&#8211; D\u00eda y hora de la lista de llamadas<br \/>&#8211; Memorias de rellamada &#8211; 20 entradas<br \/>&#8211; Copiar identificaci\u00f3n de n\u00famero entrante a la agenda<br \/>&#8211; Copiar n\u00famero en memoria de rellamada a la agenda<br \/>&#8211; Modo MUTE<br \/>&#8211; Auto-Talk (respuesta autom\u00e1tica)<br \/>&#8211; Rellamada<br \/>&#8211; Pre-marcaci\u00f3n posible<br \/>&#8211; Conferencia a 3<br \/>&#8211; Transferencia de llamadas entre telefonos<br \/>&#8211; Comunicaci\u00f3n entre terminales<br \/>&#8211; Longitud m\u00e1xima de n\u00famero de rellamada &#8211; 32 cifras<br \/>&#8211; Longitud m\u00e1xima de nombre en agenda &#8211; 16 caracteres<br \/>&#8211; Longitud m\u00e1xima de n\u00famero en memoria &#8211; 24 cifras<br \/>&#8211; Longitud m\u00e1xima de nombre de terminal &#8211; 10 caracteres<br \/>Energ\u00eda<br \/>&#8211; Alimentaci\u00f3n eficiente de energ\u00eda<br \/>&#8211; Bater\u00edas Ni-MH<br \/>&#8211; Advertencia de bater\u00eda baja<br \/>&#8211; Tiempo en conversaci\u00f3n y tiempo en espera &#8211; hasta 12hrs \/ 250hrs<\/p>\n","protected":false},"excerpt":{"rendered":"<p>Telefono fijo inalambrico motorola o201 negro<\/p>\n","protected":false},"featured_media":237330,"comment_status":"closed","ping_status":"open","template":"","meta":{"_et_pb_use_builder":"","_et_pb_old_content":"","_et_gb_content_width":""},"product_brand":[2081],"product_cat":[2058,2062,2312],"product_tag":[2082,2066,3356,2315],"class_list":{"0":"post-237329","1":"product","2":"type-product","3":"status-publish","4":"has-post-thumbnail","6":"product_brand-motorola","7":"product_cat-dispositivos","8":"product_cat-telefonia","9":"product_cat-telefonos-fijos","10":"product_tag-motorola","11":"product_tag-telefonia","12":"product_tag-telefono-fijo-inalambrico-motorola-o201-negro","13":"product_tag-telefonos-fijos","14":"pa_canon-digital-incluida-0-e-incluidos","16":"first","17":"instock","18":"sale","19":"taxable","20":"shipping-taxable","21":"purchasable","22":"product-type-simple"},"_links":{"self":[{"href":"https:\/\/linkxa.es\/linkshop\/wp-json\/wp\/v2\/product\/237329","targetHints":{"allow":["GET"]}}],"collection":[{"href":"https:\/\/linkxa.es\/linkshop\/wp-json\/wp\/v2\/product"}],"about":[{"href":"https:\/\/linkxa.es\/linkshop\/wp-json\/wp\/v2\/types\/product"}],"replies":[{"embeddable":true,"href":"https:\/\/linkxa.es\/linkshop\/wp-json\/wp\/v2\/comments?post=237329"}],"wp:featuredmedia":[{"embeddable":true,"href":"https:\/\/linkxa.es\/linkshop\/wp-json\/wp\/v2\/media\/237330"}],"wp:attachment":[{"href":"https:\/\/linkxa.es\/linkshop\/wp-json\/wp\/v2\/media?parent=237329"}],"wp:term":[{"taxonomy":"product_brand","embeddable":true,"href":"https:\/\/linkxa.es\/linkshop\/wp-json\/wp\/v2\/product_brand?post=237329"},{"taxonomy":"product_cat","embeddable":true,"href":"https:\/\/linkxa.es\/linkshop\/wp-json\/wp\/v2\/product_cat?post=237329"},{"taxonomy":"product_tag","embeddable":true,"href":"https:\/\/linkxa.es\/linkshop\/wp-json\/wp\/v2\/product_tag?post=237329"}],"curies":[{"name":"wp","href":"https:\/\/api.w.org\/{rel}","templated":true}]}}