{"id":237333,"date":"2024-12-15T19:46:40","date_gmt":"2024-12-15T19:46:40","guid":{"rendered":"https:\/\/linkxa.es\/contratacion\/producto\/telefono-fijo-doro-phone-easy-311c\/"},"modified":"2025-10-03T21:32:09","modified_gmt":"2025-10-03T21:32:09","slug":"telefono-fijo-doro-phone-easy-311c","status":"publish","type":"product","link":"https:\/\/linkxa.es\/linkshop\/producto\/telefono-fijo-doro-phone-easy-311c\/","title":{"rendered":"Telefono fijo doro phone easy 311c"},"content":{"rendered":"<div style=\"text-align: center; margin-bottom: 20px;\">\n<h2 style=\"font-size: 22px; font-weight: 600; margin: 0; color: #333;\">\n    Doro \u00a0|\u00a0 Tel\u00e9fonos fijos<br \/>\n  <\/h2>\n<\/div>\n<p style=\"max-width: 700px; margin: 0 auto 30px auto; font-size: 18px; line-height: 1.6; color: #555; font-style: italic; text-align: center;\">\n  Doro PhoneEasy 311c<\/p>\n<p>Un tel\u00e9fono f\u00e1cil de usar con teclado grande<\/p>\n<p>Gracias a su dise\u00f1o accesible y a su teclado grande y f\u00e1cil de usar, el Doro PhoneEasy 311c es uno de nuestros tel\u00e9fonos fijos m\u00e1s populares.<\/p>\n<p>Est\u00e1 equipado con teclas de acceso r\u00e1pido, HAC (compatibilidad con aud\u00edfonos) y una luz intermitente para indicar las llamadas entrantes.<\/p>\n<p>Teclas grandes para marcar m\u00e1s f\u00e1cilmente<br \/>3 memorias de marcaci\u00f3n r\u00e1pida<br \/>Volumen del auricular f\u00e1cilmente ajustable<br \/>Caracter\u00edsticas clave<\/p>\n<p>HAC (compatible con aud\u00edfonos)<br \/>Sonido alto y claro<br \/>Indicador Visual de llamada<br \/>Recordatorios<br \/>Memorias de un solo bot\u00f3n 3<br \/>Memoria de marcaci\u00f3n del \u00faltimo n\u00famero 1<br \/>Memorias de dos pulsaciones 9<br \/>Sonidos y se\u00f1ales<br \/>Sonidos de timbre monof\u00f3nicos 3<br \/>Ajuste de la desconexi\u00f3n del timbre<br \/>Ajustes del control de volumen, sin desconexi\u00f3n 3<br \/>Ac\u00fastica<br \/>Control de volumen 3<br \/>Ergonom\u00eda<br \/>Teclas c\u00f3ncavas<br \/>Se puede colocar en la pared<br \/>Tecnolog\u00eda<br \/>PSTN<\/p>\n","protected":false},"excerpt":{"rendered":"<p>Telefono fijo doro phone easy 311c white &#8211; blanco<\/p>\n","protected":false},"featured_media":230994,"comment_status":"closed","ping_status":"open","template":"","meta":{"_et_pb_use_builder":"","_et_pb_old_content":"","_et_gb_content_width":""},"product_brand":[2245],"product_cat":[2058,2062,2312],"product_tag":[2246,2066,2469,2315],"class_list":{"0":"post-237333","1":"product","2":"type-product","3":"status-publish","4":"has-post-thumbnail","6":"product_brand-doro","7":"product_cat-dispositivos","8":"product_cat-telefonia","9":"product_cat-telefonos-fijos","10":"product_tag-doro","11":"product_tag-telefonia","12":"product_tag-telefono-fijo-doro-phone-easy-311c","13":"product_tag-telefonos-fijos","14":"pa_canon-digital-incluida-0-e-incluidos","16":"first","17":"instock","18":"sale","19":"taxable","20":"shipping-taxable","21":"purchasable","22":"product-type-simple"},"_links":{"self":[{"href":"https:\/\/linkxa.es\/linkshop\/wp-json\/wp\/v2\/product\/237333","targetHints":{"allow":["GET"]}}],"collection":[{"href":"https:\/\/linkxa.es\/linkshop\/wp-json\/wp\/v2\/product"}],"about":[{"href":"https:\/\/linkxa.es\/linkshop\/wp-json\/wp\/v2\/types\/product"}],"replies":[{"embeddable":true,"href":"https:\/\/linkxa.es\/linkshop\/wp-json\/wp\/v2\/comments?post=237333"}],"wp:featuredmedia":[{"embeddable":true,"href":"https:\/\/linkxa.es\/linkshop\/wp-json\/wp\/v2\/media\/230994"}],"wp:attachment":[{"href":"https:\/\/linkxa.es\/linkshop\/wp-json\/wp\/v2\/media?parent=237333"}],"wp:term":[{"taxonomy":"product_brand","embeddable":true,"href":"https:\/\/linkxa.es\/linkshop\/wp-json\/wp\/v2\/product_brand?post=237333"},{"taxonomy":"product_cat","embeddable":true,"href":"https:\/\/linkxa.es\/linkshop\/wp-json\/wp\/v2\/product_cat?post=237333"},{"taxonomy":"product_tag","embeddable":true,"href":"https:\/\/linkxa.es\/linkshop\/wp-json\/wp\/v2\/product_tag?post=237333"}],"curies":[{"name":"wp","href":"https:\/\/api.w.org\/{rel}","templated":true}]}}