{"id":237380,"date":"2025-09-20T22:35:14","date_gmt":"2025-09-20T22:35:14","guid":{"rendered":"https:\/\/linkxa.es\/contratacion\/producto\/adaptador-telefonico-analogico-grandstream-ata-ip\/"},"modified":"2025-10-03T22:13:58","modified_gmt":"2025-10-03T22:13:58","slug":"adaptador-telefonico-analogico-grandstream-ata-ip","status":"publish","type":"product","link":"https:\/\/linkxa.es\/linkshop\/producto\/adaptador-telefonico-analogico-grandstream-ata-ip\/","title":{"rendered":"Adaptador telefonico analogico grandstream ata ip"},"content":{"rendered":"<div style=\"text-align: center; margin-bottom: 20px;\">\n<h2 style=\"font-size: 22px; font-weight: 600; margin: 0; color: #333;\">\n    Grandstream \u00a0|\u00a0 Telefon\u00eda voip<br \/>\n  <\/h2>\n<\/div>\n<p style=\"max-width: 700px; margin: 0 auto 30px auto; font-size: 18px; line-height: 1.6; color: #555; font-style: italic; text-align: center;\">\n  HT801<br \/>Adaptador para tel\u00e9fono an\u00e1logico (ATA) de 1 puerto FXS<\/p>\n<p>El HT801, sustituto del HT701, es un adaptador de tel\u00e9fono anal\u00f3gico (ATA) de<br \/>un solo puerto (FXS) que permite a los usuarios crear una soluci\u00f3n de telefon\u00eda<br \/>IP manejable y de alta calidad para e ntornos residenciales y de oficinas. Su<br \/>tama\u00f1o ultra compacto, calidad de voz, funcionalidad avanzada de VoIP,<br \/>protecci\u00f3n de seguridad y opciones de aprovisionamiento autom\u00e1tico permiten<br \/>a los usuarios sacar provecho de VoIP en los tel\u00e9fonos anal\u00f3gicos.<br \/>Tambi\u00e9n permite que los proveedores de servicios ofrezcan servicio IP de alta<br \/>calidad a su mercado. El HT801 es un ATA ideal para uso individual, as\u00ed como<br \/>despliegues de voz IP comerciales en todo el mundo.<\/p>\n<p>Interfaces:<br \/>&#8211; 1 Puerto FXS (RJ-11) para la conexi\u00f3n de un tel\u00e9fono anal\u00f3gico convencional.<br \/>&#8211; Puerto ethernet 10\/100 Mbps (RJ-45).<br \/>&#8211; LEDs indicadores para Adaptador, internet, Tel\u00e9fono y Estado de la l\u00ednea.<br \/>&#8211; Bot\u00f3n de reset posterior.<\/p>\n<p>Voz, fax y m\u00f3dem:<br \/>&#8211; 1 L\u00ednea, 1 cuenta SIP y conferencia de 3 v\u00edas.<br \/>&#8211; Funciones de telefon\u00eda: Identificador de llamadas con bloqueo, llamada en<br \/>espera, doble l\u00ednea, transferencia atendida o ciega (Blind), reenv\u00edo (Forward),<br \/>espera (HOLD), no molestar.<br \/>&#8211; Fax sobre IP: Compatible con protocolo T.38 para Fax hasta 14.4 kbps.<br \/>&#8211; C\u00f3decs de voz: G.711 con Annex I (PLC) y Annex II (VAD\/CNG), G.723.1,<br \/>G.729A\/B, G.726, iLBC, dynamic jitter buffer, cancelaci\u00f3n de eco de l\u00ednea.<\/p>\n<p>Administraci\u00f3n y seguridad:<br \/>&#8211; Failover en caso de que Servidor SIP principal pierde conexi\u00f3n se cambia<br \/>autom\u00e1ticamente a Servidor secundario.<br \/>&#8211; Compatible con SYSLOG, Telnet y administraci\u00f3n remota usando navegador<br \/>web.<br \/>&#8211; Seguridad SRTP, TLS, SIPS, HTTPS.<br \/>&#8211; QoS de Capa 3 (ToS, Di Serv, MPLS).<\/p>\n<p>Conformidad:<br \/>FCC (Parte 15B), AS\/NZS CISPR22, CISPR24, CE, EN55022, EN55024, EN60950,<br \/>EN61000-3-2, EN61000-3-3, UL (adaptador de corriente).<\/p>\n<p>Caracter\u00edsticas f\u00edsicas y el\u00e9ctricas:<br \/>&#8211; Rango de temperatura soportado: 0\u00b0C hasta 40\u00b0C.<br \/>&#8211; Alimentaci\u00f3n: 5.0 Vcd, 1.0 A<br \/>&#8211; Dimensiones: 100 x 100 x 29.5 mm.<\/p>\n","protected":false},"excerpt":{"rendered":"<p>Adaptador telefonico analogico grandstream ata ip ht801 1 puerto fxs telefonia ip<\/p>\n","protected":false},"featured_media":230955,"comment_status":"closed","ping_status":"open","template":"","meta":{"_et_pb_use_builder":"","_et_pb_old_content":"","_et_gb_content_width":""},"product_brand":[2446],"product_cat":[2058,2062,2447],"product_tag":[2449,2448,2066,2450],"class_list":{"0":"post-237380","1":"product","2":"type-product","3":"status-publish","4":"has-post-thumbnail","6":"product_brand-grandstream","7":"product_cat-dispositivos","8":"product_cat-telefonia","9":"product_cat-telefonia-voip","10":"product_tag-adaptador-telefonico-analogico-grandstream-ata-ip","11":"product_tag-grandstream","12":"product_tag-telefonia","13":"product_tag-telefonia-voip","14":"pa_canon-digital-incluida-0-e-incluidos","16":"first","17":"instock","18":"sale","19":"taxable","20":"shipping-taxable","21":"purchasable","22":"product-type-simple"},"_links":{"self":[{"href":"https:\/\/linkxa.es\/linkshop\/wp-json\/wp\/v2\/product\/237380","targetHints":{"allow":["GET"]}}],"collection":[{"href":"https:\/\/linkxa.es\/linkshop\/wp-json\/wp\/v2\/product"}],"about":[{"href":"https:\/\/linkxa.es\/linkshop\/wp-json\/wp\/v2\/types\/product"}],"replies":[{"embeddable":true,"href":"https:\/\/linkxa.es\/linkshop\/wp-json\/wp\/v2\/comments?post=237380"}],"wp:featuredmedia":[{"embeddable":true,"href":"https:\/\/linkxa.es\/linkshop\/wp-json\/wp\/v2\/media\/230955"}],"wp:attachment":[{"href":"https:\/\/linkxa.es\/linkshop\/wp-json\/wp\/v2\/media?parent=237380"}],"wp:term":[{"taxonomy":"product_brand","embeddable":true,"href":"https:\/\/linkxa.es\/linkshop\/wp-json\/wp\/v2\/product_brand?post=237380"},{"taxonomy":"product_cat","embeddable":true,"href":"https:\/\/linkxa.es\/linkshop\/wp-json\/wp\/v2\/product_cat?post=237380"},{"taxonomy":"product_tag","embeddable":true,"href":"https:\/\/linkxa.es\/linkshop\/wp-json\/wp\/v2\/product_tag?post=237380"}],"curies":[{"name":"wp","href":"https:\/\/api.w.org\/{rel}","templated":true}]}}