{"id":237428,"date":"2024-12-06T09:08:23","date_gmt":"2024-12-06T09:08:23","guid":{"rendered":"https:\/\/linkxa.es\/contratacion\/producto\/smartwatch-hama-fit-watch-4900-azul\/"},"modified":"2025-10-03T23:34:44","modified_gmt":"2025-10-03T23:34:44","slug":"smartwatch-hama-fit-watch-4900-azul","status":"publish","type":"product","link":"https:\/\/linkxa.es\/linkshop\/producto\/smartwatch-hama-fit-watch-4900-azul\/","title":{"rendered":"Smartwatch hama fit watch 4900 azul"},"content":{"rendered":"<div style=\"text-align: center; margin-bottom: 20px;\">\n<h2 style=\"font-size: 22px; font-weight: 600; margin: 0; color: #333;\">Hama \u00a0|\u00a0 Smartwatches<\/h2>\n<\/div>\n<p style=\"max-width: 700px; margin: 0px auto 30px; font-size: 18px; line-height: 1.6; color: #555555; font-style: italic; text-align: left;\">Aspectos T\u00e9cnicos<br \/>Dise\u00f1o (Color,patron,Motivos, Series) Colour bracelet\/housing Azul Oscuro\/Gris<br \/>Propiedades Electroespecificas Resoluci\u00f3n 240 x 240 pixel<br \/>Versi\u00f3n de Bluetooth 5.0<br \/>Propiedades fisicas Caracter\u00edstica especial Resistente al agua<br \/>Funci\u00f3n de Medici\u00f3n Distancia, Frecuencia Card\u00edaca, Frecuencia Card\u00edaca Media, Quema de calorias, Sue\u00f1o, Tiempo, Tiempo de Entrenamiento, Velocidad<br \/>Funciones Adicionales B\u00fasqueda de tel\u00e9fono, Control de M\u00fasica, Cron\u00f3metro, Modo Sport, Modo de relajaci\u00f3n, Modo no molestar, Notificaciones, Recordatorio de movimiento, Reloj, Temporizador, Uhr<br \/>Material Acero Inoxidable\/Acrilonitrilo-butadieno-estireno (ABS)<br \/>Pixel density 261 ppi<br \/>Protecci\u00f3n IP68 (protecci\u00f3n contra la entrada de polvo y la inmersi\u00f3n permanente)<br \/>Tipo Smartwatch<br \/>Tipo de pantalla LCD<br \/>Medida&#038;amp,Peso Altura 1 cm<br \/>Ancho 3.7 cm<br \/>Peso 35 g<br \/>Tama\u00f1o de Pantalla 3.3 cm (1.3&#8243;)<br \/>Energia Duraci\u00f3n M\u00e1xima de la Bater\u00eda 144 h<\/p>\n<p>M\u00e1s detalles del producto<\/p>\n<p>Reloj inteligente y rastreador de actividad f\u00edsica con funci\u00f3n de alerta para monitorear y optimizar las funciones f\u00edsicas para un estilo de vida saludable.<br \/>Se pueden almacenar 8 tipos de deportes en el reloj.<br \/>Establece objetivos deportivos con el cron\u00f3metro. Por ejemplo, 15 minutos de subir escaleras o cronometra la duraci\u00f3n de tu sprint. Adem\u00e1s, tambi\u00e9n cuenta con el contador de pasos.<br \/>Perfectamente combinado con Google Fit, Apple Health y Strava.<br \/>El brillo de la pantalla es ajustable para que se pueda adaptar a cualquier condici\u00f3n de iluminaci\u00f3n.<br \/>La pantalla adecuada para todos! Elige entre varios dise\u00f1os de pantalla.<br \/>La pantalla se activa con un movimiento del brazo hacia arriba.<br \/>Te despierta suavemente con vibraciones<br \/>Modo \u00abNo molestar\u00bb para que nada te distraiga, ya sea durante el deporte o en la oficina.<br \/>Localiza tu tel\u00e9fono con la funci\u00f3n de b\u00fasqueda de tel\u00e9fono<br \/>El reloj inteligente incluso te ayuda a relajarte. Cuando los niveles de estr\u00e9s sean altos, podr\u00e1s realizar algunos ejercicios de respiraci\u00f3n y recuperar la sensaci\u00f3n de calma<br \/>Con seguimiento del ciclo menstrual. El reloj puede calcular tu pr\u00f3ximo per\u00edodo, fase f\u00e9rtil, etc. y enviarte un recordatorio.<br \/>Se carga de manera magn\u00e9tica. El cable de carga se conecta al reloj inteligente a trav\u00e9s de un im\u00e1n.<br \/>Correa de fitness especial, ligera y agradable de llevar<\/p>\n","protected":false},"excerpt":{"rendered":"<p>Smartwatch hama fit watch 4900 azul &#8211; negra<\/p>\n","protected":false},"featured_media":230866,"comment_status":"open","ping_status":"open","template":"","meta":{"_et_pb_use_builder":"","_et_pb_old_content":"","_et_gb_content_width":""},"product_brand":[2407],"product_cat":[2058,3363,2316,2062],"product_tag":[2408,2318,2066],"class_list":{"0":"post-237428","1":"product","2":"type-product","3":"status-publish","4":"has-post-thumbnail","6":"product_brand-hama","7":"product_cat-dispositivos","8":"product_cat-hama","9":"product_cat-smartwatches","10":"product_cat-telefonia","11":"product_tag-hama","12":"product_tag-smartwatches","13":"product_tag-telefonia","14":"pa_canon-digital-0-e-incluida","15":"pa_categoria-telefonia","16":"pa_marca-hama","17":"pa_peso-3362","18":"pa_ref-dsp0000024331","20":"first","21":"instock","22":"sale","23":"taxable","24":"shipping-taxable","25":"purchasable","26":"product-type-simple"},"_links":{"self":[{"href":"https:\/\/linkxa.es\/linkshop\/wp-json\/wp\/v2\/product\/237428","targetHints":{"allow":["GET"]}}],"collection":[{"href":"https:\/\/linkxa.es\/linkshop\/wp-json\/wp\/v2\/product"}],"about":[{"href":"https:\/\/linkxa.es\/linkshop\/wp-json\/wp\/v2\/types\/product"}],"replies":[{"embeddable":true,"href":"https:\/\/linkxa.es\/linkshop\/wp-json\/wp\/v2\/comments?post=237428"}],"wp:featuredmedia":[{"embeddable":true,"href":"https:\/\/linkxa.es\/linkshop\/wp-json\/wp\/v2\/media\/230866"}],"wp:attachment":[{"href":"https:\/\/linkxa.es\/linkshop\/wp-json\/wp\/v2\/media?parent=237428"}],"wp:term":[{"taxonomy":"product_brand","embeddable":true,"href":"https:\/\/linkxa.es\/linkshop\/wp-json\/wp\/v2\/product_brand?post=237428"},{"taxonomy":"product_cat","embeddable":true,"href":"https:\/\/linkxa.es\/linkshop\/wp-json\/wp\/v2\/product_cat?post=237428"},{"taxonomy":"product_tag","embeddable":true,"href":"https:\/\/linkxa.es\/linkshop\/wp-json\/wp\/v2\/product_tag?post=237428"}],"curies":[{"name":"wp","href":"https:\/\/api.w.org\/{rel}","templated":true}]}}