{"id":237430,"date":"2025-02-07T06:01:31","date_gmt":"2025-02-07T06:01:31","guid":{"rendered":"https:\/\/linkxa.es\/contratacion\/producto\/smartwatch-hama-fit-watch-5010-rosa\/"},"modified":"2025-10-03T23:36:18","modified_gmt":"2025-10-03T23:36:18","slug":"smartwatch-hama-fit-watch-5010-rosa","status":"publish","type":"product","link":"https:\/\/linkxa.es\/linkshop\/producto\/smartwatch-hama-fit-watch-5010-rosa\/","title":{"rendered":"Smartwatch hama fit watch 5010 rosa"},"content":{"rendered":"<div style=\"text-align: center; margin-bottom: 20px;\">\n<h2 style=\"font-size: 22px; font-weight: 600; margin: 0; color: #333;\">Hama \u00a0|\u00a0 Smartwatches<\/h2>\n<\/div>\n<p style=\"max-width: 700px; margin: 0px auto 30px; font-size: 18px; line-height: 1.6; color: #555555; font-style: italic; text-align: left;\">Reloj Pulsera Fit Watch 5010 Rosa<\/p>\n<p>CARACTERISTICAS<\/p>\n<p>&#8211; Color de pulsera: Rosa\/Oro Rosa<br \/>&#8211; Conexi\u00f3n: Bluetooth<br \/>&#8211; Versi\u00f3n de Bluetooth: 5.3<br \/>&#8211; Resoluci\u00f3n: 450 Nits<br \/>&#8211; Duraci\u00f3n media de la bater\u00eda aprox. 5 a 7 d\u00edas<br \/>&#8211; Capacidad de la bater\u00eda: 300 mAh<br \/>&#8211; Tipo de bater\u00eda: Bater\u00eda de pol\u00edmero de litio<br \/>&#8211; M\u00e9todo de carga: Conexi\u00f3n<br \/>&#8211; Tama\u00f1o de la pantalla: 3,51 cm (1,38\u00bb)<br \/>&#8211; Peso: 60 g<br \/>&#8211; Ancho x Alto x Largo: 4.6 x 1.4 x 5.2 cm<br \/>&#8211; Longitud m\u00edn de la correa: 15.9 cm<br \/>&#8211; Longitud max de la correa: 23 cm<br \/>&#8211; Ancho de la correa: 2,2 cm<br \/>&#8211; Funciones adicionales: Detecci\u00f3n de actividad, BT-Call,<br \/>ejercicio de respiraci\u00f3n, calendario, control de c\u00e1mara, reloj,<br \/>fecha, calculadora de escritorio, diales, modo no molestar,<br \/>recordatorio de bebida, sensor t\u00e1ctil, linterna,juegos,alarma de<br \/>frecuencia card\u00edaca, ciclo menstrual, recordatorio de<br \/>movimiento, control de m\u00fasica, notificaciones, b\u00fasqueda de<br \/>tel\u00e9fono, modo de ahorro de energ\u00eda, brillo de pantalla<br \/>ajustable, modo deportivo, cron\u00f3metro, temporizador y<br \/>visualizaci\u00f3n del clima<br \/>&#8211; Clase de protecci\u00f3n: IP68 (protecci\u00f3n contra la entrada de<br \/>polvo y la inmersi\u00f3n permanente)<br \/>&#8211; Material Aleaci\u00f3n de zinc<br \/>&#8211; Material de la pulsera: Silicona<br \/>&#8211; Funci\u00f3n de medici\u00f3n: Efecto de entrenamiento aer\u00f3bico,<br \/>frecuencia card\u00edaca media, ox\u00edgeno en sangre, quema de<br \/>calor\u00edas, distancia, frecuencia card\u00edaca, frecuencia card\u00edaca en<br \/>reposo, categor\u00eda de frecuencia card\u00edaca, consumo m\u00e1ximo de<br \/>ox\u00edgeno (VO2max), pod\u00f3metro, tiempo de &#8211; recuperaci\u00f3n<br \/>recomendado, SWOLF, puntuaci\u00f3n del sue\u00f1o y fases del<br \/>sue\u00f1o, velocidad, estr\u00e9s, ritmo y tiempo de entrenamiento<br \/>&#8211; Tipo de pantalla: LCD<br \/>&#8211; Caracteristica Especial: Waterproof<br \/>&#8211; Tipo: Smartwatch<br \/>&#8211; Tipo de cierre: Hebilla<br \/>&#8211; Asistente de voz: Apple Siri\/Google Assistant<br \/>&#8211; Garant\u00eda Seg\u00fan RD Legislativo 1\/2007<\/p>\n","protected":false},"excerpt":{"rendered":"<p>Smartwatch hama fit watch 5010 rosa<\/p>\n","protected":false},"featured_media":230887,"comment_status":"open","ping_status":"open","template":"","meta":{"_et_pb_use_builder":"","_et_pb_old_content":"","_et_gb_content_width":""},"product_brand":[2407],"product_cat":[2058,3363,2316,2062],"product_tag":[2408,2318,2066],"class_list":{"0":"post-237430","1":"product","2":"type-product","3":"status-publish","4":"has-post-thumbnail","6":"product_brand-hama","7":"product_cat-dispositivos","8":"product_cat-hama","9":"product_cat-smartwatches","10":"product_cat-telefonia","11":"product_tag-hama","12":"product_tag-smartwatches","13":"product_tag-telefonia","14":"pa_canon-digital-0-e-incluida","15":"pa_categoria-telefonia","16":"pa_marca-hama","17":"pa_peso-3365","18":"pa_ref-mgs0000025989","20":"first","21":"instock","22":"sale","23":"taxable","24":"shipping-taxable","25":"purchasable","26":"product-type-simple"},"_links":{"self":[{"href":"https:\/\/linkxa.es\/linkshop\/wp-json\/wp\/v2\/product\/237430","targetHints":{"allow":["GET"]}}],"collection":[{"href":"https:\/\/linkxa.es\/linkshop\/wp-json\/wp\/v2\/product"}],"about":[{"href":"https:\/\/linkxa.es\/linkshop\/wp-json\/wp\/v2\/types\/product"}],"replies":[{"embeddable":true,"href":"https:\/\/linkxa.es\/linkshop\/wp-json\/wp\/v2\/comments?post=237430"}],"wp:featuredmedia":[{"embeddable":true,"href":"https:\/\/linkxa.es\/linkshop\/wp-json\/wp\/v2\/media\/230887"}],"wp:attachment":[{"href":"https:\/\/linkxa.es\/linkshop\/wp-json\/wp\/v2\/media?parent=237430"}],"wp:term":[{"taxonomy":"product_brand","embeddable":true,"href":"https:\/\/linkxa.es\/linkshop\/wp-json\/wp\/v2\/product_brand?post=237430"},{"taxonomy":"product_cat","embeddable":true,"href":"https:\/\/linkxa.es\/linkshop\/wp-json\/wp\/v2\/product_cat?post=237430"},{"taxonomy":"product_tag","embeddable":true,"href":"https:\/\/linkxa.es\/linkshop\/wp-json\/wp\/v2\/product_tag?post=237430"}],"curies":[{"name":"wp","href":"https:\/\/api.w.org\/{rel}","templated":true}]}}