{"id":237435,"date":"2025-03-12T05:04:56","date_gmt":"2025-03-12T05:04:56","guid":{"rendered":"https:\/\/linkxa.es\/contratacion\/producto\/smartwatch-hama-fit-watch-6010-negro\/"},"modified":"2025-10-03T23:37:40","modified_gmt":"2025-10-03T23:37:40","slug":"smartwatch-hama-fit-watch-6010-negro","status":"publish","type":"product","link":"https:\/\/linkxa.es\/linkshop\/producto\/smartwatch-hama-fit-watch-6010-negro\/","title":{"rendered":"Smartwatch hama fit watch 6010 negro"},"content":{"rendered":"<div style=\"text-align: center; margin-bottom: 20px;\">\n<h2 style=\"font-size: 22px; font-weight: 600; margin: 0; color: #333;\">Hama \u00a0|\u00a0 Smartwatches<\/h2>\n<\/div>\n<p style=\"max-width: 700px; margin: 0px auto 30px; font-size: 18px; line-height: 1.6; color: #555555; font-style: italic; text-align: left;\">ESPECIFICACIONES<br \/>\u00a0<\/p>\n<p>Dise\u00f1o (Color,patron,Motivos, Series)<\/p>\n<p>Color brazalete\/carcasa<br \/>Negro\/Negro<\/p>\n<p>Conectividad (Conexi\u00f3n)<\/p>\n<p>Conexi\u00f3n<br \/>Bluetooth<\/p>\n<p>Propiedades Electroespecificas<\/p>\n<p>Brillo de la pantalla<br \/>450 Nits<\/p>\n<p>Versi\u00f3n de Bluetooth<br \/>5.3<\/p>\n<p>Propiedades fisicas<\/p>\n<p>Asistente de voz<br \/>Apple Siri\/Asistente de Google<\/p>\n<p>Caracter\u00edstica especial<br \/>Resistente al agua<\/p>\n<p>Funci\u00f3n de Medici\u00f3n<br \/>Categor\u00eda de frecuencia card\u00edaca, Distancia, Efecto del entrenamiento aer\u00f3bico, Estr\u00e9s, Frecuencia Card\u00edaca Media, Frecuencia cardiaca, Frecuencia cardiaca en reposo, Max. entrada de ox\u00edgeno (VO2max), Ox\u00edgeno en Sangre, Pod\u00f3metro, Puntuaci\u00f3n y fases del sue\u00f1o, Quema de calorias, Ritmo, SWOLF, Tiempo de Entrenamiento, Tiempo de recuperaci\u00f3n recomendado, Variabilidad de la frecuencia cardiaca (HRV), Velocidad<\/p>\n<p>Funciones Adicionales<br \/>Alarma de frecuencia card\u00edaca, BEIDOU, BT-Llamada, Brillo de pantalla ajustable, B\u00fasqueda de tel\u00e9fono, Calendar, Ciclo menstrual, Control de M\u00fasica, Control de c\u00e1mara, Cron\u00f3metro, Cursos de running, Desk Calculator, Detecci\u00f3n de actividad, Diales, Ejercicio de respiraci\u00f3n, Fecha, GALILEO, GLONASS, GPS, Games, Linterna, Modo de ahorro de Energ\u00eda, Modo no molestar, Notificaciones, Protocolo de entrenamiento, Recordatorio de bebida, Recordatorio de movimiento, Reloj, Sensor t\u00e1ctil, Sportmodi, Temporizador, Uhr, Visualizaci\u00f3n meteorol\u00f3gica<\/p>\n<p>Impermeabilidad \/ resistencia al agua seg\u00fan ISO 22810: 2010<br \/>3 ATM<\/p>\n<p>Material del cuerpo<br \/>Pl\u00e1stico<\/p>\n<p>Material pulsera<br \/>Silicona<\/p>\n<p>Protecci\u00f3n<br \/>IP68 (protecci\u00f3n contra la entrada de polvo y la inmersi\u00f3n permanente)<\/p>\n<p>Tipo<br \/>Smartwatch<\/p>\n<p>Tipo de Cierre<br \/>Hebilla<\/p>\n<p>Tipo de pantalla<br \/>LCD<\/p>\n<p>Medida&#038;amp,Peso<\/p>\n<p>Ancho x Produndo x Alto<br \/>3,6 x 1,3 x 4,9 cm<\/p>\n<p>Ancho de la Correa<br \/>2,2 cm<\/p>\n<p>Longitud m\u00e0x de la correa<br \/>19 cm<\/p>\n<p>Longitud m\u00edn de la correa<br \/>13,8 cm<\/p>\n<p>Peso<br \/>40 g<\/p>\n<p>Tama\u00f1o de Pantalla<br \/>4.19 cm (1.65&#8243;)<\/p>\n<p>Energia<\/p>\n<p>Capacidad de la Bater\u00eda<br \/>350 mAh<\/p>\n<p>Duraci\u00f3n media de la bater\u00eda<br \/>ca. 5 &#8211; 7 d\u00edas<\/p>\n<p>M\u00e9todo de carga<br \/>Conexi\u00f3n<\/p>\n<p>Tipo de Bater\u00eda<br \/>Bater\u00eda de pol\u00edmero de litio<\/p>\n<p>Campo de Aplicaci\u00f3n<\/p>\n<p>Gender<br \/>Unisex<\/p>\n<p>Uso<br \/>Registro de actividad<\/p>\n","protected":false},"excerpt":{"rendered":"<p>Smartwatch hama fit watch 6010 negro<\/p>\n","protected":false},"featured_media":230853,"comment_status":"open","ping_status":"open","template":"","meta":{"_et_pb_use_builder":"","_et_pb_old_content":"","_et_gb_content_width":""},"product_brand":[2407],"product_cat":[2058,3363,2316,2062],"product_tag":[2408,2318,2066],"class_list":{"0":"post-237435","1":"product","2":"type-product","3":"status-publish","4":"has-post-thumbnail","6":"product_brand-hama","7":"product_cat-dispositivos","8":"product_cat-hama","9":"product_cat-smartwatches","10":"product_cat-telefonia","11":"product_tag-hama","12":"product_tag-smartwatches","13":"product_tag-telefonia","14":"pa_canon-digital-0-e-incluida","15":"pa_categoria-telefonia","16":"pa_marca-hama","17":"pa_peso-3367","18":"pa_ref-mgs0000026827","20":"first","21":"instock","22":"sale","23":"taxable","24":"shipping-taxable","25":"purchasable","26":"product-type-simple"},"_links":{"self":[{"href":"https:\/\/linkxa.es\/linkshop\/wp-json\/wp\/v2\/product\/237435","targetHints":{"allow":["GET"]}}],"collection":[{"href":"https:\/\/linkxa.es\/linkshop\/wp-json\/wp\/v2\/product"}],"about":[{"href":"https:\/\/linkxa.es\/linkshop\/wp-json\/wp\/v2\/types\/product"}],"replies":[{"embeddable":true,"href":"https:\/\/linkxa.es\/linkshop\/wp-json\/wp\/v2\/comments?post=237435"}],"wp:featuredmedia":[{"embeddable":true,"href":"https:\/\/linkxa.es\/linkshop\/wp-json\/wp\/v2\/media\/230853"}],"wp:attachment":[{"href":"https:\/\/linkxa.es\/linkshop\/wp-json\/wp\/v2\/media?parent=237435"}],"wp:term":[{"taxonomy":"product_brand","embeddable":true,"href":"https:\/\/linkxa.es\/linkshop\/wp-json\/wp\/v2\/product_brand?post=237435"},{"taxonomy":"product_cat","embeddable":true,"href":"https:\/\/linkxa.es\/linkshop\/wp-json\/wp\/v2\/product_cat?post=237435"},{"taxonomy":"product_tag","embeddable":true,"href":"https:\/\/linkxa.es\/linkshop\/wp-json\/wp\/v2\/product_tag?post=237435"}],"curies":[{"name":"wp","href":"https:\/\/api.w.org\/{rel}","templated":true}]}}