{"id":237447,"date":"2025-04-19T20:49:47","date_gmt":"2025-04-19T20:49:47","guid":{"rendered":"https:\/\/linkxa.es\/contratacion\/producto\/smartwatch-hammer-watch-2-lite-black-2\/"},"modified":"2025-10-03T23:39:56","modified_gmt":"2025-10-03T23:39:56","slug":"smartwatch-hammer-watch-2-lite-black-2","status":"publish","type":"product","link":"https:\/\/linkxa.es\/linkshop\/producto\/smartwatch-hammer-watch-2-lite-black-2\/","title":{"rendered":"Smartwatch hammer watch 2 lite black"},"content":{"rendered":"<div style=\"text-align: center; margin-bottom: 20px;\">\n<h2 style=\"font-size: 22px; font-weight: 600; margin: 0; color: #333;\">Hammer \u00a0|\u00a0 Smartwatches<\/h2>\n<\/div>\n<p style=\"max-width: 700px; margin: 0px auto 30px; font-size: 18px; line-height: 1.6; color: #555555; font-style: italic; text-align: left;\">El Hammer Smartwatch 2 Lite es un reloj inteligente robusto, dise\u00f1ado para usuarios activos. Combina una pantalla AMOLED n\u00edtida, resistencia al agua 3 ATM, y una bater\u00eda de larga duraci\u00f3n, todo en un<br \/>dise\u00f1o ligero y elegante con dos correas intercambiables.<br \/>Descripci\u00f3n<\/p>\n<p>El Hammer Smartwatch 2 Lite es un reloj inteligente con car\u00e1cter, dise\u00f1ado para enfrentar cualquier circunstancia con estilo y resistencia. Equipado con una pantalla AMOLED de 1.43 pulgadas, con una<br \/>resoluci\u00f3n de 466&#215;466 p\u00edxeles y tecnolog\u00eda Always on Display, ofrece una experiencia visual clara y vibrante. Su estructura est\u00e1 reforzada con un bisel de aluminio mezclado con fibra de vidrio y Panda<br \/>Glass, lo que garantiza una alta durabilidad frente a impactos.<\/p>\n<p>Este smartwatch es resistente al agua con certificaci\u00f3n 3 ATM, por lo que es ideal para soportar salpicaduras y condiciones clim\u00e1ticas adversas. Adem\u00e1s, incluye una pr\u00e1ctica corona giratoria para facilitar<br \/>la navegaci\u00f3n por sus m\u00faltiples funciones, que incluyen m\u00e1s de 60 modos deportivos, medici\u00f3n de frecuencia card\u00edaca, saturaci\u00f3n de ox\u00edgeno y un m\u00f3dulo de seguridad con funci\u00f3n SOS y sirena.<\/p>\n<p>Con Bluetooth 5.3, permite realizar y recibir llamadas, leer mensajes y recibir notificaciones directamente desde el reloj. Su bater\u00eda de 370 mAh proporciona hasta 15 d\u00edas de uso, convirti\u00e9ndolo en una<br \/>opci\u00f3n perfecta para usuarios que buscan durabilidad y rendimiento en un dispositivo compacto de tan solo 27 gramos. Adem\u00e1s, es compatible con Android e iOS a trav\u00e9s de la aplicaci\u00f3n HAMMER, que<br \/>facilita la gesti\u00f3n de actividades y datos de salud.<br \/>Principales caracter\u00edsticas:<\/p>\n<p>Pantalla AMOLED de 1.43&#8243; con resoluci\u00f3n de 466&#215;466 p\u00edxeles y funci\u00f3n Always on Display.<br \/>Resistencia al agua 3 ATM, ideal para soportar salpicaduras y lluvia.<br \/>Carcasa reforzada con bisel de aluminio, fibra de vidrio y Panda Glass.<br \/>Bater\u00eda de larga duraci\u00f3n de 370 mAh, con hasta 15 d\u00edas de uso.<br \/>Dimensiones y peso 46,5 x 11,3 mm 39g.<br \/>M\u00e1s de 60 modos deportivos y funciones de salud (frecuencia card\u00edaca, ox\u00edgeno en sangre, nivel de estr\u00e9s).<br \/>M\u00f3dulo de seguridad con SOS y sirena para situaciones de emergencia.<br \/>Conectividad Bluetooth 5.3 para realizar llamadas y recibir notificaciones.<br \/>M\u00e1s de 60 modos deportivos disponibles en el HAMMER Watch 2 Lite deber\u00edan satisfacer sus necesidades. \u00a1Elige tu disciplina favorita y empieza a entrenar con cada vez mejores resultados!<br \/>Corona giratoria la pr\u00e1ctica corona giratoria facilitar\u00e1 la navegaci\u00f3n a trav\u00e9s de las funciones del reloj.<br \/>Correas intercambiables en colores negro y naranja.<\/p>\n","protected":false},"excerpt":{"rendered":"<p>Smartwatch hammer watch 2 lite black<\/p>\n","protected":false},"featured_media":230632,"comment_status":"open","ping_status":"open","template":"","meta":{"_et_pb_use_builder":"","_et_pb_old_content":"","_et_gb_content_width":""},"product_brand":[2096],"product_cat":[2058,3373,2316,2062],"product_tag":[2097,2318,2066],"class_list":{"0":"post-237447","1":"product","2":"type-product","3":"status-publish","4":"has-post-thumbnail","6":"product_brand-hammer","7":"product_cat-dispositivos","8":"product_cat-hammer","9":"product_cat-smartwatches","10":"product_cat-telefonia","11":"product_tag-hammer","12":"product_tag-smartwatches","13":"product_tag-telefonia","14":"pa_canon-digital-0-e-incluida","15":"pa_categoria-telefonia","16":"pa_marca-hammer","17":"pa_peso-3372","18":"pa_ref-dsp0000027299","20":"first","21":"instock","22":"sale","23":"taxable","24":"shipping-taxable","25":"purchasable","26":"product-type-simple"},"_links":{"self":[{"href":"https:\/\/linkxa.es\/linkshop\/wp-json\/wp\/v2\/product\/237447","targetHints":{"allow":["GET"]}}],"collection":[{"href":"https:\/\/linkxa.es\/linkshop\/wp-json\/wp\/v2\/product"}],"about":[{"href":"https:\/\/linkxa.es\/linkshop\/wp-json\/wp\/v2\/types\/product"}],"replies":[{"embeddable":true,"href":"https:\/\/linkxa.es\/linkshop\/wp-json\/wp\/v2\/comments?post=237447"}],"wp:featuredmedia":[{"embeddable":true,"href":"https:\/\/linkxa.es\/linkshop\/wp-json\/wp\/v2\/media\/230632"}],"wp:attachment":[{"href":"https:\/\/linkxa.es\/linkshop\/wp-json\/wp\/v2\/media?parent=237447"}],"wp:term":[{"taxonomy":"product_brand","embeddable":true,"href":"https:\/\/linkxa.es\/linkshop\/wp-json\/wp\/v2\/product_brand?post=237447"},{"taxonomy":"product_cat","embeddable":true,"href":"https:\/\/linkxa.es\/linkshop\/wp-json\/wp\/v2\/product_cat?post=237447"},{"taxonomy":"product_tag","embeddable":true,"href":"https:\/\/linkxa.es\/linkshop\/wp-json\/wp\/v2\/product_tag?post=237447"}],"curies":[{"name":"wp","href":"https:\/\/api.w.org\/{rel}","templated":true}]}}