{"id":237448,"date":"2025-06-23T03:10:32","date_gmt":"2025-06-23T03:10:32","guid":{"rendered":"https:\/\/linkxa.es\/contratacion\/producto\/smartwatch-hammer-watch-2-black-2\/"},"modified":"2025-10-03T23:41:02","modified_gmt":"2025-10-03T23:41:02","slug":"smartwatch-hammer-watch-2-black-2","status":"publish","type":"product","link":"https:\/\/linkxa.es\/linkshop\/producto\/smartwatch-hammer-watch-2-black-2\/","title":{"rendered":"Smartwatch hammer watch 2 black"},"content":{"rendered":"<div style=\"text-align: center; margin-bottom: 20px;\">\n<h2 style=\"font-size: 22px; font-weight: 600; margin: 0; color: #333;\">Hammer \u00a0|\u00a0 Smartwatches<\/h2>\n<\/div>\n<p style=\"max-width: 700px; margin: 0px auto 30px; font-size: 18px; line-height: 1.6; color: #555555; font-style: italic; text-align: left;\">NOMBRE DEL PRODUCTO\u00a0<\/p>\n<p>&#8211; HAMMER Watch 2 \u0096 Smartwatch resistente y preciso\u00a0<\/p>\n<p>PANTALLA\u00a0<\/p>\n<p>&#8211; Tipo: AMOLED\u00a0<br \/>&#8211; Tama\u00f1o: 1.5&#8243;\u00a0<br \/>&#8211; Resoluci\u00f3n: 466\u00d7466 p\u00edxeles\u00a0<br \/>&#8211; Brillo: 600 nits\u00a0<br \/>&#8211; Tecnolog\u00eda LTPO para ahorro de energ\u00eda\u00a0<br \/>&#8211; Funci\u00f3n Always On Display\u00a0<\/p>\n<p>GPS Y NAVEGACI\u00d3N\u00a0<\/p>\n<p>&#8211; GPS de doble banda (L1 y L5)\u00a0<br \/>&#8211; Compatibilidad con 6 sistemas satelitales\u00a0<br \/>&#8211; Seguimiento de rutas en tiempo real\u00a0<\/p>\n<p>BATER\u00cdA Y AUTONOM\u00cdA\u00a0<\/p>\n<p>&#8211; Capacidad: 530 mAh\u00a0<br \/>&#8211; Duraci\u00f3n: Hasta 2 semanas\u00a0<br \/>&#8211; Carga r\u00e1pida mediante cable magn\u00e9tico\u00a0<\/p>\n<p>RESISTENCIA Y DURABILIDAD\u00a0<\/p>\n<p>&#8211; Resistencia al agua: 5 ATM (apto para nataci\u00f3n)\u00a0<br \/>&#8211; Bisel de titanio y cuerpo de fibra de vidrio\u00a0<br \/>&#8211; Cristal Gorilla Glass 3 resistente a golpes y rayaduras\u00a0<br \/>&#8211; Dise\u00f1o robusto y ligero (peso de 31.5 g)\u00a0<br \/>&#8211; Modo bloqueo de agua para evitar toques accidentales\u00a0<\/p>\n<p>SENSORES Y MEDICIONES\u00a0<\/p>\n<p>&#8211; Frecuencia card\u00edaca en tiempo real\u00a0<br \/>&#8211; Medici\u00f3n de saturaci\u00f3n de ox\u00edgeno (SpO2)\u00a0<br \/>&#8211; An\u00e1lisis avanzado del sue\u00f1o\u00a0<br \/>&#8211; Medici\u00f3n de niveles de estr\u00e9s\u00a0<br \/>&#8211; Alt\u00edmetro y bar\u00f3metro\u00a0<br \/>&#8211; Br\u00fajula electr\u00f3nica\u00a0<br \/>&#8211; Sensor de aceleraci\u00f3n\u00a0<br \/>&#8211; Sensor girosc\u00f3pico\u00a0<\/p>\n<p>MODOS DEPORTIVOS Y FUNCIONES FITNESS\u00a0<\/p>\n<p>&#8211; 60 modos deportivos personalizados\u00a0<br \/>&#8211; Conteo de pasos y calor\u00edas quemadas\u00a0<br \/>&#8211; Seguimiento de distancia recorrida\u00a0<br \/>&#8211; Detecci\u00f3n autom\u00e1tica de inactividad\u00a0<br \/>&#8211; Estad\u00edsticas detalladas de entrenamiento\u00a0<br \/>&#8211; Integraci\u00f3n con plataformas deportivas\u00a0<br \/>&#8211; Recordatorio de hidrataci\u00f3n\u00a0<\/p>\n<p>FUNCIONES INTELIGENTES\u00a0<\/p>\n<p>&#8211; Conectividad Bluetooth 5.3\u00a0<br \/>&#8211; Gesti\u00f3n de llamadas entrantes\u00a0<br \/>&#8211; Control de m\u00fasica y c\u00e1mara desde el reloj\u00a0<br \/>&#8211; Notificaciones de actividad y motivaci\u00f3n\u00a0<br \/>&#8211; Modo de emergencia con alerta sonora, llamada y SMS\u00a0<br \/>&#8211; Linterna LED integrada con brillo ajustable\u00a0<br \/>&#8211; Luz de se\u00f1al roja para emergencias\u00a0<br \/>&#8211; Corona giratoria y botones f\u00edsicos para navegaci\u00f3n r\u00e1pida\u00a0<br \/>&#8211; Previsi\u00f3n meteorol\u00f3gica integrada\u00a0<br \/>&#8211; Control de altitud y orientaci\u00f3n\u00a0<br \/>&#8211; B\u00fasqueda de tel\u00e9fono desde el reloj\u00a0<br \/>&#8211; Configuraci\u00f3n personalizada de car\u00e1tulas de reloj\u00a0<br \/>&#8211; Alarma vibratoria y personalizable\u00a0<\/p>\n<p>COMPATIBILIDAD Y SOFTWARE\u00a0<\/p>\n<p>&#8211; Compatible con Android e iOS\u00a0<br \/>&#8211; Aplicaci\u00f3n HAMMER para gesti\u00f3n completa del reloj\u00a0<br \/>&#8211; Actualizaciones de software v\u00eda OTA\u00a0<br \/>&#8211; Interfaz multiling\u00fce (espa\u00f1ol, ingl\u00e9s, franc\u00e9s, alem\u00e1n, etc.)\u00a0<\/p>\n<p>ACCESORIOS INCLUIDOS\u00a0<\/p>\n<p>&#8211; Dos correas intercambiables\u00a0<\/p>\n<p>EMBALAJE ECOL\u00d3GICO\u00a0<\/p>\n<p>&#8211; Caja minimalista de papel biodegradable\u00a0<br \/>&#8211; Reducci\u00f3n de materiales y huella de carbono\u00a0<br \/>&#8211; Eliminaci\u00f3n de pl\u00e1sticos y aluminio para facilitar el reciclaje<\/p>\n","protected":false},"excerpt":{"rendered":"<p>Smartwatch hammer watch 2 black<\/p>\n","protected":false},"featured_media":230658,"comment_status":"open","ping_status":"open","template":"","meta":{"_et_pb_use_builder":"","_et_pb_old_content":"","_et_gb_content_width":""},"product_brand":[2096],"product_cat":[2058,3373,2316,2062],"product_tag":[2097,2318,2066],"class_list":{"0":"post-237448","1":"product","2":"type-product","3":"status-publish","4":"has-post-thumbnail","6":"product_brand-hammer","7":"product_cat-dispositivos","8":"product_cat-hammer","9":"product_cat-smartwatches","10":"product_cat-telefonia","11":"product_tag-hammer","12":"product_tag-smartwatches","13":"product_tag-telefonia","14":"pa_canon-digital-0-e-incluida","15":"pa_categoria-telefonia","16":"pa_marca-hammer","17":"pa_peso-3375","18":"pa_ref-dsp0000029126","20":"first","21":"instock","22":"sale","23":"taxable","24":"shipping-taxable","25":"purchasable","26":"product-type-simple"},"_links":{"self":[{"href":"https:\/\/linkxa.es\/linkshop\/wp-json\/wp\/v2\/product\/237448","targetHints":{"allow":["GET"]}}],"collection":[{"href":"https:\/\/linkxa.es\/linkshop\/wp-json\/wp\/v2\/product"}],"about":[{"href":"https:\/\/linkxa.es\/linkshop\/wp-json\/wp\/v2\/types\/product"}],"replies":[{"embeddable":true,"href":"https:\/\/linkxa.es\/linkshop\/wp-json\/wp\/v2\/comments?post=237448"}],"wp:featuredmedia":[{"embeddable":true,"href":"https:\/\/linkxa.es\/linkshop\/wp-json\/wp\/v2\/media\/230658"}],"wp:attachment":[{"href":"https:\/\/linkxa.es\/linkshop\/wp-json\/wp\/v2\/media?parent=237448"}],"wp:term":[{"taxonomy":"product_brand","embeddable":true,"href":"https:\/\/linkxa.es\/linkshop\/wp-json\/wp\/v2\/product_brand?post=237448"},{"taxonomy":"product_cat","embeddable":true,"href":"https:\/\/linkxa.es\/linkshop\/wp-json\/wp\/v2\/product_cat?post=237448"},{"taxonomy":"product_tag","embeddable":true,"href":"https:\/\/linkxa.es\/linkshop\/wp-json\/wp\/v2\/product_tag?post=237448"}],"curies":[{"name":"wp","href":"https:\/\/api.w.org\/{rel}","templated":true}]}}