{"id":237454,"date":"2025-04-22T13:03:00","date_gmt":"2025-04-22T13:03:00","guid":{"rendered":"https:\/\/linkxa.es\/contratacion\/producto\/smartwatch-leotec-leswkids06k-kids-allo-plus-2\/"},"modified":"2025-10-03T23:43:39","modified_gmt":"2025-10-03T23:43:39","slug":"smartwatch-leotec-leswkids06k-kids-allo-plus-2","status":"publish","type":"product","link":"https:\/\/linkxa.es\/linkshop\/producto\/smartwatch-leotec-leswkids06k-kids-allo-plus-2\/","title":{"rendered":"Smartwatch leotec leswkids06k kids allo plus"},"content":{"rendered":"<div style=\"text-align: center; margin-bottom: 20px;\">\n<h2 style=\"font-size: 22px; font-weight: 600; margin: 0; color: #333;\">Leotec digital lifestyle \u00a0|\u00a0 Smartwatches<\/h2>\n<\/div>\n<p style=\"max-width: 700px; margin: 0px auto 30px; font-size: 18px; line-height: 1.6; color: #555555; font-style: italic; text-align: left;\">Sobre el producto<\/p>\n<p>Dispositivo inteligente con GPS real y llamadas para ni\u00f1os Leotec Kids Allo Plus 4G. El nuevo dispositivo inteligente dise\u00f1ado utilizando la tecnolog\u00eda m\u00e1s avanzada del mundo para que siempre puedas<br \/>estar comunicado all\u00e1 donde vayas y tus padres sepan en cada momento d\u00f3nde te encuentras y as\u00ed no tener que estar envi\u00e1ndoles mensajes de WhatsApp cada dos por tres o tener que cargar el<br \/>tel\u00e9fono en la mochila para llamarlos.<\/p>\n<p>El nuevo Kids Allo GPS Plus 4G cuenta con una estructura de materiales ligeros y resistentes que te permitir\u00e1 llevarlo todo el d\u00eda sin que te moleste o notes que lo tienes en la mu\u00f1eca. Incorpora una<br \/>correa hipoalerg\u00e9nica ajustable por medio de hebilla met\u00e1lica y reemplazable por cualquier otra de ancho equivalente, resistente y duradera.<\/p>\n<p>La caja del reloj la conforma un extraordinario panel de 1.4 pulgadas de diagonal a todo color, IPS Full-Touch de alta resoluci\u00f3n con una densidad de 240 x 240 p\u00edxeles que te permitir\u00e1 visualizar<br \/>im\u00e1genes mucho m\u00e1s n\u00edtidas, brillantes y desde cualquier \u00e1ngulo ya sea en espacios interiores con luz artificial como a plena luz del d\u00eda en exteriores. Un panel de gran calidad con aristas curvadas y<br \/>acabado 2.5D.<br \/>Caracter\u00edsticas:<\/p>\n<p>Captura tus mejores recuerdos por medio de su c\u00e1mara frontal integrada y comp\u00e1rtelos con quien quieras o bien env\u00edalos al tel\u00e9fono vinculado para almacenarlos en el tiempo. Utiliza su c\u00e1mara frontal<br \/>tambi\u00e9n para realizar y recibir videollamadas de gran calidad.<br \/>Potente procesador capaz de mover de forma fluida todas las aplicaciones que lleva instaladas, proporcionando una experiencia \u00fanica y sencilla para que el ni\u00f1o siempre sepa a qu\u00e9 corresponde cada<br \/>icono.<br \/>Chip GPS real con aGPS que permite de forma r\u00e1pida y eficiente obtener la localizaci\u00f3n casi exacta del ni\u00f1o que lo lleva puesto. As\u00ed mismo y como ayuda, cuenta tambi\u00e9n con WiFi y LBS para<br \/>situaciones en las que pueda encontrarse en espacios interiores donde no alcance la se\u00f1al satelital.<br \/>Los padres disponen de una aplicaci\u00f3n recomendada gratuita que se pueden descargar directamente desde la tienda de aplicaciones de Google o bien desde la de Apple por medio de la cual, una vez<br \/>emparejado el reloj del ni\u00f1o, tienen acceso a:<br \/>Conocer su posici\u00f3n por medio de un mapa visual a color<br \/>Establecer vallas virtuales que delimiten el espacio por el que se mueve habitualmente y les avise en caso de que salga del mismo<br \/>Establecer una comunicaci\u00f3n v\u00eda chat o chat de voz con el ni\u00f1o por medio del reloj<br \/>Realizar y recibir videollamadas<br \/>Configurar alertas y much\u00edsimas otras opciones que les ser\u00e1n de gran utilidad.<br \/>Este reloj cuenta con tecnolog\u00eda 4G-LTE y es compatible con todas las operadoras m\u00f3viles espa\u00f1olas, simplemente tienes que introducir la tarjeta nanoSIM (con el PIN desactivado previamente) para<br \/>poder realizar y recibir llamadas (a n\u00fameros per-establecidos\/autorizados y en la agenda de contactos), SMS, realizar videollamadas con la m\u00e1xima calidad de imagen y sonido (VolTe disponible en<br \/>funci\u00f3n del operador).<br \/>Con un peso de tan s\u00f3lo 55 gramos y unas dimensiones m\u00e1ximas de 23,6 x 4,3 x 1,5 cm, cuenta con una bater\u00eda interna no removible de 700mAh con sistema de recarga magn\u00e9tica, correas<br \/>intercambiables y bot\u00f3n S.O.S. que al pulsar permite establecer una comunicaci\u00f3n directa con un n\u00famero preconfigurado en caso de emergencia.<\/p>\n<p>Especificaciones Leotec Kids Allo Plus:<\/p>\n<p>Exhibici\u00f3n<br \/>Diagonal de la pantalla: 3,56 cm (1.4&#8243;)<br \/>Tecnolog\u00eda de visualizaci\u00f3n: IPS<br \/>Pantalla con funci\u00f3n Always-on: No<br \/>Pantalla a color: Si<br \/>Tipo de visualizador: Digital<br \/>Pantalla t\u00e1ctil: Si<br \/>Pantalla con esquinas redondeadas: Si<br \/>Retroiluminaci\u00f3n: No<\/p>\n<p>Dise\u00f1o<br \/>Material de la banda: Silicona<br \/>Tama\u00f1o de banda: Talla \u00fanica<br \/>Forma: Alrededor<br \/>Material de la correa: Silicona<br \/>Posicionamiento de mercado: Reloj inteligente<br \/>G\u00e9nero: Unisex<br \/>Dise\u00f1ado para ni\u00f1os: Si<br \/>Color del cuerpo del reloj: Negro<br \/>Material del cuerpo del reloj: Policarbonato (PC)<br \/>Color de banda: Negro<br \/>A prueba de agua: No<br \/>Tipo de cierre: Hebilla para correa con una clavija<br \/>Correa extra\u00edble: Si<br \/>Conector de carga magn\u00e9tica: Si<\/p>\n<p>Desempe\u00f1o<br \/>Resoluci\u00f3n de la c\u00e1mara: 0,3 MP<br \/>Tipo de sensor: CMOS<br \/>Radio FM: No<br \/>Sistemas operativos m\u00f3viles soportados: Android, iOS<br \/>Sistema operativo instalado: RTOS<br \/>Micr\u00f3fono incorporado: Si<br \/>Efecto de cancelaci\u00f3n de ruido: No<br \/>Altavoz: Si<br \/>Altavoces incorporados: Si<br \/>C\u00e1mara incorporada: Si<br \/>Detecci\u00f3n de accidentes: No<br \/>Detecci\u00f3n de ca\u00eddas: No<br \/>Idiomas de soporte: Ingl\u00e9s, Espa\u00f1ol, Portugu\u00e9s<br \/>Bloqueo del teclado: No<\/p>\n<p>Caracter\u00edsticas<br \/>Monitor de frecuencia card\u00edaca: No<br \/>Tensi\u00f3metro: No<br \/>Sensor de nivel de ox\u00edgeno en sangre: No<br \/>Distancia recorrida: No<br \/>Pod\u00f3metro: Si<br \/>Calor\u00edas quemadas: No<br \/>Aceler\u00f3metro: No<br \/>Giroscopio: No<br \/>Magnet\u00f3metro: No<br \/>Seguimiento de actividad: No<br \/>Modo multideporte: No<br \/>Metas personales: No<br \/>Calidad del sue\u00f1o: Si<br \/>Servicios de mensajes cortos (SMS): Si<br \/>Motor vibratorio: No<br \/>Funci\u00f3n de alerta SOS: Si<br \/>Mensajer\u00eda instant\u00e1nea (IM): Si<br \/>Luz LED RGB: No<br \/>Sensor de luz ambiental: No<br \/>Identificador de llamadas: Si<br \/>Correo electr\u00f3nico: No<br \/>Modo reloj: 12h\/24h<br \/>Notificaciones inteligentes: Si<br \/>Despertador inteligente: No<br \/>Activaci\u00f3n por voz: No<br \/>Reproducci\u00f3n de audio a distancia: No<br \/>Toma de fotograf\u00edas a distancia: No<br \/>Retroalimentaci\u00f3n h\u00e1ptica: No<br \/>Visualizaci\u00f3n de clima: No<br \/>Grabaci\u00f3n de voz: No<br \/>Notificaciones del calendario: No<br \/>Notificaciones de SMS: Si<br \/>Servicio de notificaci\u00f3n simple (SNS), soportado: No<br \/>Funci\u00f3n de alerta anti-p\u00e9rdida: No<br \/>Firmware actualizable: Si<br \/>Temporizador: No<br \/>Renovado: No<br \/>Br\u00fajula electr\u00f3nica: No<br \/>Sensor capacitivo: No<br \/>Sensor de presi\u00f3n atmosf\u00e9rica: No<br \/>Sensor geomagn\u00e9tico: No<br \/>Sensor de temperatura de la piel: No<br \/>Funci\u00f3n de monitorizaci\u00f3n del estr\u00e9s: No<br \/>Alarma(s) audibles: Si<br \/>Alt\u00edmetro barom\u00e9trico: No<br \/>Medidor de distancia integrado: No<br \/>Alarma: Si<br \/>Calendario: No<br \/>Cron\u00f3metro: No<br \/>Tiempo \/ distancia de alerta: No<br \/>Intervalo de entrenamiento: No<br \/>C\u00f3mputo de calor\u00edas basado en ritmo cardiaco: No<br \/>Alertas de ritmo: No<br \/>Pod\u00f3metro: No<br \/>Entrenamientos avanzados: No<br \/>Transferencia de unidad a unidad: No<br \/>Calendario de caza\/pesca: No<br \/>Informaci\u00f3n de la luna y el Sol: No<br \/>C\u00e1lculo de \u00e1reas: No<br \/>Funci\u00f3n de hora mundial: No<br \/>Pron\u00f3sticos del clima: No<br \/>Retroalimentaci\u00f3n motivadora: No<br \/>Adaptaci\u00f3n autom\u00e1tica del programa de entrenamiento: No<br \/>Programaci\u00f3n del entrenamiento: No<br \/>Orientaci\u00f3n en tiempo real: No<br \/>Prueba de aptitud: No<br \/>Sugerencia de tiempo de recuperaci\u00f3n: No<br \/>Detecci\u00f3n autom\u00e1tica de la actividad diaria: No<br \/>Supervisi\u00f3n de la actividad: No<br \/>Control de la m\u00fasica: No<br \/>Funci\u00f3n \u00abEncuentra mi tel\u00e9fono\u00bb: No<br \/>Control de c\u00e1mara para deportes de acci\u00f3n: No<br \/>Pausa autom\u00e1tica: No<br \/>Medici\u00f3n del efecto del entrenamiento: No<br \/>Funci\u00f3n Virtual Partner: No<br \/>Funci\u00f3n Virtual Racer: No<br \/>Perfiles para m\u00faltiples bicis: No<br \/>Indicador de carrera: No<br \/>Alerta de recuperaci\u00f3n: No<br \/>Funci\u00f3n Virtual Pacer: No<br \/>Alerta de tiempo: No<br \/>Mediciones fisiol\u00f3gicas: No<br \/>Din\u00e1micas de correr: No<br \/>Minutos activos: No<br \/>Seguimiento de ejercicio: No<br \/>Notificaciones de llamada: No<br \/>Sensor de temperatura del agua: No<br \/>Bar\u00f3metro: No<br \/>Term\u00f3metro: No<br \/>Alt\u00edmetro: No<br \/>Reloj despertador vibrante: No<br \/>Aplicaciones compatibles: Setracker2<br \/>Pa\u00eds de origen: China<\/p>\n<p>Conexi\u00f3n<br \/>Conexi\u00f3n a red m\u00f3vil: Si<br \/>Generaci\u00f3n de red m\u00f3vil: 4G<br \/>Est\u00e1ndares 2G: GPRS, GSM<br \/>Est\u00e1ndares 3G: HSPA, UMTS<br \/>Est\u00e1ndar 4G: LTE-TDD &#038; LTE-FDD<br \/>ANT+ habilitado: No<br \/>Se conecta a Internet de forma independiente: Si<br \/>Tipo de tarjeta SIM: NanoSIM<br \/>GPS (sat\u00e9lite): Si<br \/>BeiDou: Si<br \/>GLONASS: Si<\/p>\n<p>Puertos e Interfaces<br \/>Wi-Fi est\u00e1ndares: Wi-Fi 4 (802.11n)<br \/>Bluetooth: Si<br \/>Bluetooth de baja energ\u00eda (BLE, Bluetooth Low Energy): No<br \/>Puerto USB: No<br \/>Comunicaci\u00f3n de Campo Cercano (NFC): No<br \/>Wifi: Si<br \/>Versi\u00f3n de Bluetooth: 5.0<br \/>Auriculares: No<\/p>\n<p>Control de energ\u00eda<br \/>Tipo de bater\u00eda: Bater\u00eda integrada<br \/>Tecnolog\u00eda de bater\u00eda: Pol\u00edmero de litio<br \/>Capacidad de bater\u00eda: 700 mAh<br \/>Modo de espera autom\u00e1tico: No<br \/>Cargador inal\u00e1mbrico: No<br \/>Energ\u00eda solar: No<\/p>\n<p>Software<br \/>Sistemas operativos compatibles: Android, iOS<\/p>\n<p>Contenido del embalaje<br \/>Adaptador AC incluido: No<br \/>Cables incluidos: USB<br \/>Manual de usuario: No<br \/>Base de cargador: No<br \/>Cargador: No<br \/>Tarjeta de garant\u00eda: Si<br \/>Banda pectoral: No<br \/>Gu\u00eda de instalaci\u00f3n r\u00e1pida: Si<br \/>Contenido del paquete: Smartwatch, accesorios y gu\u00eda de usuario.<\/p>\n","protected":false},"excerpt":{"rendered":"<p>Smartwatch leotec leswkids06k kids allo plus negro<\/p>\n","protected":false},"featured_media":230703,"comment_status":"open","ping_status":"open","template":"","meta":{"_et_pb_use_builder":"","_et_pb_old_content":"","_et_gb_content_width":""},"product_brand":[2350],"product_cat":[2058,3389,2316,2062],"product_tag":[2351,2318,2066],"class_list":{"0":"post-237454","1":"product","2":"type-product","3":"status-publish","4":"has-post-thumbnail","6":"product_brand-leotec-digital-lifestyle","7":"product_cat-dispositivos","8":"product_cat-leotec-digital-lifestyle","9":"product_cat-smartwatches","10":"product_cat-telefonia","11":"product_tag-leotec-digital-lifestyle","12":"product_tag-smartwatches","13":"product_tag-telefonia","14":"pa_canon-digital-0-e-incluida","15":"pa_categoria-telefonia","16":"pa_marca-leotec-digital-lifestyle","17":"pa_peso-3378","18":"pa_ref-dsp0000020100","20":"first","21":"instock","22":"sale","23":"taxable","24":"shipping-taxable","25":"purchasable","26":"product-type-simple"},"_links":{"self":[{"href":"https:\/\/linkxa.es\/linkshop\/wp-json\/wp\/v2\/product\/237454","targetHints":{"allow":["GET"]}}],"collection":[{"href":"https:\/\/linkxa.es\/linkshop\/wp-json\/wp\/v2\/product"}],"about":[{"href":"https:\/\/linkxa.es\/linkshop\/wp-json\/wp\/v2\/types\/product"}],"replies":[{"embeddable":true,"href":"https:\/\/linkxa.es\/linkshop\/wp-json\/wp\/v2\/comments?post=237454"}],"wp:featuredmedia":[{"embeddable":true,"href":"https:\/\/linkxa.es\/linkshop\/wp-json\/wp\/v2\/media\/230703"}],"wp:attachment":[{"href":"https:\/\/linkxa.es\/linkshop\/wp-json\/wp\/v2\/media?parent=237454"}],"wp:term":[{"taxonomy":"product_brand","embeddable":true,"href":"https:\/\/linkxa.es\/linkshop\/wp-json\/wp\/v2\/product_brand?post=237454"},{"taxonomy":"product_cat","embeddable":true,"href":"https:\/\/linkxa.es\/linkshop\/wp-json\/wp\/v2\/product_cat?post=237454"},{"taxonomy":"product_tag","embeddable":true,"href":"https:\/\/linkxa.es\/linkshop\/wp-json\/wp\/v2\/product_tag?post=237454"}],"curies":[{"name":"wp","href":"https:\/\/api.w.org\/{rel}","templated":true}]}}