{"id":237459,"date":"2025-04-15T04:55:19","date_gmt":"2025-04-15T04:55:19","guid":{"rendered":"https:\/\/linkxa.es\/contratacion\/producto\/smartwatch-garmin-epix-pro-42mm-white\/"},"modified":"2025-10-03T23:45:03","modified_gmt":"2025-10-03T23:45:03","slug":"smartwatch-garmin-epix-pro-42mm-white","status":"publish","type":"product","link":"https:\/\/linkxa.es\/linkshop\/producto\/smartwatch-garmin-epix-pro-42mm-white\/","title":{"rendered":"Smartwatch garmin epix pro 42mm white"},"content":{"rendered":"<div style=\"text-align: center; margin-bottom: 20px;\">\n<h2 style=\"font-size: 22px; font-weight: 600; margin: 0; color: #333;\">Garmin \u00a0|\u00a0 Smartwatches<\/h2>\n<\/div>\n<p style=\"max-width: 700px; margin: 0px auto 30px; font-size: 18px; line-height: 1.6; color: #555555; font-style: italic; text-align: left;\">Destacado<\/p>\n<p>Reloj para deporte Digital Pantalla t\u00e1ctil 3,05 cm (1.2&#8243;) AMOLED<br \/>390 x 390 Pixeles<br \/>La resistencia al agua: 10 ATM<br \/>Monitor de frecuencia card\u00edaca Aceler\u00f3metro Giroscopio Seguimiento de actividad<br \/>GPS (sat\u00e9lite) GLONASS Galileo<br \/>Wifi Bluetooth Comunicaci\u00f3n de Campo Cercano (NFC)<br \/>Bater\u00eda integrada<\/p>\n<p>Garmin epix Pro (Gen 2). Diagonal de la pantalla: 3,05 cm (1.2&#8243;), Tecnolog\u00eda de visualizaci\u00f3n: AMOLED, Resoluci\u00f3n de la pantalla: 390 x 390 Pixeles, Pantalla t\u00e1ctil. Memoria flash: 32 GB. Wifi. GPS (sat\u00e9lite).<br \/>Peso: 63 g. Material de la banda: Silicona, Color de banda: Blanco<\/p>\n<p>Peso y dimensiones<br \/>Ancho<br \/>42 mm<br \/>Grosor<br \/>1,41 cm<br \/>Peso<br \/>63 g<br \/>Profundidad<br \/>42 mm<br \/>Control de energ\u00eda<br \/>Duraci\u00f3n de la bater\u00eda<br \/>10 d\u00eda(s)<br \/>Tipo de bater\u00eda<br \/>Bater\u00eda integrada<br \/>Puertos e Interfaces<br \/>Bluetooth<br \/>Si<br \/>Comunicaci\u00f3n de Campo Cercano (NFC)<br \/>Si<br \/>Wifi<br \/>Si<br \/>Conexi\u00f3n<br \/>GLONASS<br \/>Si<br \/>GPS (sat\u00e9lite)<br \/>Si<br \/>Galileo<br \/>Si<\/p>\n<p>Dise\u00f1o<br \/>Color del cuerpo del reloj<br \/>Plata<br \/>Color de banda<br \/>Blanco<br \/>Forma<br \/>Alrededor<br \/>La resistencia al agua<br \/>10 ATM<br \/>Material del cuerpo del reloj<br \/>Fibre Reinforced Plastic (FRP), Acero inoxidable<br \/>Material de la banda<br \/>Silicona<br \/>Material de la lente<br \/>Vidrio<br \/>Posicionamiento de mercado<br \/>Reloj para deporte<br \/>Tama\u00f1o del cuerpo del reloj<br \/>42 mm<br \/>Tama\u00f1o de mu\u00f1eca<br \/>108 &#8211; 182 mm<br \/>Caracter\u00edsticas<br \/>Aceler\u00f3metro<br \/>Si<br \/>Adaptaci\u00f3n autom\u00e1tica del programa de entrenamiento<br \/>Si<br \/>Alarma<br \/>Si<br \/>Alt\u00edmetro barom\u00e9trico<br \/>Si<br \/>Br\u00fajula electr\u00f3nica<br \/>Si<br \/>Calendario<br \/>Si<br \/>Calidad del sue\u00f1o<br \/>Si<br \/>Calor\u00edas quemadas<br \/>Si<br \/>Control de la m\u00fasica<br \/>Si<br \/>Cron\u00f3metro<br \/>Si<br \/>Detecci\u00f3n autom\u00e1tica de la actividad diaria<br \/>Si<br \/>Din\u00e1micas de correr<br \/>Si<br \/>Distancia recorrida<br \/>Si<br \/>Funci\u00f3n \u00abEncuentra mi tel\u00e9fono\u00bb<br \/>Si<br \/>Funci\u00f3n de monitorizaci\u00f3n del estr\u00e9s<br \/>Si<br \/>Funci\u00f3n Virtual Partner<br \/>Si<br \/>Giroscopio<br \/>Si<br \/>Indicador de carrera<br \/>Si<br \/>Informaci\u00f3n de la luna y el Sol<br \/>Si<br \/>Intervalo de entrenamiento<br \/>Si<br \/>Medici\u00f3n del pulso por contacto<br \/>Si<br \/>Medici\u00f3n de frecuencia card\u00edaca<br \/>Autom\u00e1tico, Manual<br \/>Medici\u00f3n del efecto del entrenamiento<br \/>Si<br \/>Metas personales<br \/>Si<br \/>Monitor de frecuencia card\u00edaca<br \/>Si<br \/>Notificaciones inteligentes<br \/>Si<br \/>Notificaciones de llamada<br \/>Si<br \/>Pod\u00f3metro<br \/>Si<br \/>Programaci\u00f3n del entrenamiento<br \/>Si<br \/>Recomendaciones de entrenamiento<br \/>Si<br \/>Reproducci\u00f3n de audio a distancia<br \/>Si<br \/>Seguimiento de actividad<br \/>Si<br \/>Seguimiento de ejercicio<br \/>Si<br \/>Sensor de nivel de ox\u00edgeno en sangre<br \/>Si<br \/>Sensor de luz ambiental<br \/>Si<br \/>Sugerencia de tiempo de recuperaci\u00f3n<br \/>Si<br \/>Supervisi\u00f3n de la actividad<br \/>Si<br \/>Temporizador<br \/>Si<br \/>Tensi\u00f3metro<br \/>Si<br \/>Term\u00f3metro<br \/>Si<br \/>Toma de fotograf\u00edas a distancia<br \/>Si<br \/>Visualizaci\u00f3n de clima<br \/>Si<br \/>Exhibici\u00f3n<br \/>Pantalla con funci\u00f3n Always-on<br \/>Si<br \/>Diagonal de la pantalla<br \/>3,05 cm (1.2&#8243;)<br \/>Pantalla t\u00e1ctil<br \/>Si<br \/>Pantalla a color<br \/>Si<br \/>Resoluci\u00f3n de la pantalla<br \/>390 x 390 Pixeles<br \/>Tecnolog\u00eda de visualizaci\u00f3n<br \/>AMOLED<br \/>Tipo de visualizador<br \/>Digital<br \/>Tipo de vidrio de reloj<br \/>Corning Gorilla Glass<br \/>Desempe\u00f1o<br \/>Memoria flash<br \/>32 GB<br \/>Sistemas operativos m\u00f3viles soportados<br \/>Android, iOS<\/p>\n","protected":false},"excerpt":{"rendered":"<p>Smartwatch garmin epix pro 42mm white<\/p>\n","protected":false},"featured_media":230864,"comment_status":"open","ping_status":"open","template":"","meta":{"_et_pb_use_builder":"","_et_pb_old_content":"","_et_gb_content_width":""},"product_brand":[2384],"product_cat":[2058,3399,2316,2062],"product_tag":[2385,2318,2066],"class_list":{"0":"post-237459","1":"product","2":"type-product","3":"status-publish","4":"has-post-thumbnail","6":"product_brand-garmin","7":"product_cat-dispositivos","8":"product_cat-garmin","9":"product_cat-smartwatches","10":"product_cat-telefonia","11":"product_tag-garmin","12":"product_tag-smartwatches","13":"product_tag-telefonia","14":"pa_canon-digital-25-e-incluida","15":"pa_categoria-telefonia","16":"pa_marca-garmin","17":"pa_peso-3388","18":"pa_ref-dsp0000022440","20":"first","21":"instock","22":"sale","23":"taxable","24":"shipping-taxable","25":"purchasable","26":"product-type-simple"},"_links":{"self":[{"href":"https:\/\/linkxa.es\/linkshop\/wp-json\/wp\/v2\/product\/237459","targetHints":{"allow":["GET"]}}],"collection":[{"href":"https:\/\/linkxa.es\/linkshop\/wp-json\/wp\/v2\/product"}],"about":[{"href":"https:\/\/linkxa.es\/linkshop\/wp-json\/wp\/v2\/types\/product"}],"replies":[{"embeddable":true,"href":"https:\/\/linkxa.es\/linkshop\/wp-json\/wp\/v2\/comments?post=237459"}],"wp:featuredmedia":[{"embeddable":true,"href":"https:\/\/linkxa.es\/linkshop\/wp-json\/wp\/v2\/media\/230864"}],"wp:attachment":[{"href":"https:\/\/linkxa.es\/linkshop\/wp-json\/wp\/v2\/media?parent=237459"}],"wp:term":[{"taxonomy":"product_brand","embeddable":true,"href":"https:\/\/linkxa.es\/linkshop\/wp-json\/wp\/v2\/product_brand?post=237459"},{"taxonomy":"product_cat","embeddable":true,"href":"https:\/\/linkxa.es\/linkshop\/wp-json\/wp\/v2\/product_cat?post=237459"},{"taxonomy":"product_tag","embeddable":true,"href":"https:\/\/linkxa.es\/linkshop\/wp-json\/wp\/v2\/product_tag?post=237459"}],"curies":[{"name":"wp","href":"https:\/\/api.w.org\/{rel}","templated":true}]}}