{"id":237460,"date":"2025-05-22T20:27:47","date_gmt":"2025-05-22T20:27:47","guid":{"rendered":"https:\/\/linkxa.es\/contratacion\/producto\/smartwatch-spc-smartee-4g-senior-negro\/"},"modified":"2025-10-03T23:46:17","modified_gmt":"2025-10-03T23:46:17","slug":"smartwatch-spc-smartee-4g-senior-negro","status":"publish","type":"product","link":"https:\/\/linkxa.es\/linkshop\/producto\/smartwatch-spc-smartee-4g-senior-negro\/","title":{"rendered":"Smartwatch spc smartee 4g senior negro"},"content":{"rendered":"<div style=\"text-align: center; margin-bottom: 20px;\">\n<h2 style=\"font-size: 22px; font-weight: 600; margin: 0; color: #333;\">Spc \u00a0|\u00a0 Smartwatches<\/h2>\n<\/div>\n<p style=\"max-width: 700px; margin: 0px auto 30px; font-size: 18px; line-height: 1.6; color: #555555; font-style: italic; text-align: left;\">SPC SmartWatch SMARTEE 4G SENIOR 1.7&#8243; IP68 GPS SOS<br \/>Marca SPC<br \/>Modelo 9642N<br \/>Caracter\u00edsticas &#8211; Chip: Unisoc W307<br \/>&#8211; Memoria RAM &#8211; 128MB<br \/>&#8211; Flash &#8211; 128MB<br \/>&#8211; TP &#8211; G + F<br \/>&#8211; Sensor frecuencia card\u00edaca: GH3018<br \/>&#8211; C\u00e1mara: frontal 2MP<br \/>&#8211; Resistencia: IP68<br \/>&#8211; Micr\u00f3fono<br \/>Conectividad<br \/>&#8211; SIM: Nano SIM<br \/>&#8211; GPS<br \/>&#8211; WIFI<br \/>Redes<br \/>&#8211; 2G bandas: B2B3B5B8<br \/>&#8211; 3G bandas: B1B2B5B8<br \/>&#8211; 4G bandas: FDD B1 B3 B5 B8<br \/>&#8211; TDD B40<br \/>Pantalla<br \/>&#8211; 1,7&#8243;<br \/>&#8211; Brillo: 450cd\/m2<br \/>&#8211; Panel t\u00e1ctil: Full Lamination<br \/>&#8211; Tipo: IPS<br \/>&#8211; Resoluci\u00f3n: 240 x 280<br \/>Alimentaci\u00f3n<br \/>&#8211; Autonom\u00eda: 3 d\u00edas con un uso est\u00e1ndar<br \/>&#8211; Bater\u00eda: 720mAh<br \/>&#8211; Carga: Cargador magn\u00e9tico<br \/>Actividad<br \/>&#8211; Frecuencia card\u00edaca<br \/>&#8211; Calor\u00edas<br \/>&#8211; Pasos<br \/>&#8211; Alarmas<br \/>&#8211; Ox\u00edmetro<br \/>&#8211; Historial de rutas<br \/>Dimensiones y peso<br \/>&#8211; 55 x 42 x 17 mm<br \/>&#8211; 52 g<br \/>Contenido<br \/>&#8211; SPC SMARTEE 4G SENIOR<br \/>&#8211; Manual<br \/>&#8211; Cable de carga magn\u00e9tico<br \/>&#8211; Extractor de SIM<\/p>\n","protected":false},"excerpt":{"rendered":"<p>Smartwatch spc smartee 4g senior negro<\/p>\n","protected":false},"featured_media":230838,"comment_status":"open","ping_status":"open","template":"","meta":{"_et_pb_use_builder":"","_et_pb_old_content":"","_et_gb_content_width":""},"product_brand":[2127],"product_cat":[2058,2316,3403,2062],"product_tag":[2318,2128,2066],"class_list":{"0":"post-237460","1":"product","2":"type-product","3":"status-publish","4":"has-post-thumbnail","6":"product_brand-spc","7":"product_cat-dispositivos","8":"product_cat-smartwatches","9":"product_cat-spc","10":"product_cat-telefonia","11":"product_tag-smartwatches","12":"product_tag-spc","13":"product_tag-telefonia","14":"pa_canon-digital-25-e-incluida","15":"pa_categoria-telefonia","16":"pa_marca-spc","17":"pa_peso-3402","18":"pa_ref-dsp0000023065","20":"first","21":"instock","22":"sale","23":"taxable","24":"shipping-taxable","25":"purchasable","26":"product-type-simple"},"_links":{"self":[{"href":"https:\/\/linkxa.es\/linkshop\/wp-json\/wp\/v2\/product\/237460","targetHints":{"allow":["GET"]}}],"collection":[{"href":"https:\/\/linkxa.es\/linkshop\/wp-json\/wp\/v2\/product"}],"about":[{"href":"https:\/\/linkxa.es\/linkshop\/wp-json\/wp\/v2\/types\/product"}],"replies":[{"embeddable":true,"href":"https:\/\/linkxa.es\/linkshop\/wp-json\/wp\/v2\/comments?post=237460"}],"wp:featuredmedia":[{"embeddable":true,"href":"https:\/\/linkxa.es\/linkshop\/wp-json\/wp\/v2\/media\/230838"}],"wp:attachment":[{"href":"https:\/\/linkxa.es\/linkshop\/wp-json\/wp\/v2\/media?parent=237460"}],"wp:term":[{"taxonomy":"product_brand","embeddable":true,"href":"https:\/\/linkxa.es\/linkshop\/wp-json\/wp\/v2\/product_brand?post=237460"},{"taxonomy":"product_cat","embeddable":true,"href":"https:\/\/linkxa.es\/linkshop\/wp-json\/wp\/v2\/product_cat?post=237460"},{"taxonomy":"product_tag","embeddable":true,"href":"https:\/\/linkxa.es\/linkshop\/wp-json\/wp\/v2\/product_tag?post=237460"}],"curies":[{"name":"wp","href":"https:\/\/api.w.org\/{rel}","templated":true}]}}