{"id":237463,"date":"2025-05-03T11:03:35","date_gmt":"2025-05-03T11:03:35","guid":{"rendered":"https:\/\/linkxa.es\/contratacion\/producto\/smartwatch-spc-smartee-4g-kidz-turquesa\/"},"modified":"2025-10-03T23:47:24","modified_gmt":"2025-10-03T23:47:24","slug":"smartwatch-spc-smartee-4g-kidz-turquesa","status":"publish","type":"product","link":"https:\/\/linkxa.es\/linkshop\/producto\/smartwatch-spc-smartee-4g-kidz-turquesa\/","title":{"rendered":"Smartwatch spc smartee 4g kidz turquesa"},"content":{"rendered":"<div style=\"text-align: center; margin-bottom: 20px;\">\n<h2 style=\"font-size: 22px; font-weight: 600; margin: 0; color: #333;\">Spc \u00a0|\u00a0 Smartwatches<\/h2>\n<\/div>\n<p style=\"max-width: 700px; margin: 0px auto 30px; font-size: 18px; line-height: 1.6; color: #555555; font-style: italic; text-align: left;\">SPC SmartWatch SMARTEE 4G KIDS 1.7&#8243; IP68 GPS SOS<br \/>Marca SPC<br \/>Modelo 9641V<br \/>Caracter\u00edsticas &#8211; Chip: W307<br \/>&#8211; Memoria RAM: 128MB<br \/>&#8211; Flash: 128MB<br \/>&#8211; TP: G + F<br \/>&#8211; Pantalla:<br \/>Tama\u00f1o pantalla: 1,7&#8243;<br \/>Brillo: 450cd\/m2<br \/>Resoluci\u00f3n: 240 x 280<br \/>Tipo: TFT<br \/>Panel t\u00e1ctil: Full Lamination<br \/>&#8211; Sensor frecuencia card\u00edaca<br \/>&#8211; C\u00e1mara: Frontal 2M<br \/>&#8211; Resistencia: IP68<br \/>&#8211; Micr\u00f3fono<br \/>Conectividad<br \/>&#8211; SIM: Nano SIM<br \/>&#8211; GPS<br \/>&#8211; WIFI<br \/>Redes<br \/>&#8211; 2G bandas: B2B3B5B8<br \/>&#8211; 3G bandas: B1B2B5B8<br \/>&#8211; 4G bandas: FDD B1 B3 B5 B8 &#8211; TDD B40<br \/>Actividad<br \/>&#8211; Modo Colegio<br \/>&#8211; Pasos<br \/>&#8211; Alarmas<br \/>&#8211; Historial de rutas<br \/>Alimentaci\u00f3n<br \/>&#8211; Autonom\u00eda: 3 d\u00edas con un uso est\u00e1ndar<br \/>&#8211; Bater\u00eda: 720 mAh<br \/>&#8211; Carga: Cargador magn\u00e9tico<br \/>Dimensiones y peso<br \/>&#8211; 55 x 42 x 15, 5 mm<br \/>&#8211; 52 g<br \/>Contenido<br \/>&#8211; SPC SMARTEE 4G KIDS<br \/>&#8211; Manual<br \/>&#8211; Cable de carga magn\u00e9tico<br \/>&#8211; Extractor de SIM<\/p>\n","protected":false},"excerpt":{"rendered":"<p>Smartwatch spc smartee 4g kidz turquesa<\/p>\n","protected":false},"featured_media":237464,"comment_status":"open","ping_status":"open","template":"","meta":{"_et_pb_use_builder":"","_et_pb_old_content":"","_et_gb_content_width":""},"product_brand":[2127],"product_cat":[2058,2316,3403,2062],"product_tag":[2318,2128,2066],"class_list":{"0":"post-237463","1":"product","2":"type-product","3":"status-publish","4":"has-post-thumbnail","6":"product_brand-spc","7":"product_cat-dispositivos","8":"product_cat-smartwatches","9":"product_cat-spc","10":"product_cat-telefonia","11":"product_tag-smartwatches","12":"product_tag-spc","13":"product_tag-telefonia","14":"pa_canon-digital-25-e-incluida","15":"pa_categoria-telefonia","16":"pa_marca-spc","17":"pa_peso-3402","18":"pa_ref-dsp0000023066","20":"first","21":"instock","22":"sale","23":"taxable","24":"shipping-taxable","25":"purchasable","26":"product-type-simple"},"_links":{"self":[{"href":"https:\/\/linkxa.es\/linkshop\/wp-json\/wp\/v2\/product\/237463","targetHints":{"allow":["GET"]}}],"collection":[{"href":"https:\/\/linkxa.es\/linkshop\/wp-json\/wp\/v2\/product"}],"about":[{"href":"https:\/\/linkxa.es\/linkshop\/wp-json\/wp\/v2\/types\/product"}],"replies":[{"embeddable":true,"href":"https:\/\/linkxa.es\/linkshop\/wp-json\/wp\/v2\/comments?post=237463"}],"wp:featuredmedia":[{"embeddable":true,"href":"https:\/\/linkxa.es\/linkshop\/wp-json\/wp\/v2\/media\/237464"}],"wp:attachment":[{"href":"https:\/\/linkxa.es\/linkshop\/wp-json\/wp\/v2\/media?parent=237463"}],"wp:term":[{"taxonomy":"product_brand","embeddable":true,"href":"https:\/\/linkxa.es\/linkshop\/wp-json\/wp\/v2\/product_brand?post=237463"},{"taxonomy":"product_cat","embeddable":true,"href":"https:\/\/linkxa.es\/linkshop\/wp-json\/wp\/v2\/product_cat?post=237463"},{"taxonomy":"product_tag","embeddable":true,"href":"https:\/\/linkxa.es\/linkshop\/wp-json\/wp\/v2\/product_tag?post=237463"}],"curies":[{"name":"wp","href":"https:\/\/api.w.org\/{rel}","templated":true}]}}