{"id":237468,"date":"2025-02-02T09:57:09","date_gmt":"2025-02-02T09:57:09","guid":{"rendered":"https:\/\/linkxa.es\/contratacion\/producto\/reloj-smartwatch-myphone-carewatch-4g-lte-2\/"},"modified":"2025-10-03T23:54:24","modified_gmt":"2025-10-03T23:54:24","slug":"reloj-smartwatch-myphone-carewatch-4g-lte-2","status":"publish","type":"product","link":"https:\/\/linkxa.es\/linkshop\/producto\/reloj-smartwatch-myphone-carewatch-4g-lte-2\/","title":{"rendered":"Reloj smartwatch myphone carewatch 4g lte"},"content":{"rendered":"<div style=\"text-align: center; margin-bottom: 20px;\">\n<h2 style=\"font-size: 22px; font-weight: 600; margin: 0; color: #333;\">Myphone \u00a0|\u00a0 Smartwatches<\/h2>\n<\/div>\n<p style=\"max-width: 700px; margin: 0px auto 30px; font-size: 18px; line-height: 1.6; color: #555555; font-style: italic; text-align: left;\">myPhone CareWatch LTE: Pensado para nuestros seniors<\/p>\n<p>Dise\u00f1ado con el objetivo de proporcionar una mayor seguridad<\/p>\n<p>Pantalla de 1,77&#8243;, llamadas claras y videollamadas a traves de 4G VoLTE, podr\u00e1s mantener un contacto constante con la persona a la que supervisas<\/p>\n<p>Sensor de ca\u00eddas y bot\u00f3n de emergencia SOS que te notificar\u00e1n en caso de que se requiera ayuda<\/p>\n<p>Zonas de seguridad y rastreo, cuando la persona sale de la zona, el reloj env\u00eda un aviso al tel\u00e9fono<\/p>\n<p>Este dispositivo tambi\u00e9n ofrece la posibilidad de monitorear el pulso y los niveles de saturaci\u00f3n, brindando informaci\u00f3n crucial para el cuidado de la salud<\/p>\n<p>Bater\u00eda de 720 mAh y disfruta de la tranquilidad que otorga su certificaci\u00f3n IP68 Resistente al agua y al polvo<\/p>\n<p>Proporcionar cuidado y estar conectado nunca fue tan f\u00e1cil<br \/>El myPhone Care Watch LTE es la soluci\u00f3n perfecta para fortalecer la seguridad de tus seres queridos.<\/p>\n<p>Gracias a llamadas y videollamadas n\u00edtidas, podr\u00e1s mantener una comunicaci\u00f3n constante,nitida y fluida.<\/p>\n<p>Un sensor de ca\u00edda y un bot\u00f3n SOS notificar\u00e1n autom\u00e1ticamente cuando se necesite asistencia, respaldados por un rastreador GPS para una ubicaci\u00f3n precisa.<\/p>\n<p>Adem\u00e1s, el dispositivo permite la monitorizaci\u00f3n del pulso y la saturaci\u00f3n de ox\u00edgeno, brindando un completo cuidado de la salud.<\/p>\n<p>Mantente conectado y activo con una bater\u00eda de larga duraci\u00f3n y la certificaci\u00f3n IP68, garantizando resistencia al agua y al polvo.<\/p>\n<p>Llamadas y Videollamadas Claras:<\/p>\n<p>Utiliza la tecnolog\u00eda VoLTE para llamadas de alta calidad y mejora de cobertura.<br \/>Posibilidad de realizar llamadas y videollamadas con inserci\u00f3n de tarjeta SIM.<\/p>\n<p>Comprobaci\u00f3n de Ubicaci\u00f3n:<\/p>\n<p>Permite determinar la ubicaci\u00f3n del usuario<br \/>Establecer zonas de seguridad<br \/>Visualizarlas en un mapa en la aplicaci\u00f3n<\/p>\n<p>Notificaci\u00f3n en Caso de Ca\u00edda:<\/p>\n<p>En caso de que el propietario del reloj se desmaye y o se caiga, el cuidador recibir\u00e1 inmediatamente una notificaci\u00f3n que le permitir\u00e1 reaccionar r\u00e1pidamente y poder prestar asistencia<br \/>Notificaciones inmediatas al cuidador en caso de una ca\u00edda, permitiendo una r\u00e1pida reacci\u00f3n y asistencia.<\/p>\n<p>Supervisi\u00f3n:<\/p>\n<p>Funciones de medici\u00f3n de pulso y saturaci\u00f3n de ox\u00edgeno para cuidar la salud del usuario<br \/>Desde la aplicaci\u00f3n, los hijos o cuidadores pueden consultar la frecuencia card\u00edaca y los niveles de ox\u00edgeno en sangre del usuario del reloj sin molestarlo, asegur\u00e1ndose de que todo est\u00e9 bien.<br \/>Adem\u00e1s, es posible programar alarmas para recordarles, por ejemplo, la hora de tomar su medicaci\u00f3n o una cita m\u00e9dica programada para el d\u00eda siguiente.<br \/>Para promover su bienestar, tambi\u00e9n incluye un contador de pasos que anima a los usuarios a alcanzar sus objetivos diarios, los cuales pueden establecerse desde la aplicaci\u00f3n.<br \/>El cuidador tiene acceso remoto a la informaci\u00f3n del usuario del dispositivo<\/p>\n<p>Llamada Instant\u00e1nea para Pedir Ayuda:<\/p>\n<p>Bot\u00f3n SOS que realiza una llamada a 3 n\u00fameros de emergencia predefinidos con solo mantenerlo presionado durante 3 segundos.<\/p>\n<p>Aplicaci\u00f3n 4Family2:<\/p>\n<p>La aplicaci\u00f3n proporciona informaci\u00f3n detallada para que el cuidador pueda realizar un seguimiento y reaccionar r\u00e1pidamente si es necesario.<br \/>Puede utilizarla en su tel\u00e9fono inteligente de forma gratuita<\/p>\n<p>Caracter\u00edsticas T\u00e9cnicas:<\/p>\n<p>2G 850\/900\/1800\/1900<br \/>3G 850\/900\/2100<br \/>4G 800\/850\/900\/1800\/2100\/2600<br \/>Procesador: Unisoc W307.<br \/>Requiere tarjeta SIM nano-SIM<br \/>Pantalla de alta definici\u00f3n numeros y letras grandes de 1,7&#8243; para una f\u00e1cil lectura de notificaciones<br \/>Resoluci\u00f3n 280 x 240 px<br \/>Resistente al agua y al polvo con certificaci\u00f3n IP68<br \/>Conectividad WIFI, GPS<br \/>Sensores Aceler\u00f3metro<br \/>Funciones adicionales:<br \/>Fecha y hora<br \/>Llamadas y Videollamada 4G<br \/>Mensajes de texto<br \/>Chat de grupo<br \/>GPS<br \/>Bot\u00f3n SOS<br \/>Recordatorio de medicaci\u00f3n<br \/>Medici\u00f3n de la frecuencia cardiaca<br \/>Puls\u00f3metro<br \/>Contador de pasos<br \/>Bater\u00eda de 720 mAh hasta 3 d\u00edas de funcionamiento constante.<br \/>Memoria: 128 MB de memoria interna.<br \/>Bater\u00eda: 720mAh para hasta 3 d\u00edas de autonom\u00eda.<br \/>Dimensiones: 145 x 42,6 x 15,2 mm.<br \/>Peso: 52 g<br \/>Aplicaci\u00f3n Gratuita 4family2 (disponible en Google Play y App Store)<br \/>Dimensiones de la caja 16 x 8,5 x 4,2 cm<br \/>Peso bruto 182 g.<\/p>\n<p>Antes de comenzar a utilizar su reloj:<\/p>\n<p>Cargue el dispositivo hasta alcanzar el 100% de su capacidad antes del primer uso, durante al menos 3 horas.<br \/>Utilice el cable suministrado junto con un cargador est\u00e1ndar de 5V con una corriente m\u00e1xima de 2A.<br \/>Evite el uso de cargadores de carga r\u00e1pida y puertos USB de computadoras, ya que podr\u00edan no proporcionar suficiente potencia de carga.<br \/>Adquiera una tarjeta SIM 4G LTE compatible con relojes inteligentes.<br \/>Esta debe ser una l\u00ednea num\u00e9rica nueva, no se permiten duplicados ni multi-SIM, ni tarjetas prepago.<br \/>Adem\u00e1s, la tarjeta debe disponer de datos y minutos de llamadas.<br \/>ADVERTENCIA: Si su tarjeta SIM est\u00e1 protegida por un c\u00f3digo PIN, desact\u00edvelo antes de instalarla en su reloj.<br \/>Para hacerlo, inst\u00e1lela primero en un tel\u00e9fono m\u00f3vil y deshabilite el c\u00f3digo PIN.<br \/>La tarjeta SIM es necesaria para activar las funciones de localizaci\u00f3n, mensajes y llamadas.<br \/>Los modelos Senior no podr\u00e1n ser utilizados sin una tarjeta SIM.<br \/>Descargue la aplicaci\u00f3n 4FAMILY2 en su tel\u00e9fono m\u00f3vil y empareje su reloj utilizando el c\u00f3digo QR provisto en el propio dispositivo.<br \/>Tenga en cuenta que este c\u00f3digo no se activar\u00e1 hasta que la tarjeta SIM haya sido instalada correctamente en el reloj.<br \/>Instalaci\u00f3n correcta de la tarjeta SIM:<br \/>Aseg\u00farese de que el dispositivo est\u00e9 apagado.<br \/>Retire la cubierta lateral que protege la ranura de la tarjeta SIM.<br \/>Inserte la tarjeta SIM en la ranura, asegur\u00e1ndose de que la parte del chip de la tarjeta est\u00e9 orientada en la direcci\u00f3n indicada en el manual de usuario.<br \/>Vuelva a colocar la cubierta y encienda el reloj.<br \/>Espere aproximadamente un minuto para que el reloj establezca cobertura. Ahora est\u00e1 listo para iniciar el proceso de vinculaci\u00f3n con la aplicaci\u00f3n correspondiente de su reloj.<\/p>\n","protected":false},"excerpt":{"rendered":"<p>Reloj smartwatch myphone carewatch 4g lte negro<\/p>\n","protected":false},"featured_media":230644,"comment_status":"open","ping_status":"open","template":"","meta":{"_et_pb_use_builder":"","_et_pb_old_content":"","_et_gb_content_width":""},"product_brand":[2114],"product_cat":[2058,3408,2316,2062],"product_tag":[2115,2318,2066],"class_list":{"0":"post-237468","1":"product","2":"type-product","3":"status-publish","4":"has-post-thumbnail","6":"product_brand-myphone","7":"product_cat-dispositivos","8":"product_cat-myphone","9":"product_cat-smartwatches","10":"product_cat-telefonia","11":"product_tag-myphone","12":"product_tag-smartwatches","13":"product_tag-telefonia","14":"pa_canon-digital-0-e-incluida","15":"pa_categoria-telefonia","16":"pa_marca-myphone","17":"pa_peso-3407","18":"pa_ref-dsp0000024070","20":"first","21":"instock","22":"sale","23":"taxable","24":"shipping-taxable","25":"purchasable","26":"product-type-simple"},"_links":{"self":[{"href":"https:\/\/linkxa.es\/linkshop\/wp-json\/wp\/v2\/product\/237468","targetHints":{"allow":["GET"]}}],"collection":[{"href":"https:\/\/linkxa.es\/linkshop\/wp-json\/wp\/v2\/product"}],"about":[{"href":"https:\/\/linkxa.es\/linkshop\/wp-json\/wp\/v2\/types\/product"}],"replies":[{"embeddable":true,"href":"https:\/\/linkxa.es\/linkshop\/wp-json\/wp\/v2\/comments?post=237468"}],"wp:featuredmedia":[{"embeddable":true,"href":"https:\/\/linkxa.es\/linkshop\/wp-json\/wp\/v2\/media\/230644"}],"wp:attachment":[{"href":"https:\/\/linkxa.es\/linkshop\/wp-json\/wp\/v2\/media?parent=237468"}],"wp:term":[{"taxonomy":"product_brand","embeddable":true,"href":"https:\/\/linkxa.es\/linkshop\/wp-json\/wp\/v2\/product_brand?post=237468"},{"taxonomy":"product_cat","embeddable":true,"href":"https:\/\/linkxa.es\/linkshop\/wp-json\/wp\/v2\/product_cat?post=237468"},{"taxonomy":"product_tag","embeddable":true,"href":"https:\/\/linkxa.es\/linkshop\/wp-json\/wp\/v2\/product_tag?post=237468"}],"curies":[{"name":"wp","href":"https:\/\/api.w.org\/{rel}","templated":true}]}}