{"id":237469,"date":"2025-03-25T19:33:22","date_gmt":"2025-03-25T19:33:22","guid":{"rendered":"https:\/\/linkxa.es\/contratacion\/producto\/smartwatch-spc-smartee-duo-2-1-78-pulgadas-2\/"},"modified":"2025-10-03T23:55:01","modified_gmt":"2025-10-03T23:55:01","slug":"smartwatch-spc-smartee-duo-2-1-78-pulgadas-2","status":"publish","type":"product","link":"https:\/\/linkxa.es\/linkshop\/producto\/smartwatch-spc-smartee-duo-2-1-78-pulgadas-2\/","title":{"rendered":"Smartwatch spc smartee duo 2 1.78 pulgadas"},"content":{"rendered":"<div style=\"text-align: center; margin-bottom: 20px;\">\n<h2 style=\"font-size: 22px; font-weight: 600; margin: 0; color: #333;\">Spc \u00a0|\u00a0 Smartwatches<\/h2>\n<\/div>\n<p style=\"max-width: 700px; margin: 0px auto 30px; font-size: 18px; line-height: 1.6; color: #555555; font-style: italic; text-align: left;\">SPC SmartWatch SMARTEE DUO 2 1.78&#8243; Blanco + correa<br \/>Marca SPC<br \/>Modelo 9650B<br \/>Caracter\u00edsticas &#8211; Chip: Realtek RTL8763EWE<br \/>&#8211; Frecuencia radio: 2.4GHz<br \/>&#8211; Memoria RAM: 270 KB<br \/>&#8211; Flash: 128Mb<br \/>&#8211; Sensor frecuencia card\u00edaca: HX3605<br \/>&#8211; G-Sensor: SCS7A20<br \/>&#8211; Resistencia: IP68<br \/>Pantalla<br \/>&#8211; 1,78&#8243;<br \/>&#8211; Pantalla: AMOLED<br \/>&#8211; Resoluci\u00f3n: 368 x 448<br \/>Alimentaci\u00f3n<br \/>&#8211; Escenario de uso t\u00edpico. Duraci\u00f3n de la bater\u00eda: 7 d\u00edas<br \/>&#8211; Escenario de uso intensivo. Duraci\u00f3n de la bater\u00eda: 5 d\u00edas<br \/>&#8211; Modo de ahorro de bater\u00eda. Duraci\u00f3n de la bater\u00eda: 10 d\u00edas<br \/>&#8211; Bater\u00eda: 250mAh<br \/>&#8211; Carga: Carga magn\u00e9tica mediante 2 pins<br \/>Actividad<br \/>&#8211; Modos deportivos: M\u00e1s de 100<br \/>&#8211; Sistema de evaluaci\u00f3n de salud: PAI<br \/>&#8211; Frecuencia card\u00edaca<br \/>&#8211; Seguimiento del sue\u00f1o<br \/>&#8211; Calor\u00edas<br \/>&#8211; Pasos<br \/>&#8211; Control remoto c\u00e1mara<br \/>&#8211; Alarmas<br \/>&#8211; Ox\u00edmetro<br \/>&#8211; Llamadas Bluetooth<br \/>&#8211; Informaci\u00f3n del tiempo<br \/>&#8211; Control de la menstruaci\u00f3n<br \/>Dimensiones y peso<br \/>&#8211; 46.6 x 37,5 x 10.4 mm<br \/>&#8211; 50 g<br \/>Contenido<br \/>&#8211; SPC SMARTEE DUO 2<br \/>&#8211; Correa extra<br \/>&#8211; Gu\u00eda r\u00e1pida<br \/>&#8211; Cable de carga<\/p>\n","protected":false},"excerpt":{"rendered":"<p>Smartwatch spc smartee duo 2 1.78 pulgadas blanco + correa<\/p>\n","protected":false},"featured_media":232290,"comment_status":"open","ping_status":"open","template":"","meta":{"_et_pb_use_builder":"","_et_pb_old_content":"","_et_gb_content_width":""},"product_brand":[2127],"product_cat":[2058,2316,3403,2062],"product_tag":[2318,2128,2066],"class_list":{"0":"post-237469","1":"product","2":"type-product","3":"status-publish","4":"has-post-thumbnail","6":"product_brand-spc","7":"product_cat-dispositivos","8":"product_cat-smartwatches","9":"product_cat-spc","10":"product_cat-telefonia","11":"product_tag-smartwatches","12":"product_tag-spc","13":"product_tag-telefonia","14":"pa_canon-digital-0-e-incluida","15":"pa_categoria-telefonia","16":"pa_marca-spc","17":"pa_peso-3410","18":"pa_ref-dsp0000024082","20":"first","21":"instock","22":"sale","23":"taxable","24":"shipping-taxable","25":"purchasable","26":"product-type-simple"},"_links":{"self":[{"href":"https:\/\/linkxa.es\/linkshop\/wp-json\/wp\/v2\/product\/237469","targetHints":{"allow":["GET"]}}],"collection":[{"href":"https:\/\/linkxa.es\/linkshop\/wp-json\/wp\/v2\/product"}],"about":[{"href":"https:\/\/linkxa.es\/linkshop\/wp-json\/wp\/v2\/types\/product"}],"replies":[{"embeddable":true,"href":"https:\/\/linkxa.es\/linkshop\/wp-json\/wp\/v2\/comments?post=237469"}],"wp:featuredmedia":[{"embeddable":true,"href":"https:\/\/linkxa.es\/linkshop\/wp-json\/wp\/v2\/media\/232290"}],"wp:attachment":[{"href":"https:\/\/linkxa.es\/linkshop\/wp-json\/wp\/v2\/media?parent=237469"}],"wp:term":[{"taxonomy":"product_brand","embeddable":true,"href":"https:\/\/linkxa.es\/linkshop\/wp-json\/wp\/v2\/product_brand?post=237469"},{"taxonomy":"product_cat","embeddable":true,"href":"https:\/\/linkxa.es\/linkshop\/wp-json\/wp\/v2\/product_cat?post=237469"},{"taxonomy":"product_tag","embeddable":true,"href":"https:\/\/linkxa.es\/linkshop\/wp-json\/wp\/v2\/product_tag?post=237469"}],"curies":[{"name":"wp","href":"https:\/\/api.w.org\/{rel}","templated":true}]}}