{"id":237477,"date":"2025-05-08T22:26:21","date_gmt":"2025-05-08T22:26:21","guid":{"rendered":"https:\/\/linkxa.es\/contratacion\/producto\/smartwatch-spc-smartee-duo-vivo-1-27-pulgadas\/"},"modified":"2025-10-03T23:59:03","modified_gmt":"2025-10-03T23:59:03","slug":"smartwatch-spc-smartee-duo-vivo-1-27-pulgadas","status":"publish","type":"product","link":"https:\/\/linkxa.es\/linkshop\/producto\/smartwatch-spc-smartee-duo-vivo-1-27-pulgadas\/","title":{"rendered":"Smartwatch spc smartee duo vivo 1.27 pulgadas"},"content":{"rendered":"<div style=\"text-align: center; margin-bottom: 20px;\">\n<h2 style=\"font-size: 22px; font-weight: 600; margin: 0; color: #333;\">Spc \u00a0|\u00a0 Smartwatches<\/h2>\n<\/div>\n<p style=\"max-width: 700px; margin: 0px auto 30px; font-size: 18px; line-height: 1.6; color: #555555; font-style: italic; text-align: left;\">Caracter\u00edsticas<\/p>\n<p>El Smartwatch Smartee Duo Vivo de SPC combinatecnolog\u00eda avanzada y dise\u00f1o elegante, ofreciendo una experiencia \u00fanica paralos amantes de los dispositivos inteligentes. Con una pantalla redonda de<br \/>1,27pulgadas, proporciona una visualizaci\u00f3n clara y atractiva. La app asociada tepermite elegir entre 100 watchfaces diferentes para personalizar tu reloj seg\u00fantu estilo.Equipado con Bluetooth y funci\u00f3n<br \/>de manoslibres, este smartwatch te permite hacer y recibir llamadas sin sacar el m\u00f3vil.Adem\u00e1s, cuenta con 100 modos de deporte que se adaptan a tus rutinas yactividades diarias, ayud\u00e1ndote a<br \/>mantenerte activo y en forma.Su memoria RAM de 640KB y almacenamiento flashde 128MB aseguran un rendimiento fluido. Entre sus funciones destacadas, midela frecuencia card\u00edaca y el ox\u00edgeno en<br \/>sangre, reproduce m\u00fasica, proporcionainformaci\u00f3n meteorol\u00f3gica y permite controlar remotamente la c\u00e1mara de tu m\u00f3vilo tablet.La bater\u00eda de 290mAh ofrece una autonom\u00eda dehasta 8 d\u00edas (5 con uso<br \/>intensivo), y su protecci\u00f3n IP68 garantiza resistenciaal agua y al polvo. La app SPC Smart You (Smartee para iPhone) facilita lagesti\u00f3n de todas sus caracter\u00edsticas. Adem\u00e1s, incluye una correa de<br \/>repuestopara mayor comodidad y estilo<\/p>\n","protected":false},"excerpt":{"rendered":"<p>Smartwatch spc smartee duo vivo 1.27 pulgadas rojo + correa<\/p>\n","protected":false},"featured_media":237478,"comment_status":"open","ping_status":"open","template":"","meta":{"_et_pb_use_builder":"","_et_pb_old_content":"","_et_gb_content_width":""},"product_brand":[2127],"product_cat":[2058,2316,3403,2062],"product_tag":[2318,2128,2066],"class_list":{"0":"post-237477","1":"product","2":"type-product","3":"status-publish","4":"has-post-thumbnail","6":"product_brand-spc","7":"product_cat-dispositivos","8":"product_cat-smartwatches","9":"product_cat-spc","10":"product_cat-telefonia","11":"product_tag-smartwatches","12":"product_tag-spc","13":"product_tag-telefonia","14":"pa_canon-digital-0-e-incluida","15":"pa_categoria-telefonia","16":"pa_marca-spc","17":"pa_peso-3392","18":"pa_ref-dsp0000025142","20":"first","21":"instock","22":"sale","23":"taxable","24":"shipping-taxable","25":"purchasable","26":"product-type-simple"},"_links":{"self":[{"href":"https:\/\/linkxa.es\/linkshop\/wp-json\/wp\/v2\/product\/237477","targetHints":{"allow":["GET"]}}],"collection":[{"href":"https:\/\/linkxa.es\/linkshop\/wp-json\/wp\/v2\/product"}],"about":[{"href":"https:\/\/linkxa.es\/linkshop\/wp-json\/wp\/v2\/types\/product"}],"replies":[{"embeddable":true,"href":"https:\/\/linkxa.es\/linkshop\/wp-json\/wp\/v2\/comments?post=237477"}],"wp:featuredmedia":[{"embeddable":true,"href":"https:\/\/linkxa.es\/linkshop\/wp-json\/wp\/v2\/media\/237478"}],"wp:attachment":[{"href":"https:\/\/linkxa.es\/linkshop\/wp-json\/wp\/v2\/media?parent=237477"}],"wp:term":[{"taxonomy":"product_brand","embeddable":true,"href":"https:\/\/linkxa.es\/linkshop\/wp-json\/wp\/v2\/product_brand?post=237477"},{"taxonomy":"product_cat","embeddable":true,"href":"https:\/\/linkxa.es\/linkshop\/wp-json\/wp\/v2\/product_cat?post=237477"},{"taxonomy":"product_tag","embeddable":true,"href":"https:\/\/linkxa.es\/linkshop\/wp-json\/wp\/v2\/product_tag?post=237477"}],"curies":[{"name":"wp","href":"https:\/\/api.w.org\/{rel}","templated":true}]}}